{"id":2994,"date":"2025-11-11T10:58:03","date_gmt":"2025-11-11T02:58:03","guid":{"rendered":"http:\/\/aserdiode-ld.com\/?post_type=product&#038;p=2994"},"modified":"2025-11-17T15:14:01","modified_gmt":"2025-11-17T07:14:01","slug":"module-laser-a-diode-pigtail-480-nm-80-mw-105-%c2%b5m-mmf","status":"publish","type":"product","link":"https:\/\/laserdiode-ld.com\/fr\/produit\/module-laser-a-diode-pigtail-480-nm-80-mw-105-%c2%b5m-mmf","title":{"rendered":"480 nm, 80 mW, 105 \u00b5m, MMF, pigtail"},"content":{"rendered":"<p>Wavespectrum Laser est un fabricant de produits laser \u00e0 diode de haute qualit\u00e9 et haute performance. Nous nous engageons \u00e0 d\u00e9velopper, produire et commercialiser des produits laser haute performance. La gamme de longueurs d'onde est large, les produits sont disponibles dans diff\u00e9rents conditionnements, en fibre monomode, multimode et \u00e0 maintien de polarisation. Nous contr\u00f4lons rigoureusement la qualit\u00e9 de nos produits et avons gagn\u00e9 la reconnaissance de clients du monde entier gr\u00e2ce \u00e0 leurs performances exceptionnelles.<\/p>\n<p>Wavespectrum Laser est heureux de proposer un module laser \u00e0 diode pigtail MMF 480 nm 80 mW 105 um, et nous sommes \u00e9galement en mesure de fournir diff\u00e9rentes versions de puissance du module laser \u00e0 diode pigtail MMF 480 nm 105 um afin de r\u00e9pondre aux divers besoins de nos clients. De plus, nous proposons une large s\u00e9lection de produits laser \u00e0 longueur d'onde proche, tels que : 375 nm, 395 nm, 400 nm, 420 nm, 435 nm, 445 nm, 465 nm, 488 nm, 505 nm et 520 nm.<\/p>","protected":false},"excerpt":{"rendered":"<p>Wavespectrum Laser est un fabricant de produits laser \u00e0 diode de haute qualit\u00e9 et haute performance. Nous nous engageons \u00e0 d\u00e9velopper, produire et commercialiser des produits laser haute performance. La gamme de longueurs d'onde est large, les produits sont disponibles dans diff\u00e9rents conditionnements, en fibre monomode, multimode et \u00e0 maintien de polarisation. Nous contr\u00f4lons rigoureusement la qualit\u00e9 de nos produits et avons gagn\u00e9 la reconnaissance de clients du monde entier gr\u00e2ce \u00e0 leurs performances exceptionnelles.<\/p>\n<p>Wavespectrum Laser est heureux de proposer un module laser \u00e0 diode pigtail MMF 480 nm 80 mW 105 um, et nous sommes \u00e9galement en mesure de fournir diff\u00e9rentes versions de puissance du module laser \u00e0 diode pigtail MMF 480 nm 105 um afin de r\u00e9pondre aux divers besoins de nos clients. De plus, nous proposons une large s\u00e9lection de produits laser \u00e0 longueur d'onde proche, tels que : 375 nm, 395 nm, 400 nm, 420 nm, 435 nm, 445 nm, 465 nm, 488 nm, 505 nm et 520 nm.<\/p>","protected":false},"featured_media":2858,"comment_status":"open","ping_status":"closed","template":"","meta":{"themepark_post_bcolor":"#f5f5f5","themepark_post_width":"1022px","themepark_post_img":"","themepark_post_img_po":"left","themepark_post_img_re":false,"themepark_post_img_cover":false,"themepark_post_img_fixed":false,"themepark_post_hide_title":false,"themepark_post_main_b":"","themepark_post_main_p":100,"themepark_paddingblock":false,"_wpscp_schedule_draft_date":"","_wpscp_schedule_republish_date":"","_wpscppro_advance_schedule":false,"_wpscppro_advance_schedule_date":"","_wpscppro_dont_share_socialmedia":false,"_wpscppro_custom_social_share_image":0,"_facebook_share_type":"","_twitter_share_type":"","_linkedin_share_type":"","_pinterest_share_type":"","_linkedin_share_type_page":"","_instagram_share_type":"","_medium_share_type":"","_threads_share_type":"","_google_business_share_type":"","_selected_social_profile":[],"_wpsp_enable_custom_social_template":false,"_wpsp_social_scheduling":{"enabled":false,"datetime":null,"platforms":[],"status":"template_only","dateOption":"today","timeOption":"now","customDays":"","customHours":"","customDate":"","customTime":"","schedulingType":"absolute"},"_wpsp_active_default_template":true},"product_brand":[],"product_cat":[42,149],"product_tag":[],"class_list":{"0":"post-2994","1":"product","2":"type-product","3":"status-publish","4":"has-post-thumbnail","6":"product_cat-multi-mode-fiber-coupled-laser-module","7":"product_cat-480nm-multi-mode-fiber-coupled-laser-module","9":"first","10":"instock","11":"shipping-taxable","12":"product-type-simple"},"aioseo_notices":[],"_links":{"self":[{"href":"https:\/\/laserdiode-ld.com\/fr\/wp-json\/wp\/v2\/product\/2994","targetHints":{"allow":["GET"]}}],"collection":[{"href":"https:\/\/laserdiode-ld.com\/fr\/wp-json\/wp\/v2\/product"}],"about":[{"href":"https:\/\/laserdiode-ld.com\/fr\/wp-json\/wp\/v2\/types\/product"}],"replies":[{"embeddable":true,"href":"https:\/\/laserdiode-ld.com\/fr\/wp-json\/wp\/v2\/comments?post=2994"}],"wp:featuredmedia":[{"embeddable":true,"href":"https:\/\/laserdiode-ld.com\/fr\/wp-json\/wp\/v2\/media\/2858"}],"wp:attachment":[{"href":"https:\/\/laserdiode-ld.com\/fr\/wp-json\/wp\/v2\/media?parent=2994"}],"wp:term":[{"taxonomy":"product_brand","embeddable":true,"href":"https:\/\/laserdiode-ld.com\/fr\/wp-json\/wp\/v2\/product_brand?post=2994"},{"taxonomy":"product_cat","embeddable":true,"href":"https:\/\/laserdiode-ld.com\/fr\/wp-json\/wp\/v2\/product_cat?post=2994"},{"taxonomy":"product_tag","embeddable":true,"href":"https:\/\/laserdiode-ld.com\/fr\/wp-json\/wp\/v2\/product_tag?post=2994"}],"curies":[{"name":"wp","href":"https:\/\/api.w.org\/{rel}","templated":true}]}}