{"id":2988,"date":"2025-11-11T10:48:13","date_gmt":"2025-11-11T02:48:13","guid":{"rendered":"http:\/\/aserdiode-ld.com\/?post_type=product&#038;p=2988"},"modified":"2025-11-17T15:13:28","modified_gmt":"2025-11-17T07:13:28","slug":"module-de-diode-laser-bleu-couple-a-fibre-optique-465-nm-7-w-200-%c2%b5m","status":"publish","type":"product","link":"https:\/\/laserdiode-ld.com\/fr\/produit\/module-de-diode-laser-bleu-couple-a-fibre-optique-465-nm-7-w-200-%c2%b5m","title":{"rendered":"465 nm 7 W 200 \u00b5m Bleu"},"content":{"rendered":"<p>Wavespectrum Laser est un fabricant de produits laser \u00e0 diode de haute qualit\u00e9 et haute performance. Nous nous engageons \u00e0 d\u00e9velopper, produire et commercialiser des produits laser haute performance. La gamme de longueurs d'onde est large, les produits sont disponibles dans diff\u00e9rents conditionnements, en fibre monomode, multimode et \u00e0 maintien de polarisation. Nous contr\u00f4lons rigoureusement la qualit\u00e9 de nos produits et avons gagn\u00e9 la reconnaissance de clients du monde entier gr\u00e2ce \u00e0 leurs performances exceptionnelles.<\/p>\n<p>Wavespectrum Laser est fier de proposer le module de diode laser bleu coupl\u00e9 \u00e0 fibre optique 465 nm 7 W 200 \u00b5m. De plus, nous sommes en mesure de fournir des variantes de puissance personnalis\u00e9es du module de diode laser bleu coupl\u00e9 \u00e0 fibre optique 465 nm 200 \u00b5m selon les exigences du client. Nous proposons \u00e9galement une large gamme de produits laser \u00e0 longueur d'onde proche, notamment des lasers 375 nm, 395 nm, 400 nm, 420 nm, 435 nm, 455 nm, 465 nm, 488 nm, 495 nm et 505 nm.<\/p>","protected":false},"excerpt":{"rendered":"<p>Le module de diode laser bleu coupl\u00e9 \u00e0 une fibre de 465 nm, 7 W et 200 \u00b5m est un produit laser \u00e0 semi-conducteur haute puissance. La thermistance, la photodiode et le faisceau de vis\u00e9e rouge sont en option. Le c\u0153ur de la fibre du module laser est de 200 \u00b5m et l'ouverture num\u00e9rique de la fibre est de 0,22. Les connecteurs de fibre SMA905, FC, ST et SC sont en option. Ce module \u00e0 diode laser bleu coupl\u00e9 \u00e0 une fibre de 465 nm, 7 W et 200 \u00b5m offre des performances \u00e9lev\u00e9es et une longue dur\u00e9e de vie, et est appr\u00e9ci\u00e9 par de nombreux utilisateurs industriels et scientifiques. Ce module laser est largement utilis\u00e9 dans les domaines de l'affichage laser, de la projection laser, de la recherche scientifique, des traitements m\u00e9dicaux, de la d\u00e9tection biologique et autres. Si le client le souhaite, nous pouvons \u00e9galement lui proposer des modules laser en version d\u00e9tachable \u00e0 fibre. Wavespectrum Laser peut \u00e9galement personnaliser d'autres versions de puissance du module de diode laser bleu coupl\u00e9 \u00e0 une fibre optique de 465 nm et 200 \u00b5m selon les besoins du client.<\/p>","protected":false},"featured_media":2858,"comment_status":"open","ping_status":"closed","template":"","meta":{"themepark_post_bcolor":"#f5f5f5","themepark_post_width":"1022px","themepark_post_img":"","themepark_post_img_po":"left","themepark_post_img_re":false,"themepark_post_img_cover":false,"themepark_post_img_fixed":false,"themepark_post_hide_title":false,"themepark_post_main_b":"","themepark_post_main_p":100,"themepark_paddingblock":false,"_wpscp_schedule_draft_date":"","_wpscp_schedule_republish_date":"","_wpscppro_advance_schedule":false,"_wpscppro_advance_schedule_date":"","_wpscppro_dont_share_socialmedia":false,"_wpscppro_custom_social_share_image":0,"_facebook_share_type":"","_twitter_share_type":"","_linkedin_share_type":"","_pinterest_share_type":"","_linkedin_share_type_page":"","_instagram_share_type":"","_medium_share_type":"","_threads_share_type":"","_google_business_share_type":"","_selected_social_profile":[],"_wpsp_enable_custom_social_template":false,"_wpsp_social_scheduling":{"enabled":false,"datetime":null,"platforms":[],"status":"template_only","dateOption":"today","timeOption":"now","customDays":"","customHours":"","customDate":"","customTime":"","schedulingType":"absolute"},"_wpsp_active_default_template":true},"product_brand":[],"product_cat":[42,148],"product_tag":[],"class_list":{"0":"post-2988","1":"product","2":"type-product","3":"status-publish","4":"has-post-thumbnail","6":"product_cat-multi-mode-fiber-coupled-laser-module","7":"product_cat-465nm-multi-mode-fiber-coupled-laser-module","9":"first","10":"instock","11":"shipping-taxable","12":"product-type-simple"},"aioseo_notices":[],"_links":{"self":[{"href":"https:\/\/laserdiode-ld.com\/fr\/wp-json\/wp\/v2\/product\/2988","targetHints":{"allow":["GET"]}}],"collection":[{"href":"https:\/\/laserdiode-ld.com\/fr\/wp-json\/wp\/v2\/product"}],"about":[{"href":"https:\/\/laserdiode-ld.com\/fr\/wp-json\/wp\/v2\/types\/product"}],"replies":[{"embeddable":true,"href":"https:\/\/laserdiode-ld.com\/fr\/wp-json\/wp\/v2\/comments?post=2988"}],"wp:featuredmedia":[{"embeddable":true,"href":"https:\/\/laserdiode-ld.com\/fr\/wp-json\/wp\/v2\/media\/2858"}],"wp:attachment":[{"href":"https:\/\/laserdiode-ld.com\/fr\/wp-json\/wp\/v2\/media?parent=2988"}],"wp:term":[{"taxonomy":"product_brand","embeddable":true,"href":"https:\/\/laserdiode-ld.com\/fr\/wp-json\/wp\/v2\/product_brand?post=2988"},{"taxonomy":"product_cat","embeddable":true,"href":"https:\/\/laserdiode-ld.com\/fr\/wp-json\/wp\/v2\/product_cat?post=2988"},{"taxonomy":"product_tag","embeddable":true,"href":"https:\/\/laserdiode-ld.com\/fr\/wp-json\/wp\/v2\/product_tag?post=2988"}],"curies":[{"name":"wp","href":"https:\/\/api.w.org\/{rel}","templated":true}]}}