{"id":2973,"date":"2025-11-10T16:17:52","date_gmt":"2025-11-10T08:17:52","guid":{"rendered":"http:\/\/aserdiode-ld.com\/?post_type=product&#038;p=2973"},"modified":"2025-11-17T15:12:21","modified_gmt":"2025-11-17T07:12:21","slug":"module-laser-a-diode-bleue-haute-puissance-a-fibre-optique-pigtailee-445-nm-20-w-400-%c2%b5m","status":"publish","type":"product","link":"https:\/\/laserdiode-ld.com\/fr\/produit\/module-laser-a-diode-bleue-haute-puissance-a-fibre-optique-pigtailee-445-nm-20-w-400-%c2%b5m","title":{"rendered":"445 nm, 20 W, 400 \u00b5m, fibre optique haute puissance \u00e0 queue de cochon bleue"},"content":{"rendered":"<p>Wavespectrum Laser est un fabricant de produits laser \u00e0 diode de haute qualit\u00e9 et haute performance. Nous nous engageons \u00e0 d\u00e9velopper, produire et commercialiser des produits laser haute performance. La gamme de longueurs d'onde est large, les produits sont disponibles dans diff\u00e9rents conditionnements, en fibre monomode, multimode et \u00e0 maintien de polarisation. Nous contr\u00f4lons rigoureusement la qualit\u00e9 de nos produits et avons gagn\u00e9 la reconnaissance de clients du monde entier gr\u00e2ce \u00e0 leurs performances exceptionnelles.<\/p>\n<p>Wavespectrum Laser est ravi de pr\u00e9senter son module laser \u00e0 diode bleue haute puissance 445 nm 20 W 400 \u00b5m avec fibre optique. Nous sommes \u00e9galement pr\u00eats \u00e0 fournir diff\u00e9rentes configurations de puissance pour le module laser \u00e0 diode bleue haute puissance 445 nm 400 \u00b5m avec fibre optique, afin de r\u00e9pondre aux divers besoins de nos clients. De plus, nous proposons une gamme compl\u00e8te de produits laser \u00e0 longueur d'onde proche, qui comprend des options laser de 400 nm, 455 nm, 480 nm, 488 nm, 495 nm, 505 nm, 520 nm, 635 nm, 660 nm et 670 nm.<\/p>","protected":false},"excerpt":{"rendered":"<p>Le module laser \u00e0 diode bleue haute puissance \u00e0 fibre optique de 445 nm, 20 W et 400 \u00b5m peut int\u00e9grer une thermistance, une photodiode et un faisceau de vis\u00e9e rouge. Il offre diverses options de connecteurs \u00e0 fibre optique, telles que SMA905, FC, ST et SC. Ce module laser g\u00e9n\u00e8re beaucoup de chaleur pendant son fonctionnement. Nous recommandons \u00e0 nos clients d'utiliser un refroidissement par eau ou un refroidisseur TE pour contr\u00f4ler la temp\u00e9rature de fonctionnement du laser. La temp\u00e9rature de fonctionnement recommand\u00e9e est d'environ 25 \u00b0C. Ce module laser \u00e0 diode bleue haute puissance de 445 nm, 20 W et 400 \u00b5m avec fibre optique est tr\u00e8s appr\u00e9ci\u00e9 pour ses performances et sa durabilit\u00e9 sup\u00e9rieures, ce qui en fait une option privil\u00e9gi\u00e9e pour diverses applications industrielles et scientifiques. Son utilit\u00e9 s'\u00e9tend \u00e0 divers secteurs, notamment les affichages laser, les projections laser, la recherche scientifique, les traitements m\u00e9dicaux et la d\u00e9tection biologique. De plus, afin de r\u00e9pondre \u00e0 des exigences sp\u00e9cifiques, nous proposons \u00e9galement en option une fibre d\u00e9tachable. Wavespectrum Laser est sp\u00e9cialis\u00e9 dans l'offre de solutions personnalis\u00e9es pour les modules laser \u00e0 diode bleue haute puissance \u00e0 fibre pigtail de 445 nm et 400 um, garantissant ainsi que les exigences sp\u00e9cifiques de chaque client sont minutieusement prises en compte.<\/p>","protected":false},"featured_media":2858,"comment_status":"open","ping_status":"closed","template":"","meta":{"themepark_post_bcolor":"#f5f5f5","themepark_post_width":"1022px","themepark_post_img":"","themepark_post_img_po":"left","themepark_post_img_re":false,"themepark_post_img_cover":false,"themepark_post_img_fixed":false,"themepark_post_hide_title":false,"themepark_post_main_b":"","themepark_post_main_p":100,"themepark_paddingblock":false,"_wpscp_schedule_draft_date":"","_wpscp_schedule_republish_date":"","_wpscppro_advance_schedule":false,"_wpscppro_advance_schedule_date":"","_wpscppro_dont_share_socialmedia":false,"_wpscppro_custom_social_share_image":0,"_facebook_share_type":"","_twitter_share_type":"","_linkedin_share_type":"","_pinterest_share_type":"","_linkedin_share_type_page":"","_instagram_share_type":"","_medium_share_type":"","_threads_share_type":"","_google_business_share_type":"","_selected_social_profile":[],"_wpsp_enable_custom_social_template":false,"_wpsp_social_scheduling":{"enabled":false,"datetime":null,"platforms":[],"status":"template_only","dateOption":"today","timeOption":"now","customDays":"","customHours":"","customDate":"","customTime":"","schedulingType":"absolute"},"_wpsp_active_default_template":true},"product_brand":[],"product_cat":[42,146],"product_tag":[],"class_list":{"0":"post-2973","1":"product","2":"type-product","3":"status-publish","4":"has-post-thumbnail","6":"product_cat-multi-mode-fiber-coupled-laser-module","7":"product_cat-445nm-multi-mode-fiber-coupled-laser-module","9":"first","10":"instock","11":"shipping-taxable","12":"product-type-simple"},"aioseo_notices":[],"_links":{"self":[{"href":"https:\/\/laserdiode-ld.com\/fr\/wp-json\/wp\/v2\/product\/2973","targetHints":{"allow":["GET"]}}],"collection":[{"href":"https:\/\/laserdiode-ld.com\/fr\/wp-json\/wp\/v2\/product"}],"about":[{"href":"https:\/\/laserdiode-ld.com\/fr\/wp-json\/wp\/v2\/types\/product"}],"replies":[{"embeddable":true,"href":"https:\/\/laserdiode-ld.com\/fr\/wp-json\/wp\/v2\/comments?post=2973"}],"wp:featuredmedia":[{"embeddable":true,"href":"https:\/\/laserdiode-ld.com\/fr\/wp-json\/wp\/v2\/media\/2858"}],"wp:attachment":[{"href":"https:\/\/laserdiode-ld.com\/fr\/wp-json\/wp\/v2\/media?parent=2973"}],"wp:term":[{"taxonomy":"product_brand","embeddable":true,"href":"https:\/\/laserdiode-ld.com\/fr\/wp-json\/wp\/v2\/product_brand?post=2973"},{"taxonomy":"product_cat","embeddable":true,"href":"https:\/\/laserdiode-ld.com\/fr\/wp-json\/wp\/v2\/product_cat?post=2973"},{"taxonomy":"product_tag","embeddable":true,"href":"https:\/\/laserdiode-ld.com\/fr\/wp-json\/wp\/v2\/product_tag?post=2973"}],"curies":[{"name":"wp","href":"https:\/\/api.w.org\/{rel}","templated":true}]}}