{"id":2770,"date":"2025-11-07T14:32:52","date_gmt":"2025-11-07T06:32:52","guid":{"rendered":"http:\/\/aserdiode-ld.com\/?post_type=product&#038;p=2770"},"modified":"2025-11-17T14:55:52","modified_gmt":"2025-11-17T06:55:52","slug":"module-de-diode-laser-couple-a-fibre-optique-sm-880-nm-2-mw-9-%c2%b5m","status":"publish","type":"product","link":"https:\/\/laserdiode-ld.com\/fr\/produit\/module-de-diode-laser-couple-a-fibre-optique-sm-880-nm-2-mw-9-%c2%b5m","title":{"rendered":"880 nm 2 mW 9 \u00b5m"},"content":{"rendered":"<p>Wavespectrum Laser est un fabricant de produits laser \u00e0 diode de haute qualit\u00e9 et haute performance. Nous nous engageons \u00e0 d\u00e9velopper, produire et commercialiser des produits laser haute performance. La gamme de longueurs d'onde est large, les produits sont disponibles dans diff\u00e9rents conditionnements, en fibre monomode, multimode et \u00e0 maintien de polarisation. Nous contr\u00f4lons rigoureusement la qualit\u00e9 de nos produits et avons gagn\u00e9 la reconnaissance de clients du monde entier gr\u00e2ce \u00e0 leurs performances exceptionnelles.<br \/>\nWavespectrum Laser propose un module de diode laser coupl\u00e9 \u00e0 fibre SM de 880 nm, 2 mW et 9 um. Ce module laser de 880 nm est largement utilis\u00e9 dans de nombreux domaines, tels que : laser \u00e0 fibre, laser m\u00e9dical, impression laser, d\u00e9coupe laser, d\u00e9tection, affichage, communication et surveillance biologique, etc. Pour les produits laser \u00e0 longueur d'onde proche, nous pouvons \u00e9galement proposer \u00e0 nos clients des produits laser 850 nm, 860 nm, 940 nm, 980 nm et 1060 nm.<\/p>","protected":false},"excerpt":{"rendered":"<p>Le module de diode laser coupl\u00e9 \u00e0 fibre SM 880 nm 2 mW 9 um est \u00e9quip\u00e9 d'une fibre SMF-28, pr\u00e9sente une conception coaxiale, est compact et la photodiode et le refroidisseur TE sont en option. Ce module \u00e0 diode laser coupl\u00e9 \u00e0 une fibre SM de 880 nm, 2 mW et 9 um offre des performances \u00e9lev\u00e9es et une longue dur\u00e9e de vie. Nous pouvons \u00e9galement proposer \u00e0 nos clients des modules laser avec bo\u00eetier de la s\u00e9rie B8. Le module laser avec bo\u00eetier de la s\u00e9rie B8 est \u00e9quip\u00e9 d'un petit dissipateur thermique, ce qui facilite la fixation et le refroidissement du module laser pour les clients.<br \/>\nLe module \u00e0 diode laser coupl\u00e9 \u00e0 fibre SM 880 nm 9 um peut obtenir une puissance de sortie sup\u00e9rieure \u00e0 celle du module laser avec fibre monomode 5 um. Ce produit laser convient aux clients qui ont besoin d'une puissance plus \u00e9lev\u00e9e et qui n'ont pas d'exigences strictes en mati\u00e8re de qualit\u00e9 du faisceau.<\/p>","protected":false},"featured_media":1917,"comment_status":"open","ping_status":"closed","template":"","meta":{"themepark_post_bcolor":"#f5f5f5","themepark_post_width":"1022px","themepark_post_img":"","themepark_post_img_po":"left","themepark_post_img_re":false,"themepark_post_img_cover":false,"themepark_post_img_fixed":false,"themepark_post_hide_title":false,"themepark_post_main_b":"","themepark_post_main_p":100,"themepark_paddingblock":false,"_wpscp_schedule_draft_date":"","_wpscp_schedule_republish_date":"","_wpscppro_advance_schedule":false,"_wpscppro_advance_schedule_date":"","_wpscppro_dont_share_socialmedia":false,"_wpscppro_custom_social_share_image":0,"_facebook_share_type":"","_twitter_share_type":"","_linkedin_share_type":"","_pinterest_share_type":"","_linkedin_share_type_page":"","_instagram_share_type":"","_medium_share_type":"","_threads_share_type":"","_google_business_share_type":"","_selected_social_profile":[],"_wpsp_enable_custom_social_template":false,"_wpsp_social_scheduling":{"enabled":false,"datetime":null,"platforms":[],"status":"template_only","dateOption":"today","timeOption":"now","customDays":"","customHours":"","customDate":"","customTime":"","schedulingType":"absolute"},"_wpsp_active_default_template":true},"product_brand":[],"product_cat":[112,35],"product_tag":[],"class_list":{"0":"post-2770","1":"product","2":"type-product","3":"status-publish","4":"has-post-thumbnail","6":"product_cat-880nm-single-mode-fiber-coupled-laser-module","7":"product_cat-single-mode-fiber-coupled-laser-module","9":"first","10":"instock","11":"shipping-taxable","12":"product-type-simple"},"aioseo_notices":[],"_links":{"self":[{"href":"https:\/\/laserdiode-ld.com\/fr\/wp-json\/wp\/v2\/product\/2770","targetHints":{"allow":["GET"]}}],"collection":[{"href":"https:\/\/laserdiode-ld.com\/fr\/wp-json\/wp\/v2\/product"}],"about":[{"href":"https:\/\/laserdiode-ld.com\/fr\/wp-json\/wp\/v2\/types\/product"}],"replies":[{"embeddable":true,"href":"https:\/\/laserdiode-ld.com\/fr\/wp-json\/wp\/v2\/comments?post=2770"}],"wp:featuredmedia":[{"embeddable":true,"href":"https:\/\/laserdiode-ld.com\/fr\/wp-json\/wp\/v2\/media\/1917"}],"wp:attachment":[{"href":"https:\/\/laserdiode-ld.com\/fr\/wp-json\/wp\/v2\/media?parent=2770"}],"wp:term":[{"taxonomy":"product_brand","embeddable":true,"href":"https:\/\/laserdiode-ld.com\/fr\/wp-json\/wp\/v2\/product_brand?post=2770"},{"taxonomy":"product_cat","embeddable":true,"href":"https:\/\/laserdiode-ld.com\/fr\/wp-json\/wp\/v2\/product_cat?post=2770"},{"taxonomy":"product_tag","embeddable":true,"href":"https:\/\/laserdiode-ld.com\/fr\/wp-json\/wp\/v2\/product_tag?post=2770"}],"curies":[{"name":"wp","href":"https:\/\/api.w.org\/{rel}","templated":true}]}}