{"id":2731,"date":"2025-11-06T17:23:53","date_gmt":"2025-11-06T09:23:53","guid":{"rendered":"http:\/\/aserdiode-ld.com\/?post_type=product&#038;p=2731"},"modified":"2025-11-17T14:53:21","modified_gmt":"2025-11-17T06:53:21","slug":"diode-laser-a-pigtail-a-maintien-de-polarisation-830-nm-80-mw","status":"publish","type":"product","link":"https:\/\/laserdiode-ld.com\/fr\/produit\/diode-laser-a-pigtail-a-maintien-de-polarisation-830-nm-80-mw","title":{"rendered":"830 nm 80 mW \u00e0 polarisation maintenue avec pigtail"},"content":{"rendered":"<p>Wavespectrum Laser est un fabricant de produits laser \u00e0 diode de haute qualit\u00e9 et haute performance. Nous nous engageons \u00e0 d\u00e9velopper, produire et commercialiser des produits laser haute performance. La gamme de longueurs d'onde est large, les produits sont disponibles dans diff\u00e9rents conditionnements, en fibre monomode, multimode et \u00e0 maintien de polarisation. Nous contr\u00f4lons rigoureusement la qualit\u00e9 de nos produits et avons gagn\u00e9 la reconnaissance de clients du monde entier gr\u00e2ce \u00e0 leurs performances exceptionnelles.<br \/>\nWavespectrum Laser excelle dans la fourniture de diodes laser coupl\u00e9es \u00e0 fibre PMF 830 nm 50 mW. Nous r\u00e9pondons \u00e9galement \u00e0 des demandes vari\u00e9es en proposant une s\u00e9lection de configurations de puissance pour la diode laser coupl\u00e9e \u00e0 fibre PMF 830 nm. De plus, nous proposons des modules laser avec des valeurs PER \u00e9lev\u00e9es, destin\u00e9s aux clients qui exigent des performances sup\u00e9rieures. En plus de nos offres existantes, nous sommes heureux de vous informer que nous fournissons d\u00e9sormais une s\u00e9lection compl\u00e8te de produits laser \u00e0 longueur d'onde proche, couvrant les longueurs d'onde de 830 nm, 850 nm, 905 nm, 980 nm et 1064 nm, afin de r\u00e9pondre aux divers besoins de notre client\u00e8le.<\/p>","protected":false},"excerpt":{"rendered":"<p>La diode laser \u00e0 pigtail \u00e0 maintien de polarisation 830 nm 80 mW est \u00e9quip\u00e9e d'une fibre \u00e0 maintien de polarisation de 4 \u00b5m et pr\u00e9sente un rapport d'extinction de polarisation (PER) sup\u00e9rieur \u00e0 13 dB. Une version plus avanc\u00e9e avec une valeur PER plus \u00e9lev\u00e9e est disponible sur demande. Ce module laser PM est con\u00e7u pour \u00e9mettre un faisceau gaussien et est conditionn\u00e9 dans un bo\u00eetier coaxial pour une forme \u00e9l\u00e9gante et compacte. Il est \u00e9quip\u00e9 d'une photodiode et un refroidisseur thermo\u00e9lectrique (TE Cooler) est disponible en option. La diode laser \u00e0 queue de cochon \u00e0 maintien de polarisation 830 nm 80 mW est con\u00e7ue pour offrir des performances exceptionnelles et une dur\u00e9e de vie prolong\u00e9e. De plus, nous fournissons les modules laser de la s\u00e9rie B8, \u00e9quip\u00e9s d'un dissipateur thermique miniature con\u00e7u pour faciliter l'installation et le refroidissement du module laser, am\u00e9liorant ainsi le confort de l'utilisateur.<br \/>\nWavespectrum Laser est en mesure de fournir des diodes laser pigtail \u00e0 polarisation maintenue de 830 nm personnalis\u00e9es afin de r\u00e9pondre aux besoins sp\u00e9cifiques de nos clients en mati\u00e8re de puissance.<\/p>","protected":false},"featured_media":1917,"comment_status":"open","ping_status":"closed","template":"","meta":{"themepark_post_bcolor":"#f5f5f5","themepark_post_width":"1022px","themepark_post_img":"","themepark_post_img_po":"left","themepark_post_img_re":false,"themepark_post_img_cover":false,"themepark_post_img_fixed":false,"themepark_post_hide_title":false,"themepark_post_main_b":"","themepark_post_main_p":100,"themepark_paddingblock":false,"_wpscp_schedule_draft_date":"","_wpscp_schedule_republish_date":"","_wpscppro_advance_schedule":false,"_wpscppro_advance_schedule_date":"","_wpscppro_dont_share_socialmedia":false,"_wpscppro_custom_social_share_image":0,"_facebook_share_type":"","_twitter_share_type":"","_linkedin_share_type":"","_pinterest_share_type":"","_linkedin_share_type_page":"","_instagram_share_type":"","_medium_share_type":"","_threads_share_type":"","_google_business_share_type":"","_selected_social_profile":[],"_wpsp_enable_custom_social_template":false,"_wpsp_social_scheduling":{"enabled":false,"datetime":null,"platforms":[],"status":"template_only","dateOption":"today","timeOption":"now","customDays":"","customHours":"","customDate":"","customTime":"","schedulingType":"absolute"},"_wpsp_active_default_template":true},"product_brand":[],"product_cat":[110,35],"product_tag":[],"class_list":{"0":"post-2731","1":"product","2":"type-product","3":"status-publish","4":"has-post-thumbnail","6":"product_cat-830nm-single-mode-fiber-coupled-laser-module","7":"product_cat-single-mode-fiber-coupled-laser-module","9":"first","10":"instock","11":"shipping-taxable","12":"product-type-simple"},"aioseo_notices":[],"_links":{"self":[{"href":"https:\/\/laserdiode-ld.com\/fr\/wp-json\/wp\/v2\/product\/2731","targetHints":{"allow":["GET"]}}],"collection":[{"href":"https:\/\/laserdiode-ld.com\/fr\/wp-json\/wp\/v2\/product"}],"about":[{"href":"https:\/\/laserdiode-ld.com\/fr\/wp-json\/wp\/v2\/types\/product"}],"replies":[{"embeddable":true,"href":"https:\/\/laserdiode-ld.com\/fr\/wp-json\/wp\/v2\/comments?post=2731"}],"wp:featuredmedia":[{"embeddable":true,"href":"https:\/\/laserdiode-ld.com\/fr\/wp-json\/wp\/v2\/media\/1917"}],"wp:attachment":[{"href":"https:\/\/laserdiode-ld.com\/fr\/wp-json\/wp\/v2\/media?parent=2731"}],"wp:term":[{"taxonomy":"product_brand","embeddable":true,"href":"https:\/\/laserdiode-ld.com\/fr\/wp-json\/wp\/v2\/product_brand?post=2731"},{"taxonomy":"product_cat","embeddable":true,"href":"https:\/\/laserdiode-ld.com\/fr\/wp-json\/wp\/v2\/product_cat?post=2731"},{"taxonomy":"product_tag","embeddable":true,"href":"https:\/\/laserdiode-ld.com\/fr\/wp-json\/wp\/v2\/product_tag?post=2731"}],"curies":[{"name":"wp","href":"https:\/\/api.w.org\/{rel}","templated":true}]}}