{"id":2711,"date":"2025-11-06T16:18:35","date_gmt":"2025-11-06T08:18:35","guid":{"rendered":"http:\/\/aserdiode-ld.com\/?post_type=product&#038;p=2711"},"modified":"2025-11-17T14:52:36","modified_gmt":"2025-11-17T06:52:36","slug":"module-laser-a-diode-monomode-a-pigtail-de-830-nm-et-10-mw","status":"publish","type":"product","link":"https:\/\/laserdiode-ld.com\/fr\/produit\/module-laser-a-diode-monomode-a-pigtail-de-830-nm-et-10-mw","title":{"rendered":"830 nm 10 mW \u00e0 queue de cochon"},"content":{"rendered":"<p>Wavespectrum Laser est un fabricant de produits laser \u00e0 diode de haute qualit\u00e9 et haute performance. Nous nous engageons \u00e0 d\u00e9velopper, produire et commercialiser des produits laser haute performance. La gamme de longueurs d'onde est large, les produits sont disponibles dans diff\u00e9rents conditionnements, en fibre monomode, multimode et \u00e0 maintien de polarisation. Nous contr\u00f4lons rigoureusement la qualit\u00e9 de nos produits et avons gagn\u00e9 la reconnaissance de clients du monde entier gr\u00e2ce \u00e0 leurs performances exceptionnelles.<br \/>\nWavespectrum Laser est heureux de proposer des modules laser \u00e0 diode monomode \u00e0 pigtail de 830 nm et 10 mW. Nous sommes \u00e9galement en mesure de fournir diff\u00e9rentes versions de puissance de modules laser \u00e0 diode monomode \u00e0 pigtail de 830 nm afin de r\u00e9pondre aux divers besoins de nos clients. De plus, nous proposons une large s\u00e9lection de produits laser \u00e0 longueur d'onde proche, tels que : des produits laser 820 nm, 850 nm, 860 nm, 905 nm, 980 nm et 1064 nm.<\/p>","protected":false},"excerpt":{"rendered":"<p>Le module laser \u00e0 diode monomode \u00e0 pigtail de 830 nm et 10 mW est con\u00e7u avec une fibre monomode de 4 \u00b5m, garantissant la g\u00e9n\u00e9ration d'un faisceau gaussien. Log\u00e9 dans un bo\u00eetier coaxial, il se caract\u00e9rise par un format compact, une photodiode int\u00e9gr\u00e9e (PD) et la possibilit\u00e9 d'ajouter un refroidisseur thermo\u00e9lectrique (TE Cooler).<br \/>\nCe module laser \u00e0 diode monomode \u00e0 pigtail de 830 nm et 10 mW offre des performances sup\u00e9rieures et une longue dur\u00e9e de vie. De plus, nous proposons une variante de bo\u00eetier de la s\u00e9rie B8, \u00e9quip\u00e9e d'un dissipateur thermique compact, qui facilite la fixation du module et la gestion thermique pour nos clients.<br \/>\nWavespectrum Laser propose des services de personnalisation sur mesure pour les modules laser \u00e0 diode pigtail monomode 830 nm, afin de r\u00e9pondre aux exigences sp\u00e9cifiques de chaque client.<\/p>","protected":false},"featured_media":1917,"comment_status":"open","ping_status":"closed","template":"","meta":{"themepark_post_bcolor":"#f5f5f5","themepark_post_width":"1022px","themepark_post_img":"","themepark_post_img_po":"left","themepark_post_img_re":false,"themepark_post_img_cover":false,"themepark_post_img_fixed":false,"themepark_post_hide_title":false,"themepark_post_main_b":"","themepark_post_main_p":100,"themepark_paddingblock":false,"_wpscp_schedule_draft_date":"","_wpscp_schedule_republish_date":"","_wpscppro_advance_schedule":false,"_wpscppro_advance_schedule_date":"","_wpscppro_dont_share_socialmedia":false,"_wpscppro_custom_social_share_image":0,"_facebook_share_type":"","_twitter_share_type":"","_linkedin_share_type":"","_pinterest_share_type":"","_linkedin_share_type_page":"","_instagram_share_type":"","_medium_share_type":"","_threads_share_type":"","_google_business_share_type":"","_selected_social_profile":[],"_wpsp_enable_custom_social_template":false,"_wpsp_social_scheduling":{"enabled":false,"datetime":null,"platforms":[],"status":"template_only","dateOption":"today","timeOption":"now","customDays":"","customHours":"","customDate":"","customTime":"","schedulingType":"absolute"},"_wpsp_active_default_template":true},"product_brand":[],"product_cat":[110,35],"product_tag":[],"class_list":{"0":"post-2711","1":"product","2":"type-product","3":"status-publish","4":"has-post-thumbnail","6":"product_cat-830nm-single-mode-fiber-coupled-laser-module","7":"product_cat-single-mode-fiber-coupled-laser-module","9":"first","10":"instock","11":"shipping-taxable","12":"product-type-simple"},"aioseo_notices":[],"_links":{"self":[{"href":"https:\/\/laserdiode-ld.com\/fr\/wp-json\/wp\/v2\/product\/2711","targetHints":{"allow":["GET"]}}],"collection":[{"href":"https:\/\/laserdiode-ld.com\/fr\/wp-json\/wp\/v2\/product"}],"about":[{"href":"https:\/\/laserdiode-ld.com\/fr\/wp-json\/wp\/v2\/types\/product"}],"replies":[{"embeddable":true,"href":"https:\/\/laserdiode-ld.com\/fr\/wp-json\/wp\/v2\/comments?post=2711"}],"wp:featuredmedia":[{"embeddable":true,"href":"https:\/\/laserdiode-ld.com\/fr\/wp-json\/wp\/v2\/media\/1917"}],"wp:attachment":[{"href":"https:\/\/laserdiode-ld.com\/fr\/wp-json\/wp\/v2\/media?parent=2711"}],"wp:term":[{"taxonomy":"product_brand","embeddable":true,"href":"https:\/\/laserdiode-ld.com\/fr\/wp-json\/wp\/v2\/product_brand?post=2711"},{"taxonomy":"product_cat","embeddable":true,"href":"https:\/\/laserdiode-ld.com\/fr\/wp-json\/wp\/v2\/product_cat?post=2711"},{"taxonomy":"product_tag","embeddable":true,"href":"https:\/\/laserdiode-ld.com\/fr\/wp-json\/wp\/v2\/product_tag?post=2711"}],"curies":[{"name":"wp","href":"https:\/\/api.w.org\/{rel}","templated":true}]}}