{"id":2674,"date":"2025-11-06T11:40:11","date_gmt":"2025-11-06T03:40:11","guid":{"rendered":"http:\/\/aserdiode-ld.com\/?post_type=product&#038;p=2674"},"modified":"2025-11-17T14:30:51","modified_gmt":"2025-11-17T06:30:51","slug":"module-laser-a-diode-couple-a-fibre-monomode-808-nm-10-mw","status":"publish","type":"product","link":"https:\/\/laserdiode-ld.com\/fr\/produit\/module-laser-a-diode-couple-a-fibre-monomode-808-nm-10-mw","title":{"rendered":"808 nm 10 mW"},"content":{"rendered":"<p>Wavespectrum Laser est un fabricant de produits laser \u00e0 diode de haute qualit\u00e9 et haute performance. Nous nous engageons \u00e0 d\u00e9velopper, produire et commercialiser des produits laser haute performance. La gamme de longueurs d'onde est large, les produits sont disponibles dans diff\u00e9rents conditionnements, en fibre monomode, multimode et \u00e0 maintien de polarisation. Nous contr\u00f4lons rigoureusement la qualit\u00e9 de nos produits et avons gagn\u00e9 la reconnaissance de clients du monde entier gr\u00e2ce \u00e0 leurs performances exceptionnelles. Wavespectrum Laser propose des modules de diodes laser coupl\u00e9s \u00e0 fibre monomode de 808 nm et 10 mW, ainsi que des modules de diodes laser coupl\u00e9s \u00e0 fibre monomode de 808 nm de diff\u00e9rentes puissances. Pour les produits laser \u00e0 longueur d'onde proche, nous proposons \u00e9galement des produits laser de 808 nm, 830 nm, 850 nm et 860 nm.<\/p>","protected":false},"excerpt":{"rendered":"<p>Le module laser \u00e0 diode coupl\u00e9 \u00e0 fibre monomode 808 nm 10 mW est \u00e9quip\u00e9 d'une fibre SM 4 um, il peut obtenir un faisceau gaussien, il est dot\u00e9 d'un bo\u00eetier coaxial, la taille du produit est compacte, il int\u00e8gre un PD et le refroidisseur TE est en option. Ce module laser \u00e0 diode coupl\u00e9 \u00e0 une fibre monomode de 808 nm et 10 mW offre des performances \u00e9lev\u00e9es et une longue dur\u00e9e de vie. Nous pouvons \u00e9galement proposer \u00e0 nos clients des modules laser avec bo\u00eetier de la s\u00e9rie B8. Le module laser avec bo\u00eetier de la s\u00e9rie B8 est \u00e9quip\u00e9 d'un petit dissipateur thermique, ce qui facilite la fixation et le refroidissement du module laser pour les clients.<\/p>\n<p>Wavespectrum Laser peut \u00e9galement personnaliser les autres modules de diodes laser coupl\u00e9s \u00e0 fibre monomode 808 nm selon les besoins du client.<\/p>","protected":false},"featured_media":1917,"comment_status":"open","ping_status":"closed","template":"","meta":{"themepark_post_bcolor":"#f5f5f5","themepark_post_width":"1022px","themepark_post_img":"","themepark_post_img_po":"left","themepark_post_img_re":false,"themepark_post_img_cover":false,"themepark_post_img_fixed":false,"themepark_post_hide_title":false,"themepark_post_main_b":"","themepark_post_main_p":100,"themepark_paddingblock":false,"_wpscp_schedule_draft_date":"","_wpscp_schedule_republish_date":"","_wpscppro_advance_schedule":false,"_wpscppro_advance_schedule_date":"","_wpscppro_dont_share_socialmedia":false,"_wpscppro_custom_social_share_image":0,"_facebook_share_type":"","_twitter_share_type":"","_linkedin_share_type":"","_pinterest_share_type":"","_linkedin_share_type_page":"","_instagram_share_type":"","_medium_share_type":"","_threads_share_type":"","_google_business_share_type":"","_selected_social_profile":[],"_wpsp_enable_custom_social_template":false,"_wpsp_social_scheduling":{"enabled":false,"datetime":null,"platforms":[],"status":"template_only","dateOption":"today","timeOption":"now","customDays":"","customHours":"","customDate":"","customTime":"","schedulingType":"absolute"},"_wpsp_active_default_template":true},"product_brand":[],"product_cat":[108,35],"product_tag":[],"class_list":{"0":"post-2674","1":"product","2":"type-product","3":"status-publish","4":"has-post-thumbnail","6":"product_cat-808nm-single-mode-fiber-coupled-laser-module","7":"product_cat-single-mode-fiber-coupled-laser-module","9":"first","10":"instock","11":"shipping-taxable","12":"product-type-simple"},"aioseo_notices":[],"_links":{"self":[{"href":"https:\/\/laserdiode-ld.com\/fr\/wp-json\/wp\/v2\/product\/2674","targetHints":{"allow":["GET"]}}],"collection":[{"href":"https:\/\/laserdiode-ld.com\/fr\/wp-json\/wp\/v2\/product"}],"about":[{"href":"https:\/\/laserdiode-ld.com\/fr\/wp-json\/wp\/v2\/types\/product"}],"replies":[{"embeddable":true,"href":"https:\/\/laserdiode-ld.com\/fr\/wp-json\/wp\/v2\/comments?post=2674"}],"wp:featuredmedia":[{"embeddable":true,"href":"https:\/\/laserdiode-ld.com\/fr\/wp-json\/wp\/v2\/media\/1917"}],"wp:attachment":[{"href":"https:\/\/laserdiode-ld.com\/fr\/wp-json\/wp\/v2\/media?parent=2674"}],"wp:term":[{"taxonomy":"product_brand","embeddable":true,"href":"https:\/\/laserdiode-ld.com\/fr\/wp-json\/wp\/v2\/product_brand?post=2674"},{"taxonomy":"product_cat","embeddable":true,"href":"https:\/\/laserdiode-ld.com\/fr\/wp-json\/wp\/v2\/product_cat?post=2674"},{"taxonomy":"product_tag","embeddable":true,"href":"https:\/\/laserdiode-ld.com\/fr\/wp-json\/wp\/v2\/product_tag?post=2674"}],"curies":[{"name":"wp","href":"https:\/\/api.w.org\/{rel}","templated":true}]}}