{"id":2402,"date":"2025-11-04T10:52:04","date_gmt":"2025-11-04T02:52:04","guid":{"rendered":"http:\/\/aserdiode-ld.com\/?post_type=product&#038;p=2402"},"modified":"2025-11-17T14:23:19","modified_gmt":"2025-11-17T06:23:19","slug":"module-laser-a-diode-pigtail-pmf-670-nm-5-mw","status":"publish","type":"product","link":"https:\/\/laserdiode-ld.com\/fr\/produit\/module-laser-a-diode-pigtail-pmf-670-nm-5-mw","title":{"rendered":"670 nm 50 mW \u00e0 polarisation maintenue avec pigtail"},"content":{"rendered":"<p>Wavespectrum Laser est un fabricant de produits laser \u00e0 diode de haute qualit\u00e9 et haute performance. Nous nous engageons \u00e0 d\u00e9velopper, produire et commercialiser des produits laser haute performance. La gamme de longueurs d'onde est large, les produits sont disponibles dans diff\u00e9rents conditionnements, en fibre monomode, multimode et \u00e0 maintien de polarisation. Nous contr\u00f4lons rigoureusement la qualit\u00e9 de nos produits et avons gagn\u00e9 la reconnaissance de clients du monde entier gr\u00e2ce \u00e0 leurs performances exceptionnelles.<br \/>\nWavespectrum Laser se consacre \u00e0 la fourniture de diodes laser \u00e0 pigtail \u00e0 maintien de polarisation de 670 nm et 50 mW. Nous r\u00e9pondons \u00e9galement \u00e0 un large \u00e9ventail d'exigences en proposant diff\u00e9rentes options de puissance pour la diode laser \u00e0 pigtail \u00e0 maintien de polarisation de 670 nm. De plus, pour les clients \u00e0 la recherche de performances am\u00e9lior\u00e9es, nous proposons des modules laser avec des valeurs PER plus \u00e9lev\u00e9es. Notre gamme de produits s'\u00e9tend \u00e0 un large \u00e9ventail de modules laser PM \u00e0 longueur d'onde proche. Ces modules sont disponibles \u00e0 des longueurs d'onde de 400 nm, 445 nm, 480 nm, 488 nm, 495 nm, 505 nm, 520 nm et 635 nm, offrant ainsi \u00e0 nos clients un choix complet pour r\u00e9pondre \u00e0 leurs besoins sp\u00e9cifiques.<\/p>","protected":false},"excerpt":{"rendered":"<p>La diode laser \u00e0 pigtail \u00e0 maintien de polarisation 670 nm 50 mW est \u00e9quip\u00e9e d'une fibre \u00e0 maintien de polarisation de 4 um et pr\u00e9sente un rapport d'extinction de polarisation (PER) sup\u00e9rieur \u00e0 13 dB. Une version plus avanc\u00e9e avec une valeur PER plus \u00e9lev\u00e9e est disponible sur demande. Ce module laser PM est con\u00e7u pour \u00e9mettre un faisceau gaussien et est conditionn\u00e9 dans un bo\u00eetier coaxial pour une forme \u00e9l\u00e9gante et compacte. Le refroidisseur thermo\u00e9lectrique (TE Cooler) est disponible en option. La diode laser \u00e0 queue de cochon \u00e0 maintien de polarisation 670 nm 50 mW est con\u00e7ue pour offrir des performances exceptionnelles et une dur\u00e9e de vie prolong\u00e9e. De plus, nous fournissons les modules laser de la s\u00e9rie B8, \u00e9quip\u00e9s d'un dissipateur thermique miniature con\u00e7u pour faciliter l'installation et le refroidissement du module laser, am\u00e9liorant ainsi le confort de l'utilisateur.<br \/>\nWavespectrum Laser est en mesure de fournir des diodes laser pigtail \u00e0 polarisation maintenue de 670 nm personnalis\u00e9es afin de r\u00e9pondre aux besoins sp\u00e9cifiques de nos clients en mati\u00e8re de puissance.<\/p>","protected":false},"featured_media":1917,"comment_status":"open","ping_status":"closed","template":"","meta":{"themepark_post_bcolor":"#f5f5f5","themepark_post_width":"1022px","themepark_post_img":"","themepark_post_img_po":"left","themepark_post_img_re":false,"themepark_post_img_cover":false,"themepark_post_img_fixed":false,"themepark_post_hide_title":false,"themepark_post_main_b":"","themepark_post_main_p":100,"themepark_paddingblock":false,"_wpscp_schedule_draft_date":"","_wpscp_schedule_republish_date":"","_wpscppro_advance_schedule":false,"_wpscppro_advance_schedule_date":"","_wpscppro_dont_share_socialmedia":false,"_wpscppro_custom_social_share_image":0,"_facebook_share_type":"","_twitter_share_type":"","_linkedin_share_type":"","_pinterest_share_type":"","_linkedin_share_type_page":"","_instagram_share_type":"","_medium_share_type":"","_threads_share_type":"","_google_business_share_type":"","_selected_social_profile":[],"_wpsp_enable_custom_social_template":false,"_wpsp_social_scheduling":{"enabled":false,"datetime":null,"platforms":[],"status":"template_only","dateOption":"today","timeOption":"now","customDays":"","customHours":"","customDate":"","customTime":"","schedulingType":"absolute"},"_wpsp_active_default_template":true},"product_brand":[],"product_cat":[102,35],"product_tag":[],"class_list":{"0":"post-2402","1":"product","2":"type-product","3":"status-publish","4":"has-post-thumbnail","6":"product_cat-670nm-single-mode-fiber-coupled-laser-module","7":"product_cat-single-mode-fiber-coupled-laser-module","9":"first","10":"instock","11":"shipping-taxable","12":"product-type-simple"},"aioseo_notices":[],"_links":{"self":[{"href":"https:\/\/laserdiode-ld.com\/fr\/wp-json\/wp\/v2\/product\/2402","targetHints":{"allow":["GET"]}}],"collection":[{"href":"https:\/\/laserdiode-ld.com\/fr\/wp-json\/wp\/v2\/product"}],"about":[{"href":"https:\/\/laserdiode-ld.com\/fr\/wp-json\/wp\/v2\/types\/product"}],"replies":[{"embeddable":true,"href":"https:\/\/laserdiode-ld.com\/fr\/wp-json\/wp\/v2\/comments?post=2402"}],"wp:featuredmedia":[{"embeddable":true,"href":"https:\/\/laserdiode-ld.com\/fr\/wp-json\/wp\/v2\/media\/1917"}],"wp:attachment":[{"href":"https:\/\/laserdiode-ld.com\/fr\/wp-json\/wp\/v2\/media?parent=2402"}],"wp:term":[{"taxonomy":"product_brand","embeddable":true,"href":"https:\/\/laserdiode-ld.com\/fr\/wp-json\/wp\/v2\/product_brand?post=2402"},{"taxonomy":"product_cat","embeddable":true,"href":"https:\/\/laserdiode-ld.com\/fr\/wp-json\/wp\/v2\/product_cat?post=2402"},{"taxonomy":"product_tag","embeddable":true,"href":"https:\/\/laserdiode-ld.com\/fr\/wp-json\/wp\/v2\/product_tag?post=2402"}],"curies":[{"name":"wp","href":"https:\/\/api.w.org\/{rel}","templated":true}]}}