{"id":2334,"date":"2025-11-03T14:57:20","date_gmt":"2025-11-03T06:57:20","guid":{"rendered":"http:\/\/aserdiode-ld.com\/?post_type=product&#038;p=2334"},"modified":"2026-04-13T11:13:30","modified_gmt":"2026-04-13T03:13:30","slug":"635nm-50mw-9um-fiber-coaxial-pd","status":"publish","type":"product","link":"https:\/\/laserdiode-ld.com\/fr\/produit\/635nm-50mw-9um-fiber-coaxial-pd","title":{"rendered":"635nm | 50mW | 9um Fibre | Coaxial | PD"},"content":{"rendered":"<p>Wavespectrum Laser est un fabricant de produits laser \u00e0 diode de haute qualit\u00e9 et haute performance. Nous nous engageons \u00e0 d\u00e9velopper, produire et commercialiser des produits laser haute performance. La gamme de longueurs d'onde est large, les produits sont disponibles dans diff\u00e9rents conditionnements, en fibre monomode, multimode et \u00e0 maintien de polarisation. Nous contr\u00f4lons rigoureusement la qualit\u00e9 de nos produits et avons gagn\u00e9 la reconnaissance de clients du monde entier gr\u00e2ce \u00e0 leurs performances exceptionnelles.<br \/>\nWavespectrum Laser a le plaisir de proposer le module laser \u00e0 diode \u00e0 fibre optique SMF-28 9 um de 635 nm et 50 mW, qui trouve de nombreuses applications dans divers secteurs, notamment les lasers \u00e0 fibre, les lasers m\u00e9dicaux, l'impression laser, la d\u00e9coupe laser, la d\u00e9tection, l'affichage, la communication et la surveillance biologique. De plus, nous r\u00e9pondons \u00e0 un large \u00e9ventail de besoins gr\u00e2ce \u00e0 notre gamme de produits laser \u00e0 longueur d'onde proche, disponibles en 405 nm, 445 nm, 488 nm, 520 nm, 635 nm, 658 nm, 660 nm, 785 nm et 808 nm.<\/p>","protected":false},"excerpt":{"rendered":"<p>Le module laser \u00e0 diode \u00e0 fibre optique SMF-28 9 um de 635 nm et 50 mW, compatible avec la fibre SM 9 um, est con\u00e7u avec un bo\u00eetier coaxial pour plus de compacit\u00e9. Il offre des fonctionnalit\u00e9s optionnelles telles qu'une photodiode et un refroidisseur thermo\u00e9lectrique. Le module laser \u00e0 diode \u00e0 fibre optique SMF-28 9 um de 635 nm et 50 mW se distingue par ses performances \u00e9lev\u00e9es et sa longue dur\u00e9e de vie. De plus, nous proposons la version bo\u00eetier de la s\u00e9rie B8, \u00e9quip\u00e9e d'un petit dissipateur thermique pour faciliter la fixation et le refroidissement du module.<br \/>\nLe module laser \u00e0 diode \u00e0 fibre pigtail SMF-28 9 um de 635 nm est capable de fournir une puissance de sortie sup\u00e9rieure \u00e0 celle des modules \u00e9quip\u00e9s d'une fibre monomode de 4 um. Ce produit est particuli\u00e8rement adapt\u00e9 aux applications o\u00f9 un petit c\u0153ur de fibre est essentiel et o\u00f9 les exigences en mati\u00e8re de qualit\u00e9 du faisceau ne sont pas strictes.<\/p>","protected":false},"featured_media":1917,"comment_status":"open","ping_status":"closed","template":"","meta":{"themepark_post_bcolor":"#f5f5f5","themepark_post_width":"1022px","themepark_post_img":"","themepark_post_img_po":"left","themepark_post_img_re":false,"themepark_post_img_cover":false,"themepark_post_img_fixed":false,"themepark_post_hide_title":false,"themepark_post_main_b":"","themepark_post_main_p":100,"themepark_paddingblock":false,"_wpscp_schedule_draft_date":"","_wpscp_schedule_republish_date":"","_wpscppro_advance_schedule":false,"_wpscppro_advance_schedule_date":"","_wpscppro_dont_share_socialmedia":false,"_wpscppro_custom_social_share_image":0,"_facebook_share_type":"","_twitter_share_type":"","_linkedin_share_type":"","_pinterest_share_type":"","_linkedin_share_type_page":"","_instagram_share_type":"","_medium_share_type":"","_threads_share_type":"","_google_business_share_type":"","_selected_social_profile":[],"_wpsp_enable_custom_social_template":false,"_wpsp_social_scheduling":{"enabled":false,"datetime":null,"platforms":[],"status":"template_only","dateOption":"today","timeOption":"now","customDays":"","customHours":"","customDate":"","customTime":"","schedulingType":"absolute"},"_wpsp_active_default_template":true},"product_brand":[],"product_cat":[99,35],"product_tag":[],"class_list":{"0":"post-2334","1":"product","2":"type-product","3":"status-publish","4":"has-post-thumbnail","6":"product_cat-635nm-single-mode-fiber-coupled-laser-module","7":"product_cat-single-mode-fiber-coupled-laser-module","9":"first","10":"instock","11":"shipping-taxable","12":"product-type-simple"},"aioseo_notices":[],"_links":{"self":[{"href":"https:\/\/laserdiode-ld.com\/fr\/wp-json\/wp\/v2\/product\/2334","targetHints":{"allow":["GET"]}}],"collection":[{"href":"https:\/\/laserdiode-ld.com\/fr\/wp-json\/wp\/v2\/product"}],"about":[{"href":"https:\/\/laserdiode-ld.com\/fr\/wp-json\/wp\/v2\/types\/product"}],"replies":[{"embeddable":true,"href":"https:\/\/laserdiode-ld.com\/fr\/wp-json\/wp\/v2\/comments?post=2334"}],"wp:featuredmedia":[{"embeddable":true,"href":"https:\/\/laserdiode-ld.com\/fr\/wp-json\/wp\/v2\/media\/1917"}],"wp:attachment":[{"href":"https:\/\/laserdiode-ld.com\/fr\/wp-json\/wp\/v2\/media?parent=2334"}],"wp:term":[{"taxonomy":"product_brand","embeddable":true,"href":"https:\/\/laserdiode-ld.com\/fr\/wp-json\/wp\/v2\/product_brand?post=2334"},{"taxonomy":"product_cat","embeddable":true,"href":"https:\/\/laserdiode-ld.com\/fr\/wp-json\/wp\/v2\/product_cat?post=2334"},{"taxonomy":"product_tag","embeddable":true,"href":"https:\/\/laserdiode-ld.com\/fr\/wp-json\/wp\/v2\/product_tag?post=2334"}],"curies":[{"name":"wp","href":"https:\/\/api.w.org\/{rel}","templated":true}]}}