{"id":2272,"date":"2025-11-03T11:40:02","date_gmt":"2025-11-03T03:40:02","guid":{"rendered":"http:\/\/aserdiode-ld.com\/?post_type=product&#038;p=2272"},"modified":"2025-11-17T14:07:51","modified_gmt":"2025-11-17T06:07:51","slug":"diode-laser-couplee-a-fibre-optique-pmf-520-nm-50-mw","status":"publish","type":"product","link":"https:\/\/laserdiode-ld.com\/fr\/produit\/diode-laser-couplee-a-fibre-optique-pmf-520-nm-50-mw","title":{"rendered":"520 nm 50 mW"},"content":{"rendered":"<p>Wavespectrum Laser est un fabricant de produits laser \u00e0 diode de haute qualit\u00e9 et haute performance. Nous nous engageons \u00e0 d\u00e9velopper, produire et commercialiser des produits laser haute performance. La gamme de longueurs d'onde est large, les produits sont disponibles dans diff\u00e9rents conditionnements, en fibre monomode, multimode et \u00e0 maintien de polarisation. Nous contr\u00f4lons rigoureusement la qualit\u00e9 de nos produits et avons gagn\u00e9 la reconnaissance de clients du monde entier gr\u00e2ce \u00e0 leurs performances exceptionnelles.<br \/>\nWavespectrum Laser excelle dans la fourniture de diodes laser coupl\u00e9es \u00e0 fibre PMF de 520 nm et 50 mW. Nous r\u00e9pondons \u00e9galement \u00e0 des demandes vari\u00e9es en proposant une s\u00e9lection de configurations de puissance pour la diode laser coupl\u00e9e \u00e0 fibre PMF de 520 nm. De plus, nous proposons des modules laser avec des valeurs PER \u00e9lev\u00e9es, destin\u00e9s aux clients qui exigent des performances sup\u00e9rieures. En plus de nos offres existantes, nous sommes heureux de vous informer que nous fournissons d\u00e9sormais une s\u00e9lection compl\u00e8te de produits laser \u00e0 longueur d'onde proche, couvrant les longueurs d'onde de 400 nm, 445 nm, 488 nm, 505 nm, 520 nm, 635 nm, 660 nm et 785 nm, afin de r\u00e9pondre aux divers besoins de notre client\u00e8le.<\/p>","protected":false},"excerpt":{"rendered":"<p>La diode laser coupl\u00e9e \u00e0 fibre PMF 520 nm 50 mW se caract\u00e9rise par l'int\u00e9gration d'une fibre PM 3 \u00b5m et un rapport d'extinction de polarisation (PER) sup\u00e9rieur \u00e0 13 dB. Nous proposons \u00e9galement une version haut de gamme avec un PER accru pour les applications sp\u00e9cialis\u00e9es. La conception du module facilite la g\u00e9n\u00e9ration d'un faisceau gaussien et il est encapsul\u00e9 dans un bo\u00eetier coaxial compact. Il comprend un refroidisseur thermo\u00e9lectrique (TE Cooler) disponible en option. La diode laser coupl\u00e9e \u00e0 fibre PMF 520 nm 50 mW est con\u00e7ue pour offrir des performances et une long\u00e9vit\u00e9 sup\u00e9rieures. De plus, nous proposons les modules laser de la s\u00e9rie B8, dot\u00e9s d'un petit dissipateur thermique qui simplifie la fixation et le refroidissement du module laser, ce qui le rend plus pratique pour les utilisateurs.<br \/>\nWavespectrum Laser est en mesure de fournir une large gamme de configurations de puissance pour la diode laser coupl\u00e9e \u00e0 fibre PMF 520 nm, garantissant ainsi leur alignement pr\u00e9cis avec les sp\u00e9cifications individuelles des clients.<\/p>","protected":false},"featured_media":1917,"comment_status":"open","ping_status":"closed","template":"","meta":{"themepark_post_bcolor":"#f5f5f5","themepark_post_width":"1022px","themepark_post_img":"","themepark_post_img_po":"left","themepark_post_img_re":false,"themepark_post_img_cover":false,"themepark_post_img_fixed":false,"themepark_post_hide_title":false,"themepark_post_main_b":"","themepark_post_main_p":100,"themepark_paddingblock":false,"_wpscp_schedule_draft_date":"","_wpscp_schedule_republish_date":"","_wpscppro_advance_schedule":false,"_wpscppro_advance_schedule_date":"","_wpscppro_dont_share_socialmedia":false,"_wpscppro_custom_social_share_image":0,"_facebook_share_type":"","_twitter_share_type":"","_linkedin_share_type":"","_pinterest_share_type":"","_linkedin_share_type_page":"","_instagram_share_type":"","_medium_share_type":"","_threads_share_type":"","_google_business_share_type":"","_selected_social_profile":[],"_wpsp_enable_custom_social_template":false,"_wpsp_social_scheduling":{"enabled":false,"datetime":null,"platforms":[],"status":"template_only","dateOption":"today","timeOption":"now","customDays":"","customHours":"","customDate":"","customTime":"","schedulingType":"absolute"},"_wpsp_active_default_template":true},"product_brand":[],"product_cat":[97,35],"product_tag":[],"class_list":{"0":"post-2272","1":"product","2":"type-product","3":"status-publish","4":"has-post-thumbnail","6":"product_cat-520nm-single-mode-fiber-coupled-laser-module","7":"product_cat-single-mode-fiber-coupled-laser-module","9":"first","10":"instock","11":"shipping-taxable","12":"product-type-simple"},"aioseo_notices":[],"_links":{"self":[{"href":"https:\/\/laserdiode-ld.com\/fr\/wp-json\/wp\/v2\/product\/2272","targetHints":{"allow":["GET"]}}],"collection":[{"href":"https:\/\/laserdiode-ld.com\/fr\/wp-json\/wp\/v2\/product"}],"about":[{"href":"https:\/\/laserdiode-ld.com\/fr\/wp-json\/wp\/v2\/types\/product"}],"replies":[{"embeddable":true,"href":"https:\/\/laserdiode-ld.com\/fr\/wp-json\/wp\/v2\/comments?post=2272"}],"wp:featuredmedia":[{"embeddable":true,"href":"https:\/\/laserdiode-ld.com\/fr\/wp-json\/wp\/v2\/media\/1917"}],"wp:attachment":[{"href":"https:\/\/laserdiode-ld.com\/fr\/wp-json\/wp\/v2\/media?parent=2272"}],"wp:term":[{"taxonomy":"product_brand","embeddable":true,"href":"https:\/\/laserdiode-ld.com\/fr\/wp-json\/wp\/v2\/product_brand?post=2272"},{"taxonomy":"product_cat","embeddable":true,"href":"https:\/\/laserdiode-ld.com\/fr\/wp-json\/wp\/v2\/product_cat?post=2272"},{"taxonomy":"product_tag","embeddable":true,"href":"https:\/\/laserdiode-ld.com\/fr\/wp-json\/wp\/v2\/product_tag?post=2272"}],"curies":[{"name":"wp","href":"https:\/\/api.w.org\/{rel}","templated":true}]}}