{"id":2266,"date":"2025-11-03T11:37:00","date_gmt":"2025-11-03T03:37:00","guid":{"rendered":"http:\/\/aserdiode-ld.com\/?post_type=product&#038;p=2266"},"modified":"2025-11-17T14:07:23","modified_gmt":"2025-11-17T06:07:23","slug":"module-laser-a-diode-pigtail-pmf-520-nm-30-mw","status":"publish","type":"product","link":"https:\/\/laserdiode-ld.com\/fr\/produit\/module-laser-a-diode-pigtail-pmf-520-nm-30-mw","title":{"rendered":"520 nm 30 mW \u00e0 queue de cochon"},"content":{"rendered":"<p>Wavespectrum Laser est un fabricant de produits laser \u00e0 diode de haute qualit\u00e9 et haute performance. Nous nous engageons \u00e0 d\u00e9velopper, produire et commercialiser des produits laser haute performance. La gamme de longueurs d'onde est large, les produits sont disponibles dans diff\u00e9rents conditionnements, en fibre monomode, multimode et \u00e0 maintien de polarisation. Nous contr\u00f4lons rigoureusement la qualit\u00e9 de nos produits et avons gagn\u00e9 la reconnaissance de clients du monde entier gr\u00e2ce \u00e0 leurs performances exceptionnelles.<br \/>\nWavespectrum Laser est sp\u00e9cialis\u00e9 dans la fourniture de modules laser \u00e0 diode pigtail PMF 520 nm 30 mW. Nous r\u00e9pondons \u00e9galement \u00e0 divers besoins en proposant diff\u00e9rentes versions de puissance des modules laser \u00e0 diode pigtail PMF 520 nm. De plus, nous proposons des modules laser avec des valeurs PER plus \u00e9lev\u00e9es pour les clients qui ont besoin de performances am\u00e9lior\u00e9es. Notre gamme de produits comprend une s\u00e9rie de modules laser PM \u00e0 longueur d'onde proche, tels que : 400 nm, 445 nm, 480 nm, 488 nm, 495 nm, 505 nm, 520 nm et 635 nm, offrant ainsi un large choix \u00e0 nos clients.<\/p>","protected":false},"excerpt":{"rendered":"<p>Le module laser \u00e0 diode pigtail PMF 520 nm 30 mW est \u00e9quip\u00e9 d'une fibre \u00e0 maintien de polarisation de 3 \u00b5m et pr\u00e9sente un PER sup\u00e9rieur \u00e0 13 dB. Une version am\u00e9lior\u00e9e avec une valeur PER encore plus \u00e9lev\u00e9e est disponible sur demande. Ce module laser PM est capable d'\u00e9mettre un faisceau gaussien et est con\u00e7u avec un bo\u00eetier coaxial, ce qui contribue \u00e0 sa taille compacte. Le refroidisseur TE est en option. Ce module laser \u00e0 diode pigtail PMF 520 nm 30 mW offre des performances et une durabilit\u00e9 sup\u00e9rieures. De plus, nous pouvons \u00e9galement proposer \u00e0 nos clients des modules laser en bo\u00eetier de la s\u00e9rie B8. Les modules laser en bo\u00eetier de la s\u00e9rie B8 sont \u00e9quip\u00e9s d'un petit dissipateur thermique, ce qui simplifie le processus de fixation et de refroidissement du module laser, pour plus de commodit\u00e9 pour les clients.<br \/>\nWavespectrum Laser est en mesure de fournir une vari\u00e9t\u00e9 d'options d'alimentation pour les modules laser \u00e0 diode pigtail PMF 520 nm, adapt\u00e9es aux besoins sp\u00e9cifiques des clients.<\/p>","protected":false},"featured_media":1917,"comment_status":"open","ping_status":"closed","template":"","meta":{"themepark_post_bcolor":"#f5f5f5","themepark_post_width":"1022px","themepark_post_img":"","themepark_post_img_po":"left","themepark_post_img_re":false,"themepark_post_img_cover":false,"themepark_post_img_fixed":false,"themepark_post_hide_title":false,"themepark_post_main_b":"","themepark_post_main_p":100,"themepark_paddingblock":false,"_wpscp_schedule_draft_date":"","_wpscp_schedule_republish_date":"","_wpscppro_advance_schedule":false,"_wpscppro_advance_schedule_date":"","_wpscppro_dont_share_socialmedia":false,"_wpscppro_custom_social_share_image":0,"_facebook_share_type":"","_twitter_share_type":"","_linkedin_share_type":"","_pinterest_share_type":"","_linkedin_share_type_page":"","_instagram_share_type":"","_medium_share_type":"","_threads_share_type":"","_google_business_share_type":"","_selected_social_profile":[],"_wpsp_enable_custom_social_template":false,"_wpsp_social_scheduling":{"enabled":false,"datetime":null,"platforms":[],"status":"template_only","dateOption":"today","timeOption":"now","customDays":"","customHours":"","customDate":"","customTime":"","schedulingType":"absolute"},"_wpsp_active_default_template":true},"product_brand":[],"product_cat":[97,35],"product_tag":[],"class_list":{"0":"post-2266","1":"product","2":"type-product","3":"status-publish","4":"has-post-thumbnail","6":"product_cat-520nm-single-mode-fiber-coupled-laser-module","7":"product_cat-single-mode-fiber-coupled-laser-module","9":"first","10":"instock","11":"shipping-taxable","12":"product-type-simple"},"aioseo_notices":[],"_links":{"self":[{"href":"https:\/\/laserdiode-ld.com\/fr\/wp-json\/wp\/v2\/product\/2266","targetHints":{"allow":["GET"]}}],"collection":[{"href":"https:\/\/laserdiode-ld.com\/fr\/wp-json\/wp\/v2\/product"}],"about":[{"href":"https:\/\/laserdiode-ld.com\/fr\/wp-json\/wp\/v2\/types\/product"}],"replies":[{"embeddable":true,"href":"https:\/\/laserdiode-ld.com\/fr\/wp-json\/wp\/v2\/comments?post=2266"}],"wp:featuredmedia":[{"embeddable":true,"href":"https:\/\/laserdiode-ld.com\/fr\/wp-json\/wp\/v2\/media\/1917"}],"wp:attachment":[{"href":"https:\/\/laserdiode-ld.com\/fr\/wp-json\/wp\/v2\/media?parent=2266"}],"wp:term":[{"taxonomy":"product_brand","embeddable":true,"href":"https:\/\/laserdiode-ld.com\/fr\/wp-json\/wp\/v2\/product_brand?post=2266"},{"taxonomy":"product_cat","embeddable":true,"href":"https:\/\/laserdiode-ld.com\/fr\/wp-json\/wp\/v2\/product_cat?post=2266"},{"taxonomy":"product_tag","embeddable":true,"href":"https:\/\/laserdiode-ld.com\/fr\/wp-json\/wp\/v2\/product_tag?post=2266"}],"curies":[{"name":"wp","href":"https:\/\/api.w.org\/{rel}","templated":true}]}}