{"id":1950,"date":"2025-10-29T14:40:23","date_gmt":"2025-10-29T06:40:23","guid":{"rendered":"http:\/\/aserdiode-ld.com\/?post_type=product&#038;p=1950"},"modified":"2025-11-17T13:57:26","modified_gmt":"2025-11-17T05:57:26","slug":"diode-laser-couplee-a-fibre-optique-smf-445-nm-40-mw","status":"publish","type":"product","link":"https:\/\/laserdiode-ld.com\/fr\/produit\/diode-laser-couplee-a-fibre-optique-smf-445-nm-40-mw","title":{"rendered":"445 nm 50 mW \u00e0 queue de cochon"},"content":{"rendered":"<p>Wavespectrum Laser est un fabricant de produits laser \u00e0 diode de haute qualit\u00e9 et haute performance. Nous nous engageons \u00e0 d\u00e9velopper, produire et commercialiser des produits laser haute performance. La gamme de longueurs d'onde est large, les produits sont disponibles dans diff\u00e9rents conditionnements, en fibre monomode, multimode et \u00e0 maintien de polarisation. Nous contr\u00f4lons rigoureusement la qualit\u00e9 de nos produits et avons gagn\u00e9 la reconnaissance de clients du monde entier gr\u00e2ce \u00e0 leurs performances exceptionnelles.<br \/>\nWavespectrum Laser est ravi de pr\u00e9senter son laser SMF 445 nm 50 mW. <a href=\"https:\/\/laserdiode-ld.com\/\"   title=\"diode laser \u00e0 queue de cochon\"  data-wpil-monitor-id=\"18\">diode laser \u00e0 queue de cochon<\/a>. Nous sommes \u00e9galement bien pr\u00e9par\u00e9s pour fournir diverses configurations de puissance de la diode laser SMF \u00e0 queue de cochon de 445 nm, ce qui nous permet de r\u00e9pondre aux divers besoins de nos clients. En outre, nous offrons un portefeuille complet de produits laser de longueur d'onde proche, qui comprend des options laser de 400nm, 445nm, 480nm, 488nm, 495nm, 505nm, 520nm, 635nm, 660nm, et 670nm.<\/p>","protected":false},"excerpt":{"rendered":"<p>La diode laser \u00e0 pigtail SMF 445 nm 50 mW, qui int\u00e8gre une fibre monomode de 3 \u00b5m, est con\u00e7ue avec pr\u00e9cision pour \u00e9mettre un faisceau gaussien. Encastr\u00e9e dans un bo\u00eetier coaxial, elle offre un format compact et la possibilit\u00e9 d'ajouter un refroidisseur thermo\u00e9lectrique (TE Cooler).<br \/>\nCette diode laser \u00e0 pigtail SMF de 445 nm et 50 mW se distingue par ses performances sup\u00e9rieures et sa dur\u00e9e de vie prolong\u00e9e. De plus, nous proposons une option de bo\u00eetier de la s\u00e9rie B8, \u00e9quip\u00e9e d'un dissipateur thermique miniature, con\u00e7ue pour faciliter l'installation du module laser et optimiser la gestion thermique pour nos clients.<br \/>\nWavespectrum Laser est sp\u00e9cialis\u00e9 dans l'offre de solutions personnalis\u00e9es pour les diodes laser \u00e0 pigtail SMF 445 nm, garantissant ainsi que les exigences sp\u00e9cifiques de chaque client sont prises en compte.<\/p>","protected":false},"featured_media":1917,"comment_status":"open","ping_status":"closed","template":"","meta":{"themepark_post_bcolor":"#f5f5f5","themepark_post_width":"1022px","themepark_post_img":"","themepark_post_img_po":"left","themepark_post_img_re":false,"themepark_post_img_cover":false,"themepark_post_img_fixed":false,"themepark_post_hide_title":false,"themepark_post_main_b":"","themepark_post_main_p":100,"themepark_paddingblock":false,"_wpscp_schedule_draft_date":"","_wpscp_schedule_republish_date":"","_wpscppro_advance_schedule":false,"_wpscppro_advance_schedule_date":"","_wpscppro_dont_share_socialmedia":false,"_wpscppro_custom_social_share_image":0,"_facebook_share_type":"","_twitter_share_type":"","_linkedin_share_type":"","_pinterest_share_type":"","_linkedin_share_type_page":"","_instagram_share_type":"","_medium_share_type":"","_threads_share_type":"","_google_business_share_type":"","_selected_social_profile":[],"_wpsp_enable_custom_social_template":false,"_wpsp_social_scheduling":{"enabled":false,"datetime":null,"platforms":[],"status":"template_only","dateOption":"today","timeOption":"now","customDays":"","customHours":"","customDate":"","customTime":"","schedulingType":"absolute"},"_wpsp_active_default_template":true},"product_brand":[],"product_cat":[89,35],"product_tag":[],"class_list":{"0":"post-1950","1":"product","2":"type-product","3":"status-publish","4":"has-post-thumbnail","6":"product_cat-445nm-single-mode-fiber-coupled-laser-module","7":"product_cat-single-mode-fiber-coupled-laser-module","9":"first","10":"instock","11":"shipping-taxable","12":"product-type-simple"},"aioseo_notices":[],"_links":{"self":[{"href":"https:\/\/laserdiode-ld.com\/fr\/wp-json\/wp\/v2\/product\/1950","targetHints":{"allow":["GET"]}}],"collection":[{"href":"https:\/\/laserdiode-ld.com\/fr\/wp-json\/wp\/v2\/product"}],"about":[{"href":"https:\/\/laserdiode-ld.com\/fr\/wp-json\/wp\/v2\/types\/product"}],"replies":[{"embeddable":true,"href":"https:\/\/laserdiode-ld.com\/fr\/wp-json\/wp\/v2\/comments?post=1950"}],"wp:featuredmedia":[{"embeddable":true,"href":"https:\/\/laserdiode-ld.com\/fr\/wp-json\/wp\/v2\/media\/1917"}],"wp:attachment":[{"href":"https:\/\/laserdiode-ld.com\/fr\/wp-json\/wp\/v2\/media?parent=1950"}],"wp:term":[{"taxonomy":"product_brand","embeddable":true,"href":"https:\/\/laserdiode-ld.com\/fr\/wp-json\/wp\/v2\/product_brand?post=1950"},{"taxonomy":"product_cat","embeddable":true,"href":"https:\/\/laserdiode-ld.com\/fr\/wp-json\/wp\/v2\/product_cat?post=1950"},{"taxonomy":"product_tag","embeddable":true,"href":"https:\/\/laserdiode-ld.com\/fr\/wp-json\/wp\/v2\/product_tag?post=1950"}],"curies":[{"name":"wp","href":"https:\/\/api.w.org\/{rel}","templated":true}]}}