{"id":1877,"date":"2025-10-28T14:09:17","date_gmt":"2025-10-28T06:09:17","guid":{"rendered":"http:\/\/aserdiode-ld.com\/?post_type=product&#038;p=1877"},"modified":"2025-10-28T14:09:17","modified_gmt":"2025-10-28T06:09:17","slug":"diode-laser-1550-nm-25-w-a-monture-e","status":"publish","type":"product","link":"https:\/\/laserdiode-ld.com\/fr\/produit\/diode-laser-1550-nm-25-w-a-monture-e","title":{"rendered":"Diode laser \u00e0 monture E 1550 nm 2,5 W"},"content":{"rendered":"<p>Wavespectrum Laser est un fabricant de produits laser \u00e0 diode de haute qualit\u00e9 et haute performance. Nous nous engageons \u00e0 d\u00e9velopper, produire et commercialiser des produits laser haute performance. La gamme de longueurs d'onde est large, les produits sont disponibles dans diff\u00e9rents conditionnements, en fibre monomode, multimode et \u00e0 maintien de polarisation. Nous contr\u00f4lons rigoureusement la qualit\u00e9 de nos produits et avons gagn\u00e9 la reconnaissance de clients du monde entier gr\u00e2ce \u00e0 leurs performances exceptionnelles.<br \/>\nWavespectrum Laser propose une gamme vari\u00e9e de diodes laser, notamment des diodes laser \u00e0 monture E de 1550 nm et 2,5 W. De plus, nous proposons diff\u00e9rentes versions de puissance de diodes laser multimodes 1550 nm. Pour les diodes laser multimodes \u00e0 longueur d'onde proche, nous pouvons proposer \u00e0 nos clients des diodes laser 940 nm, 980 nm, 1064 nm, 1310 nm, 1450 nm, 1470 nm, 1570 nm et 1920 nm.<\/p>","protected":false},"excerpt":{"rendered":"<p>La diode laser \u00e0 monture E 1550 nm 2,5 W est une diode laser \u00e0 semi-conducteur multimode qui peut \u00eatre \u00e9quip\u00e9e d'une lentille FAC, offrant la possibilit\u00e9 d'obtenir un faisceau carr\u00e9 ou lin\u00e9aire. Cette diode laser \u00e0 monture E 1550 nm 2,5 W est un produit laser infrarouge, elle offre des performances \u00e9lev\u00e9es et une longue dur\u00e9e de vie. Wavespectrum Laser peut \u00e9galement fournir \u00e0 ses clients d'autres versions de puissance des diodes laser multimodes 1550 nm.<\/p>","protected":false},"featured_media":1876,"comment_status":"open","ping_status":"closed","template":"","meta":{"themepark_post_bcolor":"#f5f5f5","themepark_post_width":"1022px","themepark_post_img":"","themepark_post_img_po":"left","themepark_post_img_re":false,"themepark_post_img_cover":false,"themepark_post_img_fixed":false,"themepark_post_hide_title":false,"themepark_post_main_b":"","themepark_post_main_p":100,"themepark_paddingblock":false,"_wpscp_schedule_draft_date":"","_wpscp_schedule_republish_date":"","_wpscppro_advance_schedule":false,"_wpscppro_advance_schedule_date":"","_wpscppro_dont_share_socialmedia":false,"_wpscppro_custom_social_share_image":0,"_facebook_share_type":"","_twitter_share_type":"","_linkedin_share_type":"","_pinterest_share_type":"","_linkedin_share_type_page":"","_instagram_share_type":"","_medium_share_type":"","_threads_share_type":"","_google_business_share_type":"","_selected_social_profile":[],"_wpsp_enable_custom_social_template":false,"_wpsp_social_scheduling":{"enabled":false,"datetime":null,"platforms":[],"status":"template_only","dateOption":"today","timeOption":"now","customDays":"","customHours":"","customDate":"","customTime":"","schedulingType":"absolute"},"_wpsp_active_default_template":true},"product_brand":[],"product_cat":[85,36],"product_tag":[],"class_list":{"0":"post-1877","1":"product","2":"type-product","3":"status-publish","4":"has-post-thumbnail","6":"product_cat-1550nm-multi-mode-laser-diode","7":"product_cat-multi-mode-laser-diode","9":"first","10":"instock","11":"shipping-taxable","12":"product-type-simple"},"aioseo_notices":[],"_links":{"self":[{"href":"https:\/\/laserdiode-ld.com\/fr\/wp-json\/wp\/v2\/product\/1877","targetHints":{"allow":["GET"]}}],"collection":[{"href":"https:\/\/laserdiode-ld.com\/fr\/wp-json\/wp\/v2\/product"}],"about":[{"href":"https:\/\/laserdiode-ld.com\/fr\/wp-json\/wp\/v2\/types\/product"}],"replies":[{"embeddable":true,"href":"https:\/\/laserdiode-ld.com\/fr\/wp-json\/wp\/v2\/comments?post=1877"}],"wp:featuredmedia":[{"embeddable":true,"href":"https:\/\/laserdiode-ld.com\/fr\/wp-json\/wp\/v2\/media\/1876"}],"wp:attachment":[{"href":"https:\/\/laserdiode-ld.com\/fr\/wp-json\/wp\/v2\/media?parent=1877"}],"wp:term":[{"taxonomy":"product_brand","embeddable":true,"href":"https:\/\/laserdiode-ld.com\/fr\/wp-json\/wp\/v2\/product_brand?post=1877"},{"taxonomy":"product_cat","embeddable":true,"href":"https:\/\/laserdiode-ld.com\/fr\/wp-json\/wp\/v2\/product_cat?post=1877"},{"taxonomy":"product_tag","embeddable":true,"href":"https:\/\/laserdiode-ld.com\/fr\/wp-json\/wp\/v2\/product_tag?post=1877"}],"curies":[{"name":"wp","href":"https:\/\/api.w.org\/{rel}","templated":true}]}}