{"id":1874,"date":"2025-10-28T14:07:32","date_gmt":"2025-10-28T06:07:32","guid":{"rendered":"http:\/\/aserdiode-ld.com\/?post_type=product&#038;p=1874"},"modified":"2025-10-28T14:07:33","modified_gmt":"2025-10-28T06:07:33","slug":"diode-laser-445-nm-5-w-a-5-avec-lentille-fac","status":"publish","type":"product","link":"https:\/\/laserdiode-ld.com\/fr\/produit\/diode-laser-445-nm-5-w-a-5-avec-lentille-fac","title":{"rendered":"Diode laser 445 nm 5 W TO5 avec lentille FAC"},"content":{"rendered":"<p>Wavespectrum Laser est un fabricant de produits laser \u00e0 diode de haute qualit\u00e9 et haute performance. Nous nous engageons \u00e0 d\u00e9velopper, produire et commercialiser des produits laser haute performance. La gamme de longueurs d'onde est large, les produits sont disponibles dans diff\u00e9rents conditionnements, en fibre monomode, multimode et \u00e0 maintien de polarisation. Nous contr\u00f4lons rigoureusement la qualit\u00e9 de nos produits et avons gagn\u00e9 la reconnaissance de clients du monde entier gr\u00e2ce \u00e0 leurs performances exceptionnelles.<\/p>\n<p>Wavespectrum Laser est fier de proposer une gamme vari\u00e9e de diodes laser, notamment des diodes laser 445 nm 5 W avec lentille FAC. De plus, nous proposons diff\u00e9rentes configurations de puissance pour les diodes laser multimodes 445 nm TO5. Pour les clients \u00e0 la recherche de diodes laser multimodes \u00e0 longueur d'onde proche, nous proposons des diodes laser de 405 nm, 425 nm, 455 nm, 465 nm, 520 nm, 532 nm, 635 nm et 660 nm.<\/p>","protected":false},"excerpt":{"rendered":"<p>La diode laser 445 nm 5 W TO5 avec lentille FAC est une diode laser \u00e0 semi-conducteur multimode qui peut \u00eatre \u00e9quip\u00e9e d'une lentille FAC, offrant la flexibilit\u00e9 d'un faisceau carr\u00e9 ou lin\u00e9aire. Cette diode laser 445 nm 5 W TO5 fait partie de notre gamme de produits laser bleus. Elle offre des performances \u00e9lev\u00e9es et une longue dur\u00e9e de vie. Wavespectrum Laser est \u00e9galement en mesure de fournir \u00e0 ses clients diff\u00e9rentes versions de puissance des diodes laser multimodes 445 nm.<\/p>","protected":false},"featured_media":1876,"comment_status":"open","ping_status":"closed","template":"","meta":{"themepark_post_bcolor":"#f5f5f5","themepark_post_width":"1022px","themepark_post_img":"","themepark_post_img_po":"left","themepark_post_img_re":false,"themepark_post_img_cover":false,"themepark_post_img_fixed":false,"themepark_post_hide_title":false,"themepark_post_main_b":"","themepark_post_main_p":100,"themepark_paddingblock":false,"_wpscp_schedule_draft_date":"","_wpscp_schedule_republish_date":"","_wpscppro_advance_schedule":false,"_wpscppro_advance_schedule_date":"","_wpscppro_dont_share_socialmedia":false,"_wpscppro_custom_social_share_image":0,"_facebook_share_type":"","_twitter_share_type":"","_linkedin_share_type":"","_pinterest_share_type":"","_linkedin_share_type_page":"","_instagram_share_type":"","_medium_share_type":"","_threads_share_type":"","_google_business_share_type":"","_selected_social_profile":[],"_wpsp_enable_custom_social_template":false,"_wpsp_social_scheduling":{"enabled":false,"datetime":null,"platforms":[],"status":"template_only","dateOption":"today","timeOption":"now","customDays":"","customHours":"","customDate":"","customTime":"","schedulingType":"absolute"},"_wpsp_active_default_template":true},"product_brand":[],"product_cat":[36,84],"product_tag":[],"class_list":{"0":"post-1874","1":"product","2":"type-product","3":"status-publish","4":"has-post-thumbnail","6":"product_cat-multi-mode-laser-diode","7":"product_cat-445nm-multi-mode-laser-diode","9":"first","10":"instock","11":"shipping-taxable","12":"product-type-simple"},"aioseo_notices":[],"_links":{"self":[{"href":"https:\/\/laserdiode-ld.com\/fr\/wp-json\/wp\/v2\/product\/1874","targetHints":{"allow":["GET"]}}],"collection":[{"href":"https:\/\/laserdiode-ld.com\/fr\/wp-json\/wp\/v2\/product"}],"about":[{"href":"https:\/\/laserdiode-ld.com\/fr\/wp-json\/wp\/v2\/types\/product"}],"replies":[{"embeddable":true,"href":"https:\/\/laserdiode-ld.com\/fr\/wp-json\/wp\/v2\/comments?post=1874"}],"wp:featuredmedia":[{"embeddable":true,"href":"https:\/\/laserdiode-ld.com\/fr\/wp-json\/wp\/v2\/media\/1876"}],"wp:attachment":[{"href":"https:\/\/laserdiode-ld.com\/fr\/wp-json\/wp\/v2\/media?parent=1874"}],"wp:term":[{"taxonomy":"product_brand","embeddable":true,"href":"https:\/\/laserdiode-ld.com\/fr\/wp-json\/wp\/v2\/product_brand?post=1874"},{"taxonomy":"product_cat","embeddable":true,"href":"https:\/\/laserdiode-ld.com\/fr\/wp-json\/wp\/v2\/product_cat?post=1874"},{"taxonomy":"product_tag","embeddable":true,"href":"https:\/\/laserdiode-ld.com\/fr\/wp-json\/wp\/v2\/product_tag?post=1874"}],"curies":[{"name":"wp","href":"https:\/\/api.w.org\/{rel}","templated":true}]}}