{"id":70,"date":"2025-08-26T14:34:50","date_gmt":"2025-08-26T06:34:50","guid":{"rendered":"http:\/\/themetest6.local\/?page_id=70"},"modified":"2025-11-28T13:23:34","modified_gmt":"2025-11-28T05:23:34","slug":"a-propos-de-nous","status":"publish","type":"page","link":"https:\/\/laserdiode-ld.com\/fr\/a-propos-de-nous","title":{"rendered":"\u00c0 propos de nous"},"content":{"rendered":"<section class=\"wp-block-themepark-block-themepark-area block_layout thempark-block undefined bom50 top50\" id=\"\" style=\"padding-bottom:84px;padding-top:200px;height:500px;box-sizing: border-box;width: 100%;\" data-swiper-parallax=\"-700\"><div class=\"block_layout_in\" style=\"\"><div class=\"post_in_list_head modle_title3\"><h3><span style=\"color:#ffffff;font-size:40px;\" class=\"main-title\">\u00c0 PROPOS DE NOUS<\/span><\/h3><div class=\"title_boout\"><div class=\"title_bo\" style=\"border-bottom:2px solid #ccc;\"><\/div><\/div><\/div>\n<div class=\"wp-block-column block_layout_in is-layout-flow wp-block-column-is-layout-flow\"><\/div>\n<\/div><div class=\"layout_badh\"><div class=\"shizhezhao\" style=\"opacity:0.49;background-color:;\"><\/div><div class=\"PcOnly themepark-block_layout_ba lazyload swiper-lazy  jttj\" style=\"background-repeat:no-repeat;background-size:cover;background-attachment:fixed;background-position:center;\" data-background=\"https:\/\/laserdiode-ld.com\/wp-content\/uploads\/2025\/11\/about-us-banner.jpg\"><\/div><div class=\"MovePnly themepark-block_layout_ba lazyload swiper-move-lazy jttj\" style=\"background-repeat:no-repeat;background-size:cover;background-attachment:fixed;background-position:center;\" data-background=\"https:\/\/laserdiode-ld.com\/wp-content\/uploads\/2025\/11\/about-us-banner.jpg\"><\/div><\/div><\/section>\n\n\n\n<section class=\"wp-block-themepark-block-themepark-area block_layout thempark-block undefined bom20 top20\" id=\"padingmax\" style=\"background-color:#ffffff;padding-bottom:17px;padding-top:74px;\" data-swiper-parallax=\"-700\"><div class=\"block_layout_in\" style=\"max-width:1400px;\">\n<div class=\"wp-block-column block_layout_in is-layout-flow wp-block-column-is-layout-flow\">\n<div class=\"wp-block-themepark-block-themepark-wright content-super-p\" style=\"font-size:12px;line-height:60px;padding:10px 10px;\">\n<div class=\"wp-block-column is-layout-flow wp-block-column-is-layout-flow\">\n<h2 class=\"wp-block-heading has-text-align-center has-bonkers-font-size\">Comment nous avons commenc\u00e9<\/h2>\n\n\n\n<div class=\"wp-block-themepark-block-themepark-xian theme_fang_out\" style=\"text-align:center;padding-top:1px;padding-bottom:10px;\"><div class=\"fangbox\" style=\"width:116px;height:2px;background:linear-gradient(90deg, #ff3a3a, #000000);\"><\/div><\/div>\n<\/div>\n<\/div>\n\n\n\n<div class=\"wp-block-themepark-block-themepark-wright content-super-p\" style=\"font-size:16px;line-height:29px;padding:10px 1px;\">\n<div class=\"wp-block-column is-layout-flow wp-block-column-is-layout-flow\">\n<p>L'\u00e9quipe principale de Wavespectrum Laser est compos\u00e9e d'experts ayant travaill\u00e9 \u00e0 l'\u00e9tranger, dont les membres cl\u00e9s proviennent principalement des domaines des semi-conducteurs, de l'opto\u00e9lectronique, des lasers, de l'optique et des instruments de pr\u00e9cision. La soci\u00e9t\u00e9 a \u00e9tabli des relations de coop\u00e9ration \u00e9troites avec plusieurs universit\u00e9s, instituts de recherche et secteurs militaires nationaux et internationaux, et a obtenu des r\u00e9sultats d'application \u00e9tendus dans des domaines tels que les sciences spatiales, les applications militaires, la m\u00e9decine, les sciences de la vie et les communications optiques.<br>Au fur et \u00e0 mesure de sa croissance et de son expansion, l'entreprise a mis en place des centres de R&amp;D et des sites de production en Chine, tout en disposant \u00e9galement d'une \u00e9quipe de R&amp;D en Europe. Sa gamme de produits comprend des diodes laser \u00e0 semi-conducteurs, des modules laser \u00e0 fibre optique, des modules laser enfichables \u00e0 fibre optique, des modules laser m\u00e9dicaux, des modules laser biologiques et des syst\u00e8mes laser \u00e0 semi-conducteurs, avec des longueurs d'onde allant de 375 nm \u00e0 1920 nm. Ces produits sont largement utilis\u00e9s dans des domaines tels que l'impression laser, la d\u00e9coupe laser, la m\u00e9decine laser, l'affichage laser et la communication laser.<br><\/p>\n<\/div>\n<\/div>\n\n\n\n<section class=\"wp-block-themepark-block-themepark-imgtext thempark-block themepark_imgtext updonwmodle undefined\" style=\"padding-top:21px;\"><div class=\"themepark_imgtext_img\" style=\"border-radius:15px;\" data-swiper-parallax=\"-1800\"><img class=\"lazyload  swiper-lazy swiper-move-lazy\" style=\"\" data-src=\"https:\/\/laserdiode-ld.com\/wp-content\/uploads\/2025\/09\/p1-1.jpg\" alt=\"\"\/><\/div><div class=\"themepark_imgtext_text\" style=\"\" data-swiper-parallax=\"-1600\">\n<div class=\"wp-block-column is-layout-flow wp-block-column-is-layout-flow\">\n<div class=\"wp-block-themepark-block-themepark-wright content-super-p\" style=\"font-size:16px;line-height:27px;color:#0b0b0b;padding:10px 0px;\">\n<div class=\"wp-block-column is-layout-flow wp-block-column-is-layout-flow\">\n<p>Respectant des normes strictes en mati\u00e8re de contr\u00f4le qualit\u00e9 et des crit\u00e8res de conception de production de niveau militaire, les produits de l'entreprise sont vendus dans des pays d\u00e9velopp\u00e9s tels que l'Allemagne, l'Autriche, la Suisse, la France, le Royaume-Uni, les \u00c9tats-Unis et le Japon. Elle a \u00e9galement \u00e9tabli des partenariats de coop\u00e9ration \u00e0 long terme avec un certain nombre d'entreprises locales renomm\u00e9es.<br>Guid\u00e9e par les exigences du march\u00e9, l'entreprise s'engage \u00e0 innover en permanence et se consacre \u00e0 fournir \u00e0 ses clients des solutions laser \u00e0 semi-conducteurs offrant le meilleur rapport co\u00fbt-efficacit\u00e9, ce qui constitue son principe fondamental.<\/p>\n\n\n\n<p><\/p>\n<\/div>\n<\/div>\n<\/div>\n<\/div><div class=\"themepark_imgtext_ba\" style=\"opacity:1;\"><\/div><\/section>\n<\/div>\n<\/div><div class=\"layout_badh\"><\/div><\/section>\n\n\n\n<section class=\"wp-block-themepark-block-themepark-area block_layout thempark-block undefined bom20 top20\" id=\"padingmax\" style=\"background-color:#ff3b3b05;padding-bottom:44px;padding-top:46px;\" data-swiper-parallax=\"-700\"><div class=\"block_layout_in clomnsmal\" style=\"max-width:1400px;\">\n<div class=\"wp-block-column block_layout_in is-layout-flow wp-block-column-is-layout-flow\">\n<div class=\"wp-block-columns is-layout-flex wp-container-core-columns-is-layout-9d6595d7 wp-block-columns-is-layout-flex\">\n<div class=\"wp-block-column is-layout-flow wp-block-column-is-layout-flow\">\n<div class=\"wp-block-themepark-block-themepark-radiusimgbox themepark-radiusimgbox\" style=\"background:#d9eaea;height:672px;\"><div class=\"radiusimgboximg\"><img loading=\"lazy\" decoding=\"async\" src=\"https:\/\/laserdiode-ld.com\/wp-content\/uploads\/2025\/09\/1.jpg\" width=\"591\" height=\"639\" alt=\"\"\/><\/div><div class=\"radiusimgbox\" style=\"background:#d9eaea;width:384px;\"><div class=\"radiusimgbox_in\" style=\"box-shadow: 0 0 7px 7px #0000001a;\">\n<div class=\"wp-block-column block_layout_in is-layout-flow wp-block-column-is-layout-flow\">\n<p class=\"has-medium-font-size\"><strong>Assurance qualit\u00e9<\/strong><\/p>\n\n\n\n<section class=\"wp-block-themepark-block-themepark-bili thempark-block themepark_imgtext dsxws  updonwmodle undefined\" style=\"\"><div class=\"themepark_bili\" style=\"\"><div class=\"bili_box\"><span class=\"bili_box_title\" style=\"font-size:26px;color:#333;\">Taux de satisfaction client<\/span><span class=\"bili_box_title2\" style=\"font-size:16px;color:#666;\">90%<\/span><div class=\"bili_box_jd\" style=\"border:1px solid #fff;background:#fff;border-radius:0px;\"><div class=\"bili_box_jd_in\" style=\"width:90%;border-radius:0px;height:10px;background:#1e73be;\"><\/div><\/div><\/div><div class=\"bili_box\"><span class=\"bili_box_title\" style=\"font-size:26px;color:#333;\">Taux de satisfaction apr\u00e8s-vente<\/span><span class=\"bili_box_title2\" style=\"font-size:16px;color:#666;\">95%<\/span><div class=\"bili_box_jd\" style=\"border:1px solid #fff;background:#fff;border-radius:0px;\"><div class=\"bili_box_jd_in\" style=\"width:95%;border-radius:0px;height:10px;background:#1e73be;\"><\/div><\/div><\/div><div class=\"bili_box\"><span class=\"bili_box_title\" style=\"font-size:26px;color:#333;\">D\u00e9velopp\u00e9 de mani\u00e8re ind\u00e9pendante<\/span><span class=\"bili_box_title2\" style=\"font-size:16px;color:#666;\">56%<\/span><div class=\"bili_box_jd\" style=\"border:1px solid #fff;background:#fff;border-radius:0px;\"><div class=\"bili_box_jd_in\" style=\"width:56%;border-radius:0px;height:10px;background:#1e73be;\"><\/div><\/div><\/div><\/div><div class=\"themepark_imgtext_text\" style=\"\">\n<div class=\"wp-block-column is-layout-flow wp-block-column-is-layout-flow\"><\/div>\n<\/div><div class=\"themepark_imgtext_ba\" style=\"opacity:1;\"><\/div><\/section>\n<\/div>\n<\/div><div class=\"radiusimgbox_j1\"><svg viewbox=\"0 0 11 11\" fill=\"none\" xmlns=\"http:\/\/www.w3.org\/2000\/svg\"><path d=\"M11 1.54972e-06L0 0L2.38419e-07 11C1.65973e-07 4.92487 4.92487 1.62217e-06 11 1.54972e-06Z\" fill=\"#d9eaea\"><\/path><\/svg><\/div><div class=\"radiusimgbox_j2\"><svg viewbox=\"0 0 11 11\" fill=\"none\" xmlns=\"http:\/\/www.w3.org\/2000\/svg\"><path d=\"M11 1.54972e-06L0 0L2.38419e-07 11C1.65973e-07 4.92487 4.92487 1.62217e-06 11 1.54972e-06Z\" fill=\"#d9eaea\"><\/path><\/svg><\/div><\/div><\/div>\n<\/div>\n\n\n\n<div class=\"wp-block-column is-layout-flow wp-block-column-is-layout-flow\">\n<div class=\"wp-block-themepark-block-themepark-wright content-super-p\" style=\"font-size:16px;line-height:27px;background-color:#ffffff;padding:40px 25px;border-radius:15px;\">\n<div class=\"wp-block-column is-layout-flow wp-block-column-is-layout-flow\">\n<p class=\"has-bonkers-font-size\"><strong>Mission et vision<\/strong><\/p>\n\n\n\n<div class=\"wp-block-themepark-block-themepark-xian theme_fang_out\" style=\"text-align:left;padding-top:10px;padding-bottom:10px;\"><div class=\"fangbox\" style=\"width:254px;height:2px;background:linear-gradient(90deg, #ff3a3a, #000000);\"><\/div><\/div>\n\n\n\n<p>Ces d\u00e9buts ont \u00e9t\u00e9 sem\u00e9s d'emb\u00fbches : nuits blanches consacr\u00e9es \u00e0 la recherche, au prototypage et aux tests. Mais notre pers\u00e9v\u00e9rance nous a permis d'aller de l'avant. Notre perc\u00e9e s'est produite avec le premier prototype fonctionnel, un appareil compact qui a attir\u00e9 l'attention des communaut\u00e9s technologiques locales. <\/p>\n<\/div>\n<\/div>\n\n\n\n<p><\/p>\n\n\n\n<div class=\"wp-block-columns is-layout-flex wp-container-core-columns-is-layout-9d6595d7 wp-block-columns-is-layout-flex\">\n<div class=\"wp-block-column is-layout-flow wp-block-column-is-layout-flow\">\n<div class=\"wp-block-themepark-block-themepark-wright content-super-p\" style=\"font-size:16px;line-height:27px;background-color:#ffffff;padding:40px 25px;border-radius:15px;\">\n<div class=\"wp-block-column is-layout-flow wp-block-column-is-layout-flow\">\n<p class=\"has-themecolor-2-color has-text-color has-link-color has-medium-font-size wp-elements-d15ecd3658eb2651e2cc7afc1feab589\"><strong>Notre mission<\/strong><\/p>\n\n\n\n<p><\/p>\n\n\n\n<p>Notre mission est de donner aux entreprises les moyens d'agir gr\u00e2ce \u00e0 des solutions innovantes et un service exceptionnel.<\/p>\n\n\n\n<p><\/p>\n\n\n\n<section class=\"wp-block-themepark-block-themepark-listbox thempark-block themepark_listbox\" style=\"text-align:left;\"><ul class=\"themepark_listbox_list\" style=\"padding-left:0%;padding-right:2%;\"><li style=\"font-size:16px;line-height:26px;margin-bottom:3px;padding-left:31px;\"><i class=\"fas fa-arrow-circle-right\" style=\"line-height:26px\"><\/i><span>Innovation et excellence<\/span><\/li><li style=\"font-size:16px;line-height:26px;margin-bottom:3px;padding-left:31px;\"><i class=\"fas fa-arrow-circle-right\" style=\"line-height:26px\"><\/i><span>Client exceptionnel<\/span><\/li><li style=\"font-size:16px;line-height:26px;margin-bottom:3px;padding-left:31px;\"><i class=\"fas fa-arrow-circle-right\" style=\"line-height:26px\"><\/i><span>Croissance commerciale<\/span><\/li><\/ul><div class=\"themepark_listbox_ba\" style=\"opacity:1;\"><\/div><\/section>\n<\/div>\n<\/div>\n<\/div>\n\n\n\n<div class=\"wp-block-column is-layout-flow wp-block-column-is-layout-flow\">\n<div class=\"wp-block-themepark-block-themepark-wright content-super-p\" style=\"font-size:16px;line-height:27px;background-color:#ffffff;padding:40px 25px;border-radius:15px;\">\n<div class=\"wp-block-column is-layout-flow wp-block-column-is-layout-flow\">\n<p class=\"has-themecolor-2-color has-text-color has-link-color has-medium-font-size wp-elements-53414e8f7c95c89e7a3d04ee52106ea0\"><strong>Notre vision<\/strong><\/p>\n\n\n\n<p><\/p>\n\n\n\n<p>Notre vision est de devenir un leader mondial dans la fourniture de solutions commerciales transformatrices.<\/p>\n\n\n\n<p><\/p>\n\n\n\n<section class=\"wp-block-themepark-block-themepark-listbox thempark-block themepark_listbox\" style=\"text-align:left;\"><ul class=\"themepark_listbox_list\" style=\"padding-left:0%;padding-right:2%;\"><li style=\"font-size:16px;line-height:26px;margin-bottom:3px;padding-left:31px;\"><i class=\"fas fa-arrow-circle-right\" style=\"line-height:26px\"><\/i><span>Leadership mondial<\/span><\/li><li style=\"font-size:16px;line-height:26px;margin-bottom:3px;padding-left:31px;\"><i class=\"fas fa-arrow-circle-right\" style=\"line-height:26px\"><\/i><span>Impact transformateur<\/span><\/li><li style=\"font-size:16px;line-height:26px;margin-bottom:3px;padding-left:31px;\"><i class=\"fas fa-arrow-circle-right\" style=\"line-height:26px\"><\/i><span>Succ\u00e8s durable<\/span><\/li><\/ul><div class=\"themepark_listbox_ba\" style=\"opacity:1;\"><\/div><\/section>\n<\/div>\n<\/div>\n<\/div>\n<\/div>\n<\/div>\n<\/div>\n<\/div>\n<\/div><div class=\"layout_badh\"><\/div><\/section>\n\n\n\n<section class=\"wp-block-themepark-block-themepark-area block_layout thempark-block undefined bom20 top20\" id=\"padingmax\" style=\"padding-bottom:17px;padding-top:74px;\" data-swiper-parallax=\"-700\"><div class=\"block_layout_in\" style=\"max-width:1400px;\">\n<div class=\"wp-block-column block_layout_in is-layout-flow wp-block-column-is-layout-flow\">\n<div class=\"wp-block-themepark-block-themepark-wright content-super-p\" style=\"font-size:12px;line-height:60px;padding:10px 10px;\">\n<div class=\"wp-block-column is-layout-flow wp-block-column-is-layout-flow\">\n<h2 class=\"wp-block-heading has-text-align-center has-bonkers-font-size\">En quoi croyons-nous ?<\/h2>\n\n\n\n<div class=\"wp-block-themepark-block-themepark-xian theme_fang_out\" style=\"text-align:center;padding-top:1px;padding-bottom:10px;\"><div class=\"fangbox\" style=\"width:116px;height:2px;background:linear-gradient(90deg,rgb(22,185,185) 0%,rgb(16,227,177) 50%,rgb(15,102,96) 100%);\"><\/div><\/div>\n<\/div>\n<\/div>\n\n\n\n<section class=\"wp-block-themepark-block-themepark-icon thempark-block themepark_icon_list_out undefined  fontm18\" id=\"nomo1\" style=\"padding-bottom:20px;padding-top:20px;\"><div class=\"themepark_icon_list_in\" style=\"\"><div class=\"themepark_icon_lists iconl4 iconls1\" style=\"\"><a class=\"themepark_icon_box bhclas\"><div class=\"themepark_icon_box_i\"><div class=\"themepark_icon_box_i_out\"><i class=\"fas fa-laptop-code\" style=\"color:#fff;font-size:24px;width:64px;height:64px;line-height:64px;background:#9d0a10;\"><\/i><div style=\"background:#9d0a10;\" class=\"themepark_icon_box_i_b\"><\/div><\/div><b style=\"font-size:22px;color:#040404;\">Priorit\u00e9 client<\/b><\/div><div class=\"themepark_icon_box_d\" style=\"font-size:14px;height:88px;\"><span>Chez Themepark, notre priorit\u00e9 absolue est nos clients. Nous sommes \u00e0 l'\u00e9coute de vos opinions et les appr\u00e9cions \u00e0 leur juste valeur.<\/span><\/div><div class=\"themepark_icon_box_bac\" style=\"background:#ffffff;border-radius:25px;\"><\/div><\/a><a class=\"themepark_icon_box bhclas\"><div class=\"themepark_icon_box_i\"><div class=\"themepark_icon_box_i_out\"><i class=\"fas fa-pen-alt\" style=\"color:#fff;font-size:24px;width:64px;height:64px;line-height:64px;background:#9d0a10;\"><\/i><div style=\"background:#9d0a10;\" class=\"themepark_icon_box_i_b\"><\/div><\/div><b style=\"font-size:22px;color:#040404;\">Stimuler l'innovation<\/b><\/div><div class=\"themepark_icon_box_d\" style=\"font-size:14px;height:88px;\"><span>L'innovation est au c\u0153ur de MINISFORUM. Nous nous consacrons au d\u00e9veloppement de technologies et de designs de pointe.<\/span><\/div><div class=\"themepark_icon_box_bac\" style=\"background:#ffffff;border-radius:25px;\"><\/div><\/a><a class=\"themepark_icon_box bhclas\"><div class=\"themepark_icon_box_i\"><div class=\"themepark_icon_box_i_out\"><i class=\"fas fa-camera-retro\" style=\"color:#fff;font-size:24px;width:64px;height:64px;line-height:64px;background:#9d0a10;\"><\/i><div style=\"background:#9d0a10;\" class=\"themepark_icon_box_i_b\"><\/div><\/div><b style=\"font-size:22px;color:#040404;\">Normes de qualit\u00e9 \u00e9lev\u00e9es<\/b><\/div><div class=\"themepark_icon_box_d\" style=\"font-size:14px;height:88px;\"><span>La qualit\u00e9 est le fondement des produits MINISFORUM. Nous fabriquons chaque mini PC avec des mat\u00e9riaux de qualit\u00e9 sup\u00e9rieure et une attention m\u00e9ticuleuse aux d\u00e9tails.<\/span><\/div><div class=\"themepark_icon_box_bac\" style=\"background:#ffffff;border-radius:25px;\"><\/div><\/a><a class=\"themepark_icon_box bhclas\"><div class=\"themepark_icon_box_i\"><div class=\"themepark_icon_box_i_out\"><i class=\"fas fa-photo-video\" style=\"color:#fff;font-size:24px;width:64px;height:64px;line-height:64px;background:#9d0a10;\"><\/i><div style=\"background:#9d0a10;\" class=\"themepark_icon_box_i_b\"><\/div><\/div><b style=\"font-size:22px;color:#040404;\">Excellence dans le service<\/b><\/div><div class=\"themepark_icon_box_d\" style=\"font-size:14px;height:88px;\"><span>MINISFORUM s'engage \u00e0 fournir un service apr\u00e8s-vente et une assistance exceptionnels.<\/span><\/div><div class=\"themepark_icon_box_bac\" style=\"background:#ffffff;border-radius:25px;\"><\/div><\/a><\/div><\/div><\/section>\n<\/div>\n<\/div><div class=\"layout_badh\"><\/div><\/section>","protected":false},"excerpt":{"rendered":"","protected":false},"author":1,"featured_media":0,"parent":0,"menu_order":0,"comment_status":"closed","ping_status":"closed","template":"","meta":{"themepark_post_bcolor":"#f5f5f5","themepark_post_width":"100% dong","themepark_post_img":"","themepark_post_img_po":"left","themepark_post_img_re":false,"themepark_post_img_cover":false,"themepark_post_img_fixed":false,"themepark_post_hide_title":true,"themepark_post_main_b":"#ecf0f0","themepark_post_main_p":100,"themepark_paddingblock":true,"footnotes":"","_wpscp_schedule_draft_date":"","_wpscp_schedule_republish_date":"","_wpscppro_advance_schedule":false,"_wpscppro_advance_schedule_date":"","_wpscppro_dont_share_socialmedia":false,"_wpscppro_custom_social_share_image":0,"_facebook_share_type":"","_twitter_share_type":"","_linkedin_share_type":"","_pinterest_share_type":"","_linkedin_share_type_page":"","_instagram_share_type":"","_medium_share_type":"","_threads_share_type":"","_google_business_share_type":"","_selected_social_profile":[],"_wpsp_enable_custom_social_template":false,"_wpsp_social_scheduling":{"enabled":false,"datetime":null,"platforms":[],"status":"template_only","dateOption":"today","timeOption":"now","customDays":"","customHours":"","customDate":"","customTime":"","schedulingType":"absolute"},"_wpsp_active_default_template":true},"class_list":["post-70","page","type-page","status-publish","hentry"],"aioseo_notices":[],"_links":{"self":[{"href":"https:\/\/laserdiode-ld.com\/fr\/wp-json\/wp\/v2\/pages\/70","targetHints":{"allow":["GET"]}}],"collection":[{"href":"https:\/\/laserdiode-ld.com\/fr\/wp-json\/wp\/v2\/pages"}],"about":[{"href":"https:\/\/laserdiode-ld.com\/fr\/wp-json\/wp\/v2\/types\/page"}],"author":[{"embeddable":true,"href":"https:\/\/laserdiode-ld.com\/fr\/wp-json\/wp\/v2\/users\/1"}],"replies":[{"embeddable":true,"href":"https:\/\/laserdiode-ld.com\/fr\/wp-json\/wp\/v2\/comments?post=70"}],"version-history":[{"count":14,"href":"https:\/\/laserdiode-ld.com\/fr\/wp-json\/wp\/v2\/pages\/70\/revisions"}],"predecessor-version":[{"id":3783,"href":"https:\/\/laserdiode-ld.com\/fr\/wp-json\/wp\/v2\/pages\/70\/revisions\/3783"}],"wp:attachment":[{"href":"https:\/\/laserdiode-ld.com\/fr\/wp-json\/wp\/v2\/media?parent=70"}],"curies":[{"name":"wp","href":"https:\/\/api.w.org\/{rel}","templated":true}]}}