{"id":1567,"date":"2025-10-15T17:06:23","date_gmt":"2025-10-15T09:06:23","guid":{"rendered":"http:\/\/aserdiode-ld.com\/?page_id=1567"},"modified":"2025-11-14T16:29:44","modified_gmt":"2025-11-14T08:29:44","slug":"module-laser-couple-a-fibre-multimode","status":"publish","type":"page","link":"https:\/\/laserdiode-ld.com\/fr\/module-laser-couple-a-fibre-multimode","title":{"rendered":"Module laser \u00e0 fibre multimode coupl\u00e9 (pour affichage de sous-cat\u00e9gorie)"},"content":{"rendered":"<section class=\"wp-block-themepark-block-themepark-area block_layout thempark-block undefined\" id=\"maxw\" style=\"background-color:#ffffff;padding-bottom:63px;padding-top:49px;\" data-swiper-parallax=\"-700\"><div class=\"block_layout_in\" style=\"max-width:1600px;\">\n<div class=\"wp-block-column block_layout_in is-layout-flow wp-block-column-is-layout-flow\">\n<div class=\"wp-block-columns is-layout-flex wp-container-core-columns-is-layout-9d6595d7 wp-block-columns-is-layout-flex\">\n<div class=\"wp-block-column is-layout-flow wp-block-column-is-layout-flow\">\n<div class=\"wp-block-themepark-block-themepark-wright content-super-p\" style=\"font-size:12px;line-height:36px;padding:10px 10px;\">\n<div class=\"wp-block-column is-layout-flow wp-block-column-is-layout-flow\">\n<p class=\"has-text-align-left has-themecolor-1-color has-text-color has-link-color has-large-font-size wp-elements-8cdaf881488f59408810e9b1f92509d4\" style=\"text-transform:uppercase\"><strong>Module laser \u00e0 fibre optique multimode coupl\u00e9<\/strong><\/p>\n\n\n\n<p class=\"has-text-align-left has-small-font-size\"><strong>375 nm ~ 1920 nm 5 mW ~ 100 W Puissance de sortie 50 um | 62,5 um | 105 um | 200 um | 400 um C\u0153ur de fibre Coaxial | 2 broches | 4 broches | 6 broches | 9 broches | 14 broches | 15 broches Bo\u00eetier Rouge | Vert Faisceau de vis\u00e9e en option<\/strong><\/p>\n\n\n\n<p class=\"has-text-align-left has-small-font-size\"><\/p>\n\n\n\n<div class=\"wp-block-themepark-block-themepark-xian theme_fang_out  bom20\" style=\"text-align:left;padding-top:20px;padding-bottom:19px;\"><div class=\"fangbox\" style=\"width:137px;height:5px;background:linear-gradient(90deg, orange, purple);\"><\/div><\/div>\n<\/div>\n<\/div>\n<\/div>\n\n\n\n<div class=\"wp-block-column is-layout-flow wp-block-column-is-layout-flow\">\n<div class=\"wp-block-themepark-block-themepark-wright content-super-p\" style=\"font-size:12px;line-height:12px;padding:0px 10px;text-align: center;\">\n<div class=\"wp-block-column is-layout-flow wp-block-column-is-layout-flow\"><div class=\"wp-block-image\">\n<figure class=\"alignleft size-full is-resized\"><img decoding=\"async\" src=\"https:\/\/laserdiode-ld.com\/wp-content\/uploads\/2025\/09\/4-4Multi-mode-Fiber-Coupled-Laser-Module.png\" alt=\"\" class=\"wp-image-1974\" style=\"width:262px;height:auto\"\/><\/figure>\n<\/div><\/div>\n<\/div>\n<\/div>\n<\/div>\n\n\n<div class=\"product_cat_loop\"style=\"line-height:22px;\"><ul  class=\"catline-3 featured-3\"><li  ><a style=\"font-size:16px;color:#9d0a10;\" href=\"https:\/\/laserdiode-ld.com\/fr\/categorie-produit\/module-laser-couple-a-fibre-multimode\/module-laser-couple-a-fibre-multimode-375-nm\">Module laser multimode coupl\u00e9 \u00e0 fibre optique de 375 nm<\/span><\/a><\/li><li  ><a style=\"font-size:16px;color:#9d0a10;\" href=\"https:\/\/laserdiode-ld.com\/fr\/categorie-produit\/module-laser-couple-a-fibre-multimode\/module-laser-couple-a-fibre-multimode-395-nm\">Module laser multimode coupl\u00e9 \u00e0 fibre optique 395 nm<\/span><\/a><\/li><li  ><a style=\"font-size:16px;color:#9d0a10;\" href=\"https:\/\/laserdiode-ld.com\/fr\/categorie-produit\/module-laser-couple-a-fibre-multimode\/module-laser-couple-a-fibre-multimode-400-nm\">Module laser multimode \u00e0 fibre optique de 400 nm<\/span><\/a><\/li><li  ><a style=\"font-size:16px;color:#9d0a10;\" href=\"https:\/\/laserdiode-ld.com\/fr\/categorie-produit\/module-laser-couple-a-fibre-multimode\/module-laser-couple-a-fibre-multimode-405-nm\">Module laser multimode \u00e0 fibre optique coupl\u00e9e de 405 nm<\/span><\/a><\/li><li  ><a style=\"font-size:16px;color:#9d0a10;\" href=\"https:\/\/laserdiode-ld.com\/fr\/categorie-produit\/module-laser-couple-a-fibre-multimode\/module-laser-couple-a-fibre-multimode-410-nm\">Module laser multimode coupl\u00e9 \u00e0 fibre optique 410 nm<\/span><\/a><\/li><li  ><a style=\"font-size:16px;color:#9d0a10;\" href=\"https:\/\/laserdiode-ld.com\/fr\/categorie-produit\/module-laser-couple-a-fibre-multimode\/module-laser-couple-a-fibre-multimode-413-nm\">Module laser multimode coupl\u00e9 \u00e0 fibre optique 413 nm<\/span><\/a><\/li><li  ><a style=\"font-size:16px;color:#9d0a10;\" href=\"https:\/\/laserdiode-ld.com\/fr\/categorie-produit\/module-laser-couple-a-fibre-multimode\/module-laser-couple-a-fibre-multimode-420-nm\">Module laser multimode coupl\u00e9 \u00e0 fibre optique de 420 nm<\/span><\/a><\/li><li  ><a style=\"font-size:16px;color:#9d0a10;\" href=\"https:\/\/laserdiode-ld.com\/fr\/categorie-produit\/module-laser-couple-a-fibre-multimode\/module-laser-couple-a-fibre-multimode-425-nm\">Module laser multimode coupl\u00e9 \u00e0 fibre optique 425 nm<\/span><\/a><\/li><li  ><a style=\"font-size:16px;color:#9d0a10;\" href=\"https:\/\/laserdiode-ld.com\/fr\/categorie-produit\/module-laser-couple-a-fibre-multimode\/module-laser-couple-a-fibre-multimode-435-nm\">Module laser multimode coupl\u00e9 \u00e0 fibre optique 435 nm<\/span><\/a><\/li><li  ><a style=\"font-size:16px;color:#9d0a10;\" href=\"https:\/\/laserdiode-ld.com\/fr\/categorie-produit\/module-laser-couple-a-fibre-multimode\/module-laser-couple-a-fibre-multimode-445-nm\">Module laser multimode coupl\u00e9 \u00e0 fibre optique 445 nm<\/span><\/a><\/li><li  ><a style=\"font-size:16px;color:#9d0a10;\" href=\"https:\/\/laserdiode-ld.com\/fr\/categorie-produit\/module-laser-couple-a-fibre-multimode\/module-laser-couple-a-fibre-multimode-455-nm\">Module laser multimode \u00e0 fibre optique coupl\u00e9e de 455 nm<\/span><\/a><\/li><li  ><a style=\"font-size:16px;color:#9d0a10;\" href=\"https:\/\/laserdiode-ld.com\/fr\/categorie-produit\/module-laser-couple-a-fibre-multimode\/module-laser-couple-a-fibre-multimode-465-nm\">Module laser multimode coupl\u00e9 \u00e0 fibre optique 465 nm<\/span><\/a><\/li><li  ><a style=\"font-size:16px;color:#9d0a10;\" href=\"https:\/\/laserdiode-ld.com\/fr\/categorie-produit\/module-laser-couple-a-fibre-multimode\/module-laser-couple-a-fibre-multimode-480-nm\">Module laser multimode coupl\u00e9 \u00e0 fibre optique 480 nm<\/span><\/a><\/li><li  ><a style=\"font-size:16px;color:#9d0a10;\" href=\"https:\/\/laserdiode-ld.com\/fr\/categorie-produit\/module-laser-couple-a-fibre-multimode\/module-laser-couple-a-fibre-multimode-488-nm\">Module laser multimode coupl\u00e9 \u00e0 fibre optique 488 nm<\/span><\/a><\/li><li  ><a style=\"font-size:16px;color:#9d0a10;\" href=\"https:\/\/laserdiode-ld.com\/fr\/categorie-produit\/module-laser-couple-a-fibre-multimode\/module-laser-couple-a-fibre-multimode-495-nm\">Module laser multimode coupl\u00e9 \u00e0 fibre optique 495 nm<\/span><\/a><\/li><li  ><a style=\"font-size:16px;color:#9d0a10;\" href=\"https:\/\/laserdiode-ld.com\/fr\/categorie-produit\/module-laser-couple-a-fibre-multimode\/module-laser-couple-a-fibre-multimode-505-nm\">Module laser multimode coupl\u00e9 \u00e0 fibre optique de 505 nm<\/span><\/a><\/li><li  ><a style=\"font-size:16px;color:#9d0a10;\" href=\"https:\/\/laserdiode-ld.com\/fr\/categorie-produit\/module-laser-couple-a-fibre-multimode\/module-laser-couple-a-fibre-multimode-520-nm\">Module laser multimode coupl\u00e9 \u00e0 fibre optique 520 nm<\/span><\/a><\/li><li  ><a style=\"font-size:16px;color:#9d0a10;\" href=\"https:\/\/laserdiode-ld.com\/fr\/categorie-produit\/module-laser-couple-a-fibre-multimode\/module-laser-couple-a-fibre-multimode-525-nm\">Module laser multimode \u00e0 fibre optique coupl\u00e9e de 525 nm<\/span><\/a><\/li><li  ><a style=\"font-size:16px;color:#9d0a10;\" href=\"https:\/\/laserdiode-ld.com\/fr\/categorie-produit\/module-laser-couple-a-fibre-multimode\/module-laser-couple-a-fibre-multimode-532-nm\">Module laser multimode coupl\u00e9 \u00e0 fibre optique 532 nm<\/span><\/a><\/li><li  ><a style=\"font-size:16px;color:#9d0a10;\" href=\"https:\/\/laserdiode-ld.com\/fr\/categorie-produit\/module-laser-couple-a-fibre-multimode\/module-laser-couple-a-fibre-multimode-630-nm\">Module laser multimode coupl\u00e9 \u00e0 fibre optique 630 nm<\/span><\/a><\/li><li  ><a style=\"font-size:16px;color:#9d0a10;\" href=\"https:\/\/laserdiode-ld.com\/fr\/categorie-produit\/module-laser-couple-a-fibre-multimode\/module-laser-couple-a-fibre-multimode-633-nm\">Module laser multimode \u00e0 fibre optique coupl\u00e9e de 633 nm<\/span><\/a><\/li><li  ><a style=\"font-size:16px;color:#9d0a10;\" href=\"https:\/\/laserdiode-ld.com\/fr\/categorie-produit\/module-laser-couple-a-fibre-multimode\/module-laser-couple-a-fibre-multimode-635-nm\">Module laser multimode coupl\u00e9 \u00e0 fibre optique 635 nm<\/span><\/a><\/li><li  ><a style=\"font-size:16px;color:#9d0a10;\" href=\"https:\/\/laserdiode-ld.com\/fr\/categorie-produit\/module-laser-couple-a-fibre-multimode\/module-laser-couple-a-fibre-multimode-645-nm\">Module laser multimode \u00e0 fibre optique coupl\u00e9e de 645 nm<\/span><\/a><\/li><li  ><a style=\"font-size:16px;color:#9d0a10;\" href=\"https:\/\/laserdiode-ld.com\/fr\/categorie-produit\/module-laser-couple-a-fibre-multimode\/module-laser-couple-a-fibre-multimode-653-nm\">Module laser multimode \u00e0 fibre optique coupl\u00e9e de 653 nm<\/span><\/a><\/li><li  ><a style=\"font-size:16px;color:#9d0a10;\" href=\"https:\/\/laserdiode-ld.com\/fr\/categorie-produit\/module-laser-couple-a-fibre-multimode\/module-laser-couple-a-fibre-multimode-660-nm\">Module laser multimode coupl\u00e9 \u00e0 fibre optique 660 nm<\/span><\/a><\/li><li  ><a style=\"font-size:16px;color:#9d0a10;\" href=\"https:\/\/laserdiode-ld.com\/fr\/categorie-produit\/module-laser-couple-a-fibre-multimode\/module-laser-couple-a-fibre-multimode-670-nm\">Module laser multimode coupl\u00e9 \u00e0 fibre optique 670 nm<\/span><\/a><\/li><li  ><a style=\"font-size:16px;color:#9d0a10;\" href=\"https:\/\/laserdiode-ld.com\/fr\/categorie-produit\/module-laser-couple-a-fibre-multimode\/module-laser-couple-a-fibre-multimode-685-nm\">Module laser multimode coupl\u00e9 \u00e0 fibre optique 685 nm<\/span><\/a><\/li><li  ><a style=\"font-size:16px;color:#9d0a10;\" href=\"https:\/\/laserdiode-ld.com\/fr\/categorie-produit\/module-laser-couple-a-fibre-multimode\/module-laser-couple-a-fibre-multimode-690-nm\">Module laser multimode coupl\u00e9 \u00e0 fibre optique 690 nm<\/span><\/a><\/li><li  ><a style=\"font-size:16px;color:#9d0a10;\" href=\"https:\/\/laserdiode-ld.com\/fr\/categorie-produit\/module-laser-couple-a-fibre-multimode\/module-laser-couple-a-fibre-multimode-760-nm\">Module laser multimode coupl\u00e9 \u00e0 fibre optique 760 nm<\/span><\/a><\/li><li  ><a style=\"font-size:16px;color:#9d0a10;\" href=\"https:\/\/laserdiode-ld.com\/fr\/categorie-produit\/module-laser-couple-a-fibre-multimode\/module-laser-couple-a-fibre-multimode-770-nm\">Module laser multimode \u00e0 fibre optique coupl\u00e9e de 770 nm<\/span><\/a><\/li><li  ><a style=\"font-size:16px;color:#9d0a10;\" href=\"https:\/\/laserdiode-ld.com\/fr\/categorie-produit\/module-laser-couple-a-fibre-multimode\/module-laser-couple-a-fibre-multimode-785-nm\">Module laser multimode coupl\u00e9 \u00e0 fibre optique 785 nm<\/span><\/a><\/li><li  ><a style=\"font-size:16px;color:#9d0a10;\" href=\"https:\/\/laserdiode-ld.com\/fr\/categorie-produit\/module-laser-couple-a-fibre-multimode\/module-laser-couple-a-fibre-multimode-808-nm\">Module laser multimode coupl\u00e9 \u00e0 fibre optique 808 nm<\/span><\/a><\/li><li  ><a style=\"font-size:16px;color:#9d0a10;\" href=\"https:\/\/laserdiode-ld.com\/fr\/categorie-produit\/module-laser-couple-a-fibre-multimode\/module-laser-couple-a-fibre-multimode-820-nm\">Module laser multimode \u00e0 fibre optique coupl\u00e9e de 820 nm<\/span><\/a><\/li><li  ><a style=\"font-size:16px;color:#9d0a10;\" href=\"https:\/\/laserdiode-ld.com\/fr\/categorie-produit\/module-laser-couple-a-fibre-multimode\/module-laser-couple-a-fibre-multimode-830-nm\">Module laser multimode \u00e0 fibre optique coupl\u00e9e de 830 nm<\/span><\/a><\/li><li  ><a style=\"font-size:16px;color:#9d0a10;\" href=\"https:\/\/laserdiode-ld.com\/fr\/categorie-produit\/module-laser-couple-a-fibre-multimode\/module-laser-couple-a-fibre-multimode-850-nm\">Module laser multimode \u00e0 fibre optique coupl\u00e9e de 850 nm<\/span><\/a><\/li><li  ><a style=\"font-size:16px;color:#9d0a10;\" href=\"https:\/\/laserdiode-ld.com\/fr\/categorie-produit\/module-laser-couple-a-fibre-multimode\/module-laser-couple-a-fibre-multimode-880-nm\">Module laser coupl\u00e9 \u00e0 fibre multimode 880 nm<\/span><\/a><\/li><li  ><a style=\"font-size:16px;color:#9d0a10;\" href=\"https:\/\/laserdiode-ld.com\/fr\/categorie-produit\/module-laser-couple-a-fibre-multimode\/module-laser-couple-a-fibre-multimode-905-nm\">Module laser multimode coupl\u00e9 \u00e0 fibre optique 905 nm<\/span><\/a><\/li><li  ><a style=\"font-size:16px;color:#9d0a10;\" href=\"https:\/\/laserdiode-ld.com\/fr\/categorie-produit\/module-laser-couple-a-fibre-multimode\/module-laser-couple-a-fibre-multimode-915-nm\">Module laser multimode \u00e0 fibre optique coupl\u00e9e de 915 nm<\/span><\/a><\/li><li  ><a style=\"font-size:16px;color:#9d0a10;\" href=\"https:\/\/laserdiode-ld.com\/fr\/categorie-produit\/module-laser-couple-a-fibre-multimode\/module-laser-couple-a-fibre-multimode-940-nm\">Module laser multimode \u00e0 fibre optique coupl\u00e9e de 940 nm<\/span><\/a><\/li><li  ><a style=\"font-size:16px;color:#9d0a10;\" href=\"https:\/\/laserdiode-ld.com\/fr\/categorie-produit\/module-laser-couple-a-fibre-multimode\/module-laser-couple-a-fibre-multimode-980-nm\">Module laser multimode \u00e0 fibre optique coupl\u00e9e de 980 nm<\/span><\/a><\/li><li  ><a style=\"font-size:16px;color:#9d0a10;\" href=\"https:\/\/laserdiode-ld.com\/fr\/categorie-produit\/module-laser-couple-a-fibre-multimode\/module-laser-couple-a-fibre-multimode-1064-nm\">Module laser multimode \u00e0 fibre optique coupl\u00e9e de 1064 nm<\/span><\/a><\/li><li  ><a style=\"font-size:16px;color:#9d0a10;\" href=\"https:\/\/laserdiode-ld.com\/fr\/categorie-produit\/module-laser-couple-a-fibre-multimode\/module-laser-couple-a-fibre-multimode-1550-nm\">Module laser multimode \u00e0 fibre optique coupl\u00e9e de 1550 nm<\/span><\/a><\/li><\/ul><\/div><\/div>\n<\/div><div class=\"layout_badh\"><\/div><\/section>","protected":false},"excerpt":{"rendered":"","protected":false},"author":1,"featured_media":0,"parent":0,"menu_order":0,"comment_status":"closed","ping_status":"closed","template":"","meta":{"themepark_post_bcolor":"#ffffff","themepark_post_width":"1022px","themepark_post_img":"","themepark_post_img_po":"left","themepark_post_img_re":false,"themepark_post_img_cover":false,"themepark_post_img_fixed":false,"themepark_post_hide_title":true,"themepark_post_main_b":"#ffffff","themepark_post_main_p":100,"themepark_paddingblock":true,"footnotes":"","_wpscp_schedule_draft_date":"","_wpscp_schedule_republish_date":"","_wpscppro_advance_schedule":false,"_wpscppro_advance_schedule_date":"","_wpscppro_dont_share_socialmedia":false,"_wpscppro_custom_social_share_image":0,"_facebook_share_type":"","_twitter_share_type":"","_linkedin_share_type":"","_pinterest_share_type":"","_linkedin_share_type_page":"","_instagram_share_type":"","_medium_share_type":"","_threads_share_type":"","_google_business_share_type":"","_selected_social_profile":[],"_wpsp_enable_custom_social_template":false,"_wpsp_social_scheduling":{"enabled":false,"datetime":null,"platforms":[],"status":"template_only","dateOption":"today","timeOption":"now","customDays":"","customHours":"","customDate":"","customTime":"","schedulingType":"absolute"},"_wpsp_active_default_template":true},"class_list":["post-1567","page","type-page","status-publish","hentry"],"aioseo_notices":[],"_links":{"self":[{"href":"https:\/\/laserdiode-ld.com\/fr\/wp-json\/wp\/v2\/pages\/1567","targetHints":{"allow":["GET"]}}],"collection":[{"href":"https:\/\/laserdiode-ld.com\/fr\/wp-json\/wp\/v2\/pages"}],"about":[{"href":"https:\/\/laserdiode-ld.com\/fr\/wp-json\/wp\/v2\/types\/page"}],"author":[{"embeddable":true,"href":"https:\/\/laserdiode-ld.com\/fr\/wp-json\/wp\/v2\/users\/1"}],"replies":[{"embeddable":true,"href":"https:\/\/laserdiode-ld.com\/fr\/wp-json\/wp\/v2\/comments?post=1567"}],"version-history":[{"count":3,"href":"https:\/\/laserdiode-ld.com\/fr\/wp-json\/wp\/v2\/pages\/1567\/revisions"}],"predecessor-version":[{"id":2060,"href":"https:\/\/laserdiode-ld.com\/fr\/wp-json\/wp\/v2\/pages\/1567\/revisions\/2060"}],"wp:attachment":[{"href":"https:\/\/laserdiode-ld.com\/fr\/wp-json\/wp\/v2\/media?parent=1567"}],"curies":[{"name":"wp","href":"https:\/\/api.w.org\/{rel}","templated":true}]}}