{"id":1564,"date":"2025-10-15T17:04:30","date_gmt":"2025-10-15T09:04:30","guid":{"rendered":"http:\/\/aserdiode-ld.com\/?page_id=1564"},"modified":"2025-11-28T11:43:42","modified_gmt":"2025-11-28T03:43:42","slug":"module-laser-a-fibre-monomode-couple","status":"publish","type":"page","link":"https:\/\/laserdiode-ld.com\/fr\/module-laser-a-fibre-monomode-couple","title":{"rendered":"Module laser coupl\u00e9 \u00e0 fibre monomode"},"content":{"rendered":"<section class=\"wp-block-themepark-block-themepark-area block_layout thempark-block undefined\" id=\"maxw\" style=\"background-color:#ffffff;padding-bottom:63px;padding-top:49px;\" data-swiper-parallax=\"-700\"><div class=\"block_layout_in\" style=\"max-width:1600px;\">\n<div class=\"wp-block-column block_layout_in is-layout-flow wp-block-column-is-layout-flow\">\n<div class=\"wp-block-columns is-layout-flex wp-container-core-columns-is-layout-9d6595d7 wp-block-columns-is-layout-flex\">\n<div class=\"wp-block-column is-layout-flow wp-block-column-is-layout-flow\">\n<div class=\"wp-block-themepark-block-themepark-wright content-super-p\" style=\"font-size:12px;line-height:36px;\">\n<div class=\"wp-block-column is-layout-flow wp-block-column-is-layout-flow\">\n<p class=\"has-text-align-left has-themecolor-1-color has-text-color has-link-color has-large-font-size wp-elements-330deafbc448e3ffe15f97cdda648747\" style=\"text-transform:uppercase\"><strong>Module laser coupl\u00e9 \u00e0 fibre monomode<\/strong><\/p>\n\n\n\n<p class=\"has-text-align-left has-small-font-size\"><strong>405 nm ~ 1650 nm 1 mW ~ 100 mW Puissance de sortie Coaxial et bo\u00eetier 14 broches 3 \u00b5m | 4 \u00b5m | 5 \u00b5m | 6 \u00b5m | 9 \u00b5m SMF ou PMF PER jusqu'\u00e0 20 dB Photodiodes int\u00e9gr\u00e9es En option Refroidisseur TE int\u00e9gr\u00e9 En option&nbsp; &nbsp;<\/strong><\/p>\n\n\n\n<div class=\"wp-block-themepark-block-themepark-xian theme_fang_out  bom20\" style=\"text-align:left;padding-top:15px;padding-bottom:1px;\"><div class=\"fangbox\" style=\"width:137px;height:5px;background:linear-gradient(90deg, orange, purple);\"><\/div><\/div>\n<\/div>\n<\/div>\n<\/div>\n\n\n\n<div class=\"wp-block-column is-layout-flow wp-block-column-is-layout-flow\">\n<div class=\"wp-block-themepark-block-themepark-wright content-super-p\" style=\"font-size:12px;line-height:12px;text-align: center;\">\n<div class=\"wp-block-column is-layout-flow wp-block-column-is-layout-flow\">\n<figure class=\"wp-block-image size-full is-resized\"><img loading=\"lazy\" decoding=\"async\" width=\"400\" height=\"400\" src=\"https:\/\/laserdiode-ld.com\/wp-content\/uploads\/2025\/11\/03Single-Mode-Fiber-Coupled-Laser-Module-1.png\" alt=\"\" class=\"wp-image-3762\" style=\"width:265px\" srcset=\"https:\/\/laserdiode-ld.com\/wp-content\/uploads\/2025\/11\/03Single-Mode-Fiber-Coupled-Laser-Module-1.png 400w, https:\/\/laserdiode-ld.com\/wp-content\/uploads\/2025\/11\/03Single-Mode-Fiber-Coupled-Laser-Module-1-300x300.png 300w, https:\/\/laserdiode-ld.com\/wp-content\/uploads\/2025\/11\/03Single-Mode-Fiber-Coupled-Laser-Module-1-150x150.png 150w, https:\/\/laserdiode-ld.com\/wp-content\/uploads\/2025\/11\/03Single-Mode-Fiber-Coupled-Laser-Module-1-100x100.png 100w\" sizes=\"auto, (max-width: 400px) 100vw, 400px\" \/><\/figure>\n<\/div>\n<\/div>\n<\/div>\n<\/div>\n\n\n<div class=\"product_cat_loop\"style=\"line-height:22px;\"><ul  class=\"catline-3 featured-3\"><li  ><a style=\"font-size:16px;color:#9d0a10;\" href=\"https:\/\/laserdiode-ld.com\/fr\/categorie-produit\/module-laser-a-fibre-monomode-couple\/module-laser-couple-a-fibre-monomode-400-nm\">Module laser coupl\u00e9 \u00e0 fibre monomode 400 nm<\/span><\/a><\/li><li  ><a style=\"font-size:16px;color:#9d0a10;\" href=\"https:\/\/laserdiode-ld.com\/fr\/categorie-produit\/module-laser-a-fibre-monomode-couple\/module-laser-couple-a-fibre-monomode-405-nm\">Module laser coupl\u00e9 \u00e0 fibre monomode 405 nm<\/span><\/a><\/li><li  ><a style=\"font-size:16px;color:#9d0a10;\" href=\"https:\/\/laserdiode-ld.com\/fr\/categorie-produit\/module-laser-a-fibre-monomode-couple\/module-laser-couple-a-fibre-monomode-445-nm\">Module laser coupl\u00e9 \u00e0 fibre monomode 445 nm<\/span><\/a><\/li><li  ><a style=\"font-size:16px;color:#9d0a10;\" href=\"https:\/\/laserdiode-ld.com\/fr\/categorie-produit\/module-laser-a-fibre-monomode-couple\/module-laser-couple-a-fibre-monomode-460-nm\">Module laser coupl\u00e9 \u00e0 fibre monomode 460 nm<\/span><\/a><\/li><li  ><a style=\"font-size:16px;color:#9d0a10;\" href=\"https:\/\/laserdiode-ld.com\/fr\/categorie-produit\/module-laser-a-fibre-monomode-couple\/module-laser-a-fibre-monomode-couple-de-473-nm\">Module laser coupl\u00e9 \u00e0 fibre monomode 473 nm<\/span><\/a><\/li><li  ><a style=\"font-size:16px;color:#9d0a10;\" href=\"https:\/\/laserdiode-ld.com\/fr\/categorie-produit\/module-laser-a-fibre-monomode-couple\/module-laser-couple-a-fibre-monomode-480-nm\">Module laser coupl\u00e9 \u00e0 fibre monomode 480 nm<\/span><\/a><\/li><li  ><a style=\"font-size:16px;color:#9d0a10;\" href=\"https:\/\/laserdiode-ld.com\/fr\/categorie-produit\/module-laser-a-fibre-monomode-couple\/module-laser-couple-a-fibre-monomode-488-nm\">Module laser coupl\u00e9 \u00e0 fibre monomode 488 nm<\/span><\/a><\/li><li  ><a style=\"font-size:16px;color:#9d0a10;\" href=\"https:\/\/laserdiode-ld.com\/fr\/categorie-produit\/module-laser-a-fibre-monomode-couple\/module-laser-a-fibre-monomode-couple-de-495-nm\">Module laser coupl\u00e9 \u00e0 fibre monomode 495 nm<\/span><\/a><\/li><li  ><a style=\"font-size:16px;color:#9d0a10;\" href=\"https:\/\/laserdiode-ld.com\/fr\/categorie-produit\/module-laser-a-fibre-monomode-couple\/module-laser-couple-a-fibre-monomode-505-nm\">Module laser coupl\u00e9 \u00e0 fibre monomode 505 nm<\/span><\/a><\/li><li  ><a style=\"font-size:16px;color:#9d0a10;\" href=\"https:\/\/laserdiode-ld.com\/fr\/categorie-produit\/module-laser-a-fibre-monomode-couple\/module-laser-couple-a-fibre-monomode-510-nm\">Module laser coupl\u00e9 \u00e0 fibre monomode 510 nm<\/span><\/a><\/li><li  ><a style=\"font-size:16px;color:#9d0a10;\" href=\"https:\/\/laserdiode-ld.com\/fr\/categorie-produit\/module-laser-a-fibre-monomode-couple\/module-laser-couple-a-fibre-monomode-520-nm\">Module laser coupl\u00e9 \u00e0 fibre monomode 520 nm<\/span><\/a><\/li><li  ><a style=\"font-size:16px;color:#9d0a10;\" href=\"https:\/\/laserdiode-ld.com\/fr\/categorie-produit\/module-laser-a-fibre-monomode-couple\/module-laser-couple-a-fibre-monomode-633-nm\">Module laser coupl\u00e9 \u00e0 fibre monomode 633 nm<\/span><\/a><\/li><li  ><a style=\"font-size:16px;color:#9d0a10;\" href=\"https:\/\/laserdiode-ld.com\/fr\/categorie-produit\/module-laser-a-fibre-monomode-couple\/module-laser-couple-a-fibre-monomode-640-nm\">Module laser coupl\u00e9 \u00e0 fibre monomode 640 nm<\/span><\/a><\/li><li  ><a style=\"font-size:16px;color:#9d0a10;\" href=\"https:\/\/laserdiode-ld.com\/fr\/categorie-produit\/module-laser-a-fibre-monomode-couple\/module-laser-couple-a-fibre-monomode-650-nm\">Module laser coupl\u00e9 \u00e0 fibre monomode 650 nm<\/span><\/a><\/li><li  ><a style=\"font-size:16px;color:#9d0a10;\" href=\"https:\/\/laserdiode-ld.com\/fr\/categorie-produit\/module-laser-a-fibre-monomode-couple\/module-laser-couple-a-fibre-monomode-670-nm\">Module laser coupl\u00e9 \u00e0 fibre monomode 670 nm<\/span><\/a><\/li><li  ><a style=\"font-size:16px;color:#9d0a10;\" href=\"https:\/\/laserdiode-ld.com\/fr\/categorie-produit\/module-laser-a-fibre-monomode-couple\/module-laser-a-fibre-monomode-couple-de-685-nm\">Module laser coupl\u00e9 \u00e0 fibre monomode 685 nm<\/span><\/a><\/li><li  ><a style=\"font-size:16px;color:#9d0a10;\" href=\"https:\/\/laserdiode-ld.com\/fr\/categorie-produit\/module-laser-a-fibre-monomode-couple\/module-laser-a-fibre-monomode-couple-de-690-nm\">Module laser coupl\u00e9 \u00e0 fibre monomode 690 nm<\/span><\/a><\/li><li  ><a style=\"font-size:16px;color:#9d0a10;\" href=\"https:\/\/laserdiode-ld.com\/fr\/categorie-produit\/module-laser-a-fibre-monomode-couple\/module-laser-couple-a-fibre-monomode-705-nm\">Module laser coupl\u00e9 \u00e0 fibre monomode 705 nm<\/span><\/a><\/li><li  ><a style=\"font-size:16px;color:#9d0a10;\" href=\"https:\/\/laserdiode-ld.com\/fr\/categorie-produit\/module-laser-a-fibre-monomode-couple\/module-laser-couple-a-fibre-monomode-730-nm\">Module laser coupl\u00e9 \u00e0 fibre monomode 730 nm<\/span><\/a><\/li><li  ><a style=\"font-size:16px;color:#9d0a10;\" href=\"https:\/\/laserdiode-ld.com\/fr\/categorie-produit\/module-laser-a-fibre-monomode-couple\/module-laser-couple-a-fibre-monomode-785-nm\">Module laser coupl\u00e9 \u00e0 fibre monomode 785 nm<\/span><\/a><\/li><li  ><a style=\"font-size:16px;color:#9d0a10;\" href=\"https:\/\/laserdiode-ld.com\/fr\/categorie-produit\/module-laser-a-fibre-monomode-couple\/module-laser-a-fibre-monomode-couple-de-808-nm\">Module laser coupl\u00e9 \u00e0 fibre monomode 808 nm<\/span><\/a><\/li><li  ><a style=\"font-size:16px;color:#9d0a10;\" href=\"https:\/\/laserdiode-ld.com\/fr\/categorie-produit\/module-laser-a-fibre-monomode-couple\/module-laser-couple-a-fibre-monomode-820-nm\">Module laser coupl\u00e9 \u00e0 fibre monomode 820 nm<\/span><\/a><\/li><li  ><a style=\"font-size:16px;color:#9d0a10;\" href=\"https:\/\/laserdiode-ld.com\/fr\/categorie-produit\/module-laser-a-fibre-monomode-couple\/module-laser-couple-a-fibre-monomode-830-nm\">Module laser coupl\u00e9 \u00e0 fibre monomode 830 nm<\/span><\/a><\/li><li  ><a style=\"font-size:16px;color:#9d0a10;\" href=\"https:\/\/laserdiode-ld.com\/fr\/categorie-produit\/module-laser-a-fibre-monomode-couple\/module-laser-couple-a-fibre-monomode-850-nm\">Module laser coupl\u00e9 \u00e0 fibre monomode 850 nm<\/span><\/a><\/li><li  ><a style=\"font-size:16px;color:#9d0a10;\" href=\"https:\/\/laserdiode-ld.com\/fr\/categorie-produit\/module-laser-a-fibre-monomode-couple\/module-laser-couple-a-fibre-monomode-880-nm\">Module laser coupl\u00e9 \u00e0 fibre monomode 880 nm<\/span><\/a><\/li><li  ><a style=\"font-size:16px;color:#9d0a10;\" href=\"https:\/\/laserdiode-ld.com\/fr\/categorie-produit\/module-laser-a-fibre-monomode-couple\/module-laser-couple-a-fibre-monomode-905-nm\">Module laser coupl\u00e9 \u00e0 fibre monomode 905 nm<\/span><\/a><\/li><li  ><a style=\"font-size:16px;color:#9d0a10;\" href=\"https:\/\/laserdiode-ld.com\/fr\/categorie-produit\/module-laser-a-fibre-monomode-couple\/module-laser-couple-a-fibre-monomode-940-nm\">Module laser coupl\u00e9 \u00e0 fibre monomode 940 nm<\/span><\/a><\/li><li  ><a style=\"font-size:16px;color:#9d0a10;\" href=\"https:\/\/laserdiode-ld.com\/fr\/categorie-produit\/module-laser-a-fibre-monomode-couple\/module-laser-couple-a-fibre-monomode-980-nm\">Module laser coupl\u00e9 \u00e0 fibre monomode 980 nm<\/span><\/a><\/li><li  ><a style=\"font-size:16px;color:#9d0a10;\" href=\"https:\/\/laserdiode-ld.com\/fr\/categorie-produit\/module-laser-a-fibre-monomode-couple\/module-laser-couple-a-fibre-monomode-1064-nm\">Module laser coupl\u00e9 \u00e0 fibre monomode 1064 nm<\/span><\/a><\/li><li  ><a style=\"font-size:16px;color:#9d0a10;\" href=\"https:\/\/laserdiode-ld.com\/fr\/categorie-produit\/module-laser-a-fibre-monomode-couple\/module-laser-couple-a-fibre-monomode-1270-nm\">Module laser coupl\u00e9 \u00e0 fibre monomode 1270 nm<\/span><\/a><\/li><li  ><a style=\"font-size:16px;color:#9d0a10;\" href=\"https:\/\/laserdiode-ld.com\/fr\/categorie-produit\/module-laser-a-fibre-monomode-couple\/module-laser-couple-a-fibre-monomode-1290-nm\">Module laser coupl\u00e9 \u00e0 fibre monomode 1290 nm<\/span><\/a><\/li><li  ><a style=\"font-size:16px;color:#9d0a10;\" href=\"https:\/\/laserdiode-ld.com\/fr\/categorie-produit\/module-laser-a-fibre-monomode-couple\/module-laser-a-fibre-monomode-couple-de-1310-nm\">Module laser coupl\u00e9 \u00e0 fibre monomode 1310 nm<\/span><\/a><\/li><li  ><a style=\"font-size:16px;color:#9d0a10;\" href=\"https:\/\/laserdiode-ld.com\/fr\/categorie-produit\/module-laser-a-fibre-monomode-couple\/module-laser-couple-a-fibre-monomode-1330-nm\">Module laser coupl\u00e9 \u00e0 fibre monomode 1330 nm<\/span><\/a><\/li><li  ><a style=\"font-size:16px;color:#9d0a10;\" href=\"https:\/\/laserdiode-ld.com\/fr\/categorie-produit\/module-laser-a-fibre-monomode-couple\/module-laser-couple-a-fibre-monomode-1350-nm\">Module laser coupl\u00e9 \u00e0 fibre monomode 1350 nm<\/span><\/a><\/li><li  ><a style=\"font-size:16px;color:#9d0a10;\" href=\"https:\/\/laserdiode-ld.com\/fr\/categorie-produit\/module-laser-a-fibre-monomode-couple\/module-laser-couple-a-fibre-monomode-1370-nm\">Module laser coupl\u00e9 \u00e0 fibre monomode 1370 nm<\/span><\/a><\/li><li  ><a style=\"font-size:16px;color:#9d0a10;\" href=\"https:\/\/laserdiode-ld.com\/fr\/categorie-produit\/module-laser-a-fibre-monomode-couple\/module-laser-couple-a-fibre-monomode-1390-nm\">Module laser coupl\u00e9 \u00e0 fibre monomode 1390 nm<\/span><\/a><\/li><li  ><a style=\"font-size:16px;color:#9d0a10;\" href=\"https:\/\/laserdiode-ld.com\/fr\/categorie-produit\/module-laser-a-fibre-monomode-couple\/module-laser-couple-a-fibre-monomode-1410-nm\">Module laser coupl\u00e9 \u00e0 fibre monomode 1410 nm<\/span><\/a><\/li><li  ><a style=\"font-size:16px;color:#9d0a10;\" href=\"https:\/\/laserdiode-ld.com\/fr\/categorie-produit\/module-laser-a-fibre-monomode-couple\/module-laser-couple-a-fibre-monomode-1430-nm\">Module laser coupl\u00e9 \u00e0 fibre monomode 1430 nm<\/span><\/a><\/li><li  ><a style=\"font-size:16px;color:#9d0a10;\" href=\"https:\/\/laserdiode-ld.com\/fr\/categorie-produit\/module-laser-a-fibre-monomode-couple\/module-laser-couple-a-fibre-monomode-1450-nm\">Module laser coupl\u00e9 \u00e0 fibre monomode 1450 nm<\/span><\/a><\/li><li  ><a style=\"font-size:16px;color:#9d0a10;\" href=\"https:\/\/laserdiode-ld.com\/fr\/categorie-produit\/module-laser-a-fibre-monomode-couple\/module-laser-couple-a-fibre-monomode-1470-nm\">Module laser coupl\u00e9 \u00e0 fibre monomode 1470 nm<\/span><\/a><\/li><li  ><a style=\"font-size:16px;color:#9d0a10;\" href=\"https:\/\/laserdiode-ld.com\/fr\/categorie-produit\/module-laser-a-fibre-monomode-couple\/module-laser-couple-a-fibre-monomode-1490-nm\">Module laser coupl\u00e9 \u00e0 fibre monomode 1490 nm<\/span><\/a><\/li><li  ><a style=\"font-size:16px;color:#9d0a10;\" href=\"https:\/\/laserdiode-ld.com\/fr\/categorie-produit\/module-laser-a-fibre-monomode-couple\/module-laser-couple-a-fibre-monomode-1510-nm\">Module laser coupl\u00e9 \u00e0 fibre monomode 1510 nm<\/span><\/a><\/li><li  ><a style=\"font-size:16px;color:#9d0a10;\" href=\"https:\/\/laserdiode-ld.com\/fr\/categorie-produit\/module-laser-a-fibre-monomode-couple\/module-laser-couple-a-fibre-monomode-1530-nm\">Module laser coupl\u00e9 \u00e0 fibre monomode 1530 nm<\/span><\/a><\/li><li  ><a style=\"font-size:16px;color:#9d0a10;\" href=\"https:\/\/laserdiode-ld.com\/fr\/categorie-produit\/module-laser-a-fibre-monomode-couple\/module-laser-couple-a-fibre-monomode-1550-nm\">Module laser coupl\u00e9 \u00e0 fibre monomode 1550 nm<\/span><\/a><\/li><li  ><a style=\"font-size:16px;color:#9d0a10;\" href=\"https:\/\/laserdiode-ld.com\/fr\/categorie-produit\/module-laser-a-fibre-monomode-couple\/module-laser-couple-a-fibre-monomode-1570-nm\">Module laser coupl\u00e9 \u00e0 fibre monomode 1570 nm<\/span><\/a><\/li><li  ><a style=\"font-size:16px;color:#9d0a10;\" href=\"https:\/\/laserdiode-ld.com\/fr\/categorie-produit\/module-laser-a-fibre-monomode-couple\/module-laser-couple-a-fibre-monomode-1590-nm\">Module laser coupl\u00e9 \u00e0 fibre monomode 1590 nm<\/span><\/a><\/li><li  ><a style=\"font-size:16px;color:#9d0a10;\" href=\"https:\/\/laserdiode-ld.com\/fr\/categorie-produit\/module-laser-a-fibre-monomode-couple\/module-laser-a-fibre-monomode-couple-de-1610-nm\">Module laser coupl\u00e9 \u00e0 fibre monomode 1610 nm<\/span><\/a><\/li><li  ><a style=\"font-size:16px;color:#9d0a10;\" href=\"https:\/\/laserdiode-ld.com\/fr\/categorie-produit\/module-laser-a-fibre-monomode-couple\/module-laser-couple-a-fibre-monomode-1625-nm\">Module laser coupl\u00e9 \u00e0 fibre monomode 1625 nm<\/span><\/a><\/li><li  ><a style=\"font-size:16px;color:#9d0a10;\" href=\"https:\/\/laserdiode-ld.com\/fr\/categorie-produit\/module-laser-a-fibre-monomode-couple\/module-laser-couple-a-fibre-monomode-1650-nm\">Module laser coupl\u00e9 \u00e0 fibre monomode 1650 nm<\/span><\/a><\/li><li  ><a style=\"font-size:16px;color:#9d0a10;\" href=\"https:\/\/laserdiode-ld.com\/fr\/categorie-produit\/module-laser-a-fibre-monomode-couple\/module-laser-couple-a-fibre-monomode-635-nm\">Module laser coupl\u00e9 \u00e0 fibre monomode 635 nm<\/span><\/a><\/li><\/ul><\/div><\/div>\n<\/div><div class=\"layout_badh\"><\/div><\/section>","protected":false},"excerpt":{"rendered":"","protected":false},"author":1,"featured_media":0,"parent":0,"menu_order":0,"comment_status":"closed","ping_status":"closed","template":"","meta":{"themepark_post_bcolor":"#ffffff","themepark_post_width":"1022px","themepark_post_img":"","themepark_post_img_po":"left","themepark_post_img_re":false,"themepark_post_img_cover":false,"themepark_post_img_fixed":false,"themepark_post_hide_title":true,"themepark_post_main_b":"#ffffff","themepark_post_main_p":100,"themepark_paddingblock":true,"footnotes":"","_wpscp_schedule_draft_date":"","_wpscp_schedule_republish_date":"","_wpscppro_advance_schedule":false,"_wpscppro_advance_schedule_date":"","_wpscppro_dont_share_socialmedia":false,"_wpscppro_custom_social_share_image":0,"_facebook_share_type":"","_twitter_share_type":"","_linkedin_share_type":"","_pinterest_share_type":"","_linkedin_share_type_page":"","_instagram_share_type":"","_medium_share_type":"","_threads_share_type":"","_google_business_share_type":"","_selected_social_profile":[],"_wpsp_enable_custom_social_template":false,"_wpsp_social_scheduling":{"enabled":false,"datetime":null,"platforms":[],"status":"template_only","dateOption":"today","timeOption":"now","customDays":"","customHours":"","customDate":"","customTime":"","schedulingType":"absolute"},"_wpsp_active_default_template":true},"class_list":["post-1564","page","type-page","status-publish","hentry"],"aioseo_notices":[],"_links":{"self":[{"href":"https:\/\/laserdiode-ld.com\/fr\/wp-json\/wp\/v2\/pages\/1564","targetHints":{"allow":["GET"]}}],"collection":[{"href":"https:\/\/laserdiode-ld.com\/fr\/wp-json\/wp\/v2\/pages"}],"about":[{"href":"https:\/\/laserdiode-ld.com\/fr\/wp-json\/wp\/v2\/types\/page"}],"author":[{"embeddable":true,"href":"https:\/\/laserdiode-ld.com\/fr\/wp-json\/wp\/v2\/users\/1"}],"replies":[{"embeddable":true,"href":"https:\/\/laserdiode-ld.com\/fr\/wp-json\/wp\/v2\/comments?post=1564"}],"version-history":[{"count":11,"href":"https:\/\/laserdiode-ld.com\/fr\/wp-json\/wp\/v2\/pages\/1564\/revisions"}],"predecessor-version":[{"id":3770,"href":"https:\/\/laserdiode-ld.com\/fr\/wp-json\/wp\/v2\/pages\/1564\/revisions\/3770"}],"wp:attachment":[{"href":"https:\/\/laserdiode-ld.com\/fr\/wp-json\/wp\/v2\/media?parent=1564"}],"curies":[{"name":"wp","href":"https:\/\/api.w.org\/{rel}","templated":true}]}}