{"id":1435,"date":"2025-10-13T15:34:55","date_gmt":"2025-10-13T07:34:55","guid":{"rendered":"http:\/\/aserdiode-ld.com\/?page_id=1435"},"modified":"2025-11-28T11:44:35","modified_gmt":"2025-11-28T03:44:35","slug":"diode-laser-monomode","status":"publish","type":"page","link":"https:\/\/laserdiode-ld.com\/fr\/diode-laser-monomode","title":{"rendered":"Diode laser monomode"},"content":{"rendered":"<section class=\"wp-block-themepark-block-themepark-area block_layout thempark-block undefined\" id=\"maxw\" style=\"background-color:#ffffff;padding-bottom:63px;padding-top:49px;\" data-swiper-parallax=\"-700\"><div class=\"block_layout_in\" style=\"max-width:1600px;\">\n<div class=\"wp-block-column block_layout_in is-layout-flow wp-block-column-is-layout-flow\">\n<div class=\"wp-block-columns is-layout-flex wp-container-core-columns-is-layout-9d6595d7 wp-block-columns-is-layout-flex\">\n<div class=\"wp-block-column is-layout-flow wp-block-column-is-layout-flow\">\n<div class=\"wp-block-themepark-block-themepark-wright content-super-p\" style=\"font-size:12px;line-height:36px;padding:0px 7px;text-align: center;\">\n<div class=\"wp-block-column is-layout-flow wp-block-column-is-layout-flow\">\n<p class=\"has-text-align-left has-themecolor-1-color has-text-color has-link-color has-large-font-size wp-elements-af8fc5dd12bcd1cdc152d690af40d80e\" style=\"text-transform:uppercase\"><strong>Diode laser monomode<\/strong><\/p>\n\n\n\n<p class=\"has-text-align-left has-small-font-size\"><strong>405 nm~1650 nm 10 mW~300 mW Puissance de sortie Bo\u00eetier TO38|TO18|TO5 PD int\u00e9gr\u00e9 en option Refroidisseur TE int\u00e9gr\u00e9 en option<\/strong><\/p>\n\n\n\n<div class=\"wp-block-themepark-block-themepark-xian theme_fang_out  bom20\" style=\"text-align:left;padding-top:20px;padding-bottom:19px;\"><div class=\"fangbox\" style=\"width:137px;height:5px;background:linear-gradient(90deg, orange, purple);\"><\/div><\/div>\n<\/div>\n<\/div>\n<\/div>\n\n\n\n<div class=\"wp-block-column is-layout-flow wp-block-column-is-layout-flow\"><div class=\"wp-block-image\">\n<figure class=\"aligncenter size-full is-resized\"><img loading=\"lazy\" decoding=\"async\" width=\"300\" height=\"300\" src=\"https:\/\/laserdiode-ld.com\/wp-content\/uploads\/2025\/11\/01Single-Mode-Laser-Diode-3.png\" alt=\"\" class=\"wp-image-3765\" style=\"width:265px\" srcset=\"https:\/\/laserdiode-ld.com\/wp-content\/uploads\/2025\/11\/01Single-Mode-Laser-Diode-3.png 300w, https:\/\/laserdiode-ld.com\/wp-content\/uploads\/2025\/11\/01Single-Mode-Laser-Diode-3-150x150.png 150w, https:\/\/laserdiode-ld.com\/wp-content\/uploads\/2025\/11\/01Single-Mode-Laser-Diode-3-100x100.png 100w\" sizes=\"auto, (max-width: 300px) 100vw, 300px\" \/><\/figure>\n<\/div><\/div>\n<\/div>\n\n\n<div class=\"product_cat_loop\"style=\"line-height:22px;\"><ul  class=\"catline-4 featured-3\"><li  ><a style=\"font-size:16px;color:#9d0a10;\" href=\"https:\/\/laserdiode-ld.com\/fr\/categorie-produit\/diode-laser-monomode\/diode-laser-monomode-405-nm\">Diode laser monomode 405 nm<\/span><\/a><\/li><li  ><a style=\"font-size:16px;color:#9d0a10;\" href=\"https:\/\/laserdiode-ld.com\/fr\/categorie-produit\/diode-laser-monomode\/diode-laser-monomode-445-nm\">Diode laser monomode 445 nm<\/span><\/a><\/li><li  ><a style=\"font-size:16px;color:#9d0a10;\" href=\"https:\/\/laserdiode-ld.com\/fr\/categorie-produit\/diode-laser-monomode\/diode-laser-monomode-460-nm\">Diode laser monomode 460 nm<\/span><\/a><\/li><li  ><a style=\"font-size:16px;color:#9d0a10;\" href=\"https:\/\/laserdiode-ld.com\/fr\/categorie-produit\/diode-laser-monomode\/diode-laser-monomode-480-nm\">Diode laser monomode 480 nm<\/span><\/a><\/li><li  ><a style=\"font-size:16px;color:#9d0a10;\" href=\"https:\/\/laserdiode-ld.com\/fr\/categorie-produit\/diode-laser-monomode\/diode-laser-monomode-488-nm\">Diode laser monomode 488 nm<\/span><\/a><\/li><li  ><a style=\"font-size:16px;color:#9d0a10;\" href=\"https:\/\/laserdiode-ld.com\/fr\/categorie-produit\/diode-laser-monomode\/diode-laser-monomode-495-nm\">Diode laser monomode 495 nm<\/span><\/a><\/li><li  ><a style=\"font-size:16px;color:#9d0a10;\" href=\"https:\/\/laserdiode-ld.com\/fr\/categorie-produit\/diode-laser-monomode\/diode-laser-monomode-505-nm\">Diode laser monomode 505 nm<\/span><\/a><\/li><li  ><a style=\"font-size:16px;color:#9d0a10;\" href=\"https:\/\/laserdiode-ld.com\/fr\/categorie-produit\/diode-laser-monomode\/diode-laser-monomode-515-nm\">Diode laser monomode 515 nm<\/span><\/a><\/li><li  ><a style=\"font-size:16px;color:#9d0a10;\" href=\"https:\/\/laserdiode-ld.com\/fr\/categorie-produit\/diode-laser-monomode\/diode-laser-monomode-520-nm\">Diode laser monomode 520 nm<\/span><\/a><\/li><li  ><a style=\"font-size:16px;color:#9d0a10;\" href=\"https:\/\/laserdiode-ld.com\/fr\/categorie-produit\/diode-laser-monomode\/diode-laser-monomode-525-nm\">Diode laser monomode 525 nm<\/span><\/a><\/li><li  ><a style=\"font-size:16px;color:#9d0a10;\" href=\"https:\/\/laserdiode-ld.com\/fr\/categorie-produit\/diode-laser-monomode\/diode-laser-monomode-635-nm\">Diode laser monomode 635 nm<\/span><\/a><\/li><li  ><a style=\"font-size:16px;color:#9d0a10;\" href=\"https:\/\/laserdiode-ld.com\/fr\/categorie-produit\/diode-laser-monomode\/diode-laser-monomode-650-nm\">Diode laser monomode 650 nm<\/span><\/a><\/li><li  ><a style=\"font-size:16px;color:#9d0a10;\" href=\"https:\/\/laserdiode-ld.com\/fr\/categorie-produit\/diode-laser-monomode\/diode-laser-monomode-660-nm\">Diode laser monomode 660 nm<\/span><\/a><\/li><li  ><a style=\"font-size:16px;color:#9d0a10;\" href=\"https:\/\/laserdiode-ld.com\/fr\/categorie-produit\/diode-laser-monomode\/diode-laser-monomode-670-nm\">Diode laser monomode 670 nm<\/span><\/a><\/li><li  ><a style=\"font-size:16px;color:#9d0a10;\" href=\"https:\/\/laserdiode-ld.com\/fr\/categorie-produit\/diode-laser-monomode\/diode-laser-monomode-685-nm\">Diode laser monomode 685 nm<\/span><\/a><\/li><li  ><a style=\"font-size:16px;color:#9d0a10;\" href=\"https:\/\/laserdiode-ld.com\/fr\/categorie-produit\/diode-laser-monomode\/diode-laser-monomode-780-nm\">Diode laser monomode 780 nm<\/span><\/a><\/li><li  ><a style=\"font-size:16px;color:#9d0a10;\" href=\"https:\/\/laserdiode-ld.com\/fr\/categorie-produit\/diode-laser-monomode\/diode-laser-monomode-785-nm\">Diode laser monomode 785 nm<\/span><\/a><\/li><li  ><a style=\"font-size:16px;color:#9d0a10;\" href=\"https:\/\/laserdiode-ld.com\/fr\/categorie-produit\/diode-laser-monomode\/diode-laser-monomode-820-nm\">Diode laser monomode 820 nm<\/span><\/a><\/li><li  ><a style=\"font-size:16px;color:#9d0a10;\" href=\"https:\/\/laserdiode-ld.com\/fr\/categorie-produit\/diode-laser-monomode\/diode-laser-monomode-830-nm\">Diode laser monomode 830 nm<\/span><\/a><\/li><li  ><a style=\"font-size:16px;color:#9d0a10;\" href=\"https:\/\/laserdiode-ld.com\/fr\/categorie-produit\/diode-laser-monomode\/diode-laser-monomode-850-nm\">Diode laser monomode 850 nm<\/span><\/a><\/li><li  ><a style=\"font-size:16px;color:#9d0a10;\" href=\"https:\/\/laserdiode-ld.com\/fr\/categorie-produit\/diode-laser-monomode\/diode-laser-monomode-880-nm\">Diode laser monomode 880 nm<\/span><\/a><\/li><li  ><a style=\"font-size:16px;color:#9d0a10;\" href=\"https:\/\/laserdiode-ld.com\/fr\/categorie-produit\/diode-laser-monomode\/diode-laser-monomode-905-nm\">Diode laser monomode 905 nm<\/span><\/a><\/li><li  ><a style=\"font-size:16px;color:#9d0a10;\" href=\"https:\/\/laserdiode-ld.com\/fr\/categorie-produit\/diode-laser-monomode\/diode-laser-monomode-940-nm\">Diode laser monomode 940 nm<\/span><\/a><\/li><li  ><a style=\"font-size:16px;color:#9d0a10;\" href=\"https:\/\/laserdiode-ld.com\/fr\/categorie-produit\/diode-laser-monomode\/diode-laser-monomode-980-nm\">Diode laser monomode 980 nm<\/span><\/a><\/li><li  ><a style=\"font-size:16px;color:#9d0a10;\" href=\"https:\/\/laserdiode-ld.com\/fr\/categorie-produit\/diode-laser-monomode\/diode-laser-monomode-1550-nm\">Diode laser monomode 1550 nm<\/span><\/a><\/li><\/ul><\/div><\/div>\n<\/div><div class=\"layout_badh\"><\/div><\/section>\n\n\n\n<p><\/p>","protected":false},"excerpt":{"rendered":"","protected":false},"author":1,"featured_media":0,"parent":0,"menu_order":0,"comment_status":"closed","ping_status":"closed","template":"","meta":{"themepark_post_bcolor":"#ffffff","themepark_post_width":"1022px","themepark_post_img":"","themepark_post_img_po":"left","themepark_post_img_re":false,"themepark_post_img_cover":false,"themepark_post_img_fixed":false,"themepark_post_hide_title":true,"themepark_post_main_b":"#ffffff","themepark_post_main_p":100,"themepark_paddingblock":true,"footnotes":"","_wpscp_schedule_draft_date":"","_wpscp_schedule_republish_date":"","_wpscppro_advance_schedule":false,"_wpscppro_advance_schedule_date":"","_wpscppro_dont_share_socialmedia":false,"_wpscppro_custom_social_share_image":0,"_facebook_share_type":"","_twitter_share_type":"","_linkedin_share_type":"","_pinterest_share_type":"","_linkedin_share_type_page":"","_instagram_share_type":"","_medium_share_type":"","_threads_share_type":"","_google_business_share_type":"","_selected_social_profile":[],"_wpsp_enable_custom_social_template":false,"_wpsp_social_scheduling":{"enabled":false,"datetime":null,"platforms":[],"status":"template_only","dateOption":"today","timeOption":"now","customDays":"","customHours":"","customDate":"","customTime":"","schedulingType":"absolute"},"_wpsp_active_default_template":true},"class_list":["post-1435","page","type-page","status-publish","hentry"],"aioseo_notices":[],"_links":{"self":[{"href":"https:\/\/laserdiode-ld.com\/fr\/wp-json\/wp\/v2\/pages\/1435","targetHints":{"allow":["GET"]}}],"collection":[{"href":"https:\/\/laserdiode-ld.com\/fr\/wp-json\/wp\/v2\/pages"}],"about":[{"href":"https:\/\/laserdiode-ld.com\/fr\/wp-json\/wp\/v2\/types\/page"}],"author":[{"embeddable":true,"href":"https:\/\/laserdiode-ld.com\/fr\/wp-json\/wp\/v2\/users\/1"}],"replies":[{"embeddable":true,"href":"https:\/\/laserdiode-ld.com\/fr\/wp-json\/wp\/v2\/comments?post=1435"}],"version-history":[{"count":74,"href":"https:\/\/laserdiode-ld.com\/fr\/wp-json\/wp\/v2\/pages\/1435\/revisions"}],"predecessor-version":[{"id":3771,"href":"https:\/\/laserdiode-ld.com\/fr\/wp-json\/wp\/v2\/pages\/1435\/revisions\/3771"}],"wp:attachment":[{"href":"https:\/\/laserdiode-ld.com\/fr\/wp-json\/wp\/v2\/media?parent=1435"}],"curies":[{"name":"wp","href":"https:\/\/api.w.org\/{rel}","templated":true}]}}