{"id":3375,"date":"2025-11-13T16:15:53","date_gmt":"2025-11-13T08:15:53","guid":{"rendered":"http:\/\/aserdiode-ld.com\/?post_type=product&#038;p=3375"},"modified":"2025-11-18T10:48:19","modified_gmt":"2025-11-18T02:48:19","slug":"modulo-laser-de-diodo-desmontable-de-fibra-de-1550-nm-25-w-y-14-pines","status":"publish","type":"product","link":"https:\/\/laserdiode-ld.com\/es\/producto\/modulo-laser-de-diodo-desmontable-de-fibra-de-1550-nm-25-w-y-14-pines","title":{"rendered":"1550 nm, 2,5 W, 14 pines"},"content":{"rendered":"<p>Wavespectrum Laser es un fabricante de productos l\u00e1ser de diodo de alta calidad y rendimiento. Nos dedicamos al desarrollo, la producci\u00f3n y la venta de productos l\u00e1ser de alto rendimiento. Ofrecemos una amplia gama de longitudes de onda, una gran variedad de paquetes de productos, fibra monomodo, fibra multimodo y fibra con mantenimiento de polarizaci\u00f3n. Controlamos estrictamente la calidad de los productos y hemos obtenido el reconocimiento de clientes de todo el mundo por su excelente rendimiento.<\/p>\n<p>Wavespectrum Laser puede ofrecer m\u00f3dulos l\u00e1ser desmontables de fibra de 1550 nm, 2,5 W y 14 pines, y tambi\u00e9n podemos suministrar a los clientes m\u00f3dulos l\u00e1ser desmontables de fibra de 1550 nm y 14 pines con diferentes potencias. En cuanto a los productos l\u00e1ser de longitud de onda cercana, tambi\u00e9n podemos ofrecer a los clientes productos l\u00e1ser de 915 nm, 940 nm, 980 nm, 1064 nm, 1310 nm, 1470 nm y 1570 nm.<\/p>","protected":false},"excerpt":{"rendered":"<p>El m\u00f3dulo l\u00e1ser de diodo desmontable de fibra de 1550 m, 2,5 W y 14 pines cuenta con un conector recept\u00e1culo SMA905, lo que facilita el cambio o la sustituci\u00f3n del puente de fibra, y se utiliza para fibras de 200 um o m\u00e1s. Este m\u00f3dulo l\u00e1ser de diodo desmontable de fibra de 1550 nm, 2,5 W y 14 pines incluye un enfriador TE y un termistor, la funci\u00f3n de detecci\u00f3n de fibra es opcional y el haz de punter\u00eda rojo de 635 nm es opcional. Este m\u00f3dulo l\u00e1ser ofrece un excelente rendimiento y una larga vida \u00fatil. Wavespectrum Laser tambi\u00e9n puede personalizar otros m\u00f3dulos l\u00e1ser de diodo desmontable de fibra de 1550 nm y 14 pines con otras potencias para los clientes.<\/p>","protected":false},"featured_media":3374,"comment_status":"open","ping_status":"closed","template":"","meta":{"themepark_post_bcolor":"#f5f5f5","themepark_post_width":"1022px","themepark_post_img":"","themepark_post_img_po":"left","themepark_post_img_re":false,"themepark_post_img_cover":false,"themepark_post_img_fixed":false,"themepark_post_hide_title":false,"themepark_post_main_b":"","themepark_post_main_p":100,"themepark_paddingblock":false,"_wpscp_schedule_draft_date":"","_wpscp_schedule_republish_date":"","_wpscppro_advance_schedule":false,"_wpscppro_advance_schedule_date":"","_wpscppro_dont_share_socialmedia":false,"_wpscppro_custom_social_share_image":0,"_facebook_share_type":"","_twitter_share_type":"","_linkedin_share_type":"","_pinterest_share_type":"","_linkedin_share_type_page":"","_instagram_share_type":"","_medium_share_type":"","_threads_share_type":"","_google_business_share_type":"","_selected_social_profile":[],"_wpsp_enable_custom_social_template":false,"_wpsp_social_scheduling":{"enabled":false,"datetime":null,"platforms":[],"status":"template_only","dateOption":"today","timeOption":"now","customDays":"","customHours":"","customDate":"","customTime":"","schedulingType":"absolute"},"_wpsp_active_default_template":true},"product_brand":[],"product_cat":[53,195],"product_tag":[],"class_list":{"0":"post-3375","1":"product","2":"type-product","3":"status-publish","4":"has-post-thumbnail","6":"product_cat-medical-laser-module","7":"product_cat-1550nm-2-5w-200um-fiber-14pin-fiber-detachable-sma905-tec-pd-aiming-beam","9":"first","10":"instock","11":"shipping-taxable","12":"product-type-simple"},"aioseo_notices":[],"_links":{"self":[{"href":"https:\/\/laserdiode-ld.com\/es\/wp-json\/wp\/v2\/product\/3375","targetHints":{"allow":["GET"]}}],"collection":[{"href":"https:\/\/laserdiode-ld.com\/es\/wp-json\/wp\/v2\/product"}],"about":[{"href":"https:\/\/laserdiode-ld.com\/es\/wp-json\/wp\/v2\/types\/product"}],"replies":[{"embeddable":true,"href":"https:\/\/laserdiode-ld.com\/es\/wp-json\/wp\/v2\/comments?post=3375"}],"wp:featuredmedia":[{"embeddable":true,"href":"https:\/\/laserdiode-ld.com\/es\/wp-json\/wp\/v2\/media\/3374"}],"wp:attachment":[{"href":"https:\/\/laserdiode-ld.com\/es\/wp-json\/wp\/v2\/media?parent=3375"}],"wp:term":[{"taxonomy":"product_brand","embeddable":true,"href":"https:\/\/laserdiode-ld.com\/es\/wp-json\/wp\/v2\/product_brand?post=3375"},{"taxonomy":"product_cat","embeddable":true,"href":"https:\/\/laserdiode-ld.com\/es\/wp-json\/wp\/v2\/product_cat?post=3375"},{"taxonomy":"product_tag","embeddable":true,"href":"https:\/\/laserdiode-ld.com\/es\/wp-json\/wp\/v2\/product_tag?post=3375"}],"curies":[{"name":"wp","href":"https:\/\/api.w.org\/{rel}","templated":true}]}}