{"id":3372,"date":"2025-11-13T16:13:44","date_gmt":"2025-11-13T08:13:44","guid":{"rendered":"http:\/\/aserdiode-ld.com\/?post_type=product&#038;p=3372"},"modified":"2025-11-18T11:10:08","modified_gmt":"2025-11-18T03:10:08","slug":"modulo-de-diodo-laser-acoplado-a-fibra-de-808-nm-7-w-y-15-pines-con-haz-de-punteria-rojo-de-650-nm","status":"publish","type":"product","link":"https:\/\/laserdiode-ld.com\/es\/producto\/modulo-de-diodo-laser-acoplado-a-fibra-de-808-nm-7-w-y-15-pines-con-haz-de-punteria-rojo-de-650-nm","title":{"rendered":"808 nm, 7 W, 15 pines con haz de punter\u00eda rojo de 650 nm"},"content":{"rendered":"<p>Wavespectrum Laser es un fabricante de productos l\u00e1ser de diodo de alta calidad y rendimiento. Nos dedicamos al desarrollo, la producci\u00f3n y la venta de productos l\u00e1ser de alto rendimiento. Ofrecemos una amplia gama de longitudes de onda, una gran variedad de paquetes de productos, fibra monomodo, fibra multimodo y fibra con mantenimiento de polarizaci\u00f3n. Controlamos estrictamente la calidad de los productos y hemos obtenido el reconocimiento de clientes de todo el mundo por su excelente rendimiento.<\/p>\n<p>Wavespectrum Laser se dedica a proporcionar m\u00f3dulos de diodo l\u00e1ser acoplados a fibra de 808 nm, 7 W y 15 pines, que vienen con un haz de punter\u00eda rojo integrado de 650 nm. Tambi\u00e9n ofrecemos una amplia selecci\u00f3n de configuraciones de potencia para m\u00f3dulos de diodo l\u00e1ser acoplados a fibra multimodo de 808 nm y 15 pines, con el fin de satisfacer las diversas necesidades de los clientes. Adem\u00e1s, tambi\u00e9n suministramos productos l\u00e1ser de longitud de onda cercana, incluidos productos l\u00e1ser de 635 nm, 660 nm, 755 nm, 785 nm, 830 nm, 850 nm, 880 nm y 1270 nm.<\/p>","protected":false},"excerpt":{"rendered":"<p>El m\u00f3dulo de diodo l\u00e1ser acoplado a fibra de 808 nm, 7 W y 15 pines con haz de punter\u00eda rojo de 650 nm est\u00e1 equipado con 1 pieza de fibra multimodo de 200 um e incluye un enfriador TE, un termistor y un fotodiodo para mejorar el control y la supervisi\u00f3n. El m\u00f3dulo ofrece la flexibilidad de elegir conectores FC, SMA905 o ST. Este m\u00f3dulo de diodo l\u00e1ser acoplado a fibra de 808 nm, 7 W y 15 pines ofrece un alto rendimiento y una larga vida \u00fatil. Este m\u00f3dulo l\u00e1ser integra el haz de punter\u00eda rojo de 650 nm, lo que resulta muy c\u00f3modo para que los clientes controlen el haz l\u00e1ser. Adem\u00e1s, tambi\u00e9n podemos proporcionar m\u00f3dulos l\u00e1ser desmontables de fibra para satisfacer las necesidades espec\u00edficas de los clientes.<br \/>\nWavespectrum Laser tambi\u00e9n puede personalizar otros m\u00f3dulos de diodo l\u00e1ser acoplados a fibra de 808 nm y 15 pines con otras potencias para satisfacer los requisitos espec\u00edficos de los clientes.<\/p>","protected":false},"featured_media":3374,"comment_status":"open","ping_status":"closed","template":"","meta":{"themepark_post_bcolor":"#f5f5f5","themepark_post_width":"1022px","themepark_post_img":"","themepark_post_img_po":"left","themepark_post_img_re":false,"themepark_post_img_cover":false,"themepark_post_img_fixed":false,"themepark_post_hide_title":false,"themepark_post_main_b":"","themepark_post_main_p":100,"themepark_paddingblock":false,"_wpscp_schedule_draft_date":"","_wpscp_schedule_republish_date":"","_wpscppro_advance_schedule":false,"_wpscppro_advance_schedule_date":"","_wpscppro_dont_share_socialmedia":false,"_wpscppro_custom_social_share_image":0,"_facebook_share_type":"","_twitter_share_type":"","_linkedin_share_type":"","_pinterest_share_type":"","_linkedin_share_type_page":"","_instagram_share_type":"","_medium_share_type":"","_threads_share_type":"","_google_business_share_type":"","_selected_social_profile":[],"_wpsp_enable_custom_social_template":false,"_wpsp_social_scheduling":{"enabled":false,"datetime":null,"platforms":[],"status":"template_only","dateOption":"today","timeOption":"now","customDays":"","customHours":"","customDate":"","customTime":"","schedulingType":"absolute"},"_wpsp_active_default_template":true},"product_brand":[],"product_cat":[53,194],"product_tag":[],"class_list":{"0":"post-3372","1":"product","2":"type-product","3":"status-publish","4":"has-post-thumbnail","6":"product_cat-medical-laser-module","7":"product_cat-808nm-7w-200um-fiber-15pin-tec-pd-aiming-beam","9":"first","10":"instock","11":"shipping-taxable","12":"product-type-simple"},"aioseo_notices":[],"_links":{"self":[{"href":"https:\/\/laserdiode-ld.com\/es\/wp-json\/wp\/v2\/product\/3372","targetHints":{"allow":["GET"]}}],"collection":[{"href":"https:\/\/laserdiode-ld.com\/es\/wp-json\/wp\/v2\/product"}],"about":[{"href":"https:\/\/laserdiode-ld.com\/es\/wp-json\/wp\/v2\/types\/product"}],"replies":[{"embeddable":true,"href":"https:\/\/laserdiode-ld.com\/es\/wp-json\/wp\/v2\/comments?post=3372"}],"wp:featuredmedia":[{"embeddable":true,"href":"https:\/\/laserdiode-ld.com\/es\/wp-json\/wp\/v2\/media\/3374"}],"wp:attachment":[{"href":"https:\/\/laserdiode-ld.com\/es\/wp-json\/wp\/v2\/media?parent=3372"}],"wp:term":[{"taxonomy":"product_brand","embeddable":true,"href":"https:\/\/laserdiode-ld.com\/es\/wp-json\/wp\/v2\/product_brand?post=3372"},{"taxonomy":"product_cat","embeddable":true,"href":"https:\/\/laserdiode-ld.com\/es\/wp-json\/wp\/v2\/product_cat?post=3372"},{"taxonomy":"product_tag","embeddable":true,"href":"https:\/\/laserdiode-ld.com\/es\/wp-json\/wp\/v2\/product_tag?post=3372"}],"curies":[{"name":"wp","href":"https:\/\/api.w.org\/{rel}","templated":true}]}}