{"id":3370,"date":"2025-11-13T16:10:59","date_gmt":"2025-11-13T08:10:59","guid":{"rendered":"http:\/\/aserdiode-ld.com\/?post_type=product&#038;p=3370"},"modified":"2025-11-18T11:12:58","modified_gmt":"2025-11-18T03:12:58","slug":"445-nm-520-nm-635-nm-850-nm-50-mw-4-longitudes-de-onda-modulo-de-diodo-laser-acoplado-a-fibra-de-105-%c2%b5m","status":"publish","type":"product","link":"https:\/\/laserdiode-ld.com\/es\/producto\/445-nm-520-nm-635-nm-850-nm-50-mw-4-longitudes-de-onda-modulo-de-diodo-laser-acoplado-a-fibra-de-105-%c2%b5m","title":{"rendered":"445 nm 520 nm 635 nm 850 nm 50 mW 105 \u00b5m"},"content":{"rendered":"<p>Wavespectrum Laser es un fabricante de productos l\u00e1ser de diodo de alta calidad y rendimiento. Nos dedicamos al desarrollo, la producci\u00f3n y la venta de productos l\u00e1ser de alto rendimiento. Ofrecemos una amplia gama de longitudes de onda, una gran variedad de paquetes de productos, fibra monomodo, fibra multimodo y fibra con mantenimiento de polarizaci\u00f3n. Controlamos estrictamente la calidad de los productos y hemos obtenido el reconocimiento de clientes de todo el mundo por su excelente rendimiento.<\/p>\n<p>Wavespectrum Laser puede ofrecer el m\u00f3dulo de diodo l\u00e1ser acoplado a fibra de 445 nm, 520 nm, 635 nm, 850 nm, 50 mW y 4 longitudes de onda de 105 um, y tambi\u00e9n podemos suministrar a los clientes la versi\u00f3n de potencia diferente de 445 nm, 520 nm, 635 nm, 850 nm y 4longitudes de onda y 105 um acoplado a fibra, y tambi\u00e9n podemos personalizar la fibra seg\u00fan los requisitos del cliente, como por ejemplo: fibra multimodo de 50 um o 200 um. Para los productos l\u00e1ser de longitud de onda cercana, tambi\u00e9n podemos personalizar los m\u00f3dulos l\u00e1ser de 4 longitudes de onda (488 nm, 520 nm, 635 nm y 850 nm) para los clientes.<\/p>","protected":false},"excerpt":{"rendered":"<p>El m\u00f3dulo de diodo l\u00e1ser acoplado a fibra de 4 longitudes de onda (445 nm, 520 nm, 635 nm y 850 nm) y 50 mW con 105 \u00b5m incluye 1 pieza de fibra multimodo de 105 \u00b5m e incorpora l\u00e1ser rojo, l\u00e1ser verde, l\u00e1ser azul y l\u00e1ser infrarrojo. Este m\u00f3dulo l\u00e1ser es compacto y cuenta con un enfriador TE y un termistor integrados. Este m\u00f3dulo de diodo l\u00e1ser acoplado a fibra de 4 longitudes de onda (445 nm, 520 nm, 635 nm y 785 nm) y 50 mW tiene un alto rendimiento y una larga vida \u00fatil, puede obtener la luz l\u00e1ser de 4 longitudes de onda a partir de una sola fibra MM de 105 um, las cuatro longitudes de onda del l\u00e1ser pueden funcionar por separado o simult\u00e1neamente, y pueden utilizarse como luz de trabajo o haz de punter\u00eda. El m\u00f3dulo l\u00e1ser de 4 longitudes de onda incluye el enfriador TE, lo que resultar\u00e1 muy conveniente para que los clientes controlen la temperatura de funcionamiento. Wavespectrum Laser tambi\u00e9n puede ofrecer la otra versi\u00f3n de potencia del m\u00f3dulo de diodo l\u00e1ser acoplado a fibra de 4 longitudes de onda (445 nm, 520 nm, 635 nm y 850 nm) y 105 um, seg\u00fan los requisitos del cliente.<\/p>","protected":false},"featured_media":3369,"comment_status":"open","ping_status":"closed","template":"","meta":{"themepark_post_bcolor":"#f5f5f5","themepark_post_width":"1022px","themepark_post_img":"","themepark_post_img_po":"left","themepark_post_img_re":false,"themepark_post_img_cover":false,"themepark_post_img_fixed":false,"themepark_post_hide_title":false,"themepark_post_main_b":"","themepark_post_main_p":100,"themepark_paddingblock":false,"_wpscp_schedule_draft_date":"","_wpscp_schedule_republish_date":"","_wpscppro_advance_schedule":false,"_wpscppro_advance_schedule_date":"","_wpscppro_dont_share_socialmedia":false,"_wpscppro_custom_social_share_image":0,"_facebook_share_type":"","_twitter_share_type":"","_linkedin_share_type":"","_pinterest_share_type":"","_linkedin_share_type_page":"","_instagram_share_type":"","_medium_share_type":"","_threads_share_type":"","_google_business_share_type":"","_selected_social_profile":[],"_wpsp_enable_custom_social_template":false,"_wpsp_social_scheduling":{"enabled":false,"datetime":null,"platforms":[],"status":"template_only","dateOption":"today","timeOption":"now","customDays":"","customHours":"","customDate":"","customTime":"","schedulingType":"absolute"},"_wpsp_active_default_template":true},"product_brand":[],"product_cat":[52,193],"product_tag":[],"class_list":{"0":"post-3370","1":"product","2":"type-product","3":"status-publish","4":"has-post-thumbnail","6":"product_cat-quplex-4-wavelength-fiber-coupled-laser-module","7":"product_cat-445nm-520nm-635nm-850nm-quplex-fiber-coupled-laser-module","9":"first","10":"instock","11":"shipping-taxable","12":"product-type-simple"},"aioseo_notices":[],"_links":{"self":[{"href":"https:\/\/laserdiode-ld.com\/es\/wp-json\/wp\/v2\/product\/3370","targetHints":{"allow":["GET"]}}],"collection":[{"href":"https:\/\/laserdiode-ld.com\/es\/wp-json\/wp\/v2\/product"}],"about":[{"href":"https:\/\/laserdiode-ld.com\/es\/wp-json\/wp\/v2\/types\/product"}],"replies":[{"embeddable":true,"href":"https:\/\/laserdiode-ld.com\/es\/wp-json\/wp\/v2\/comments?post=3370"}],"wp:featuredmedia":[{"embeddable":true,"href":"https:\/\/laserdiode-ld.com\/es\/wp-json\/wp\/v2\/media\/3369"}],"wp:attachment":[{"href":"https:\/\/laserdiode-ld.com\/es\/wp-json\/wp\/v2\/media?parent=3370"}],"wp:term":[{"taxonomy":"product_brand","embeddable":true,"href":"https:\/\/laserdiode-ld.com\/es\/wp-json\/wp\/v2\/product_brand?post=3370"},{"taxonomy":"product_cat","embeddable":true,"href":"https:\/\/laserdiode-ld.com\/es\/wp-json\/wp\/v2\/product_cat?post=3370"},{"taxonomy":"product_tag","embeddable":true,"href":"https:\/\/laserdiode-ld.com\/es\/wp-json\/wp\/v2\/product_tag?post=3370"}],"curies":[{"name":"wp","href":"https:\/\/api.w.org\/{rel}","templated":true}]}}