{"id":3367,"date":"2025-11-13T16:08:01","date_gmt":"2025-11-13T08:08:01","guid":{"rendered":"http:\/\/aserdiode-ld.com\/?post_type=product&#038;p=3367"},"modified":"2025-12-09T14:11:24","modified_gmt":"2025-12-09T06:11:24","slug":"modulo-de-diodo-laser-acoplado-a-fibra-monomodo-de-4-longitudes-de-onda-445-nm-520-nm-635-nm-y-785-nm-con-una-potencia-de-20-mw","status":"publish","type":"product","link":"https:\/\/laserdiode-ld.com\/es\/producto\/modulo-de-diodo-laser-acoplado-a-fibra-monomodo-de-4-longitudes-de-onda-445-nm-520-nm-635-nm-y-785-nm-con-una-potencia-de-20-mw","title":{"rendered":"445 nm 520 nm 635 nm 785 nm 20 mW"},"content":{"rendered":"<p>Wavespectrum Laser es un fabricante de productos l\u00e1ser de diodo de alta calidad y rendimiento. Nos dedicamos al desarrollo, la producci\u00f3n y la venta de productos l\u00e1ser de alto rendimiento. Ofrecemos una amplia gama de longitudes de onda, una gran variedad de paquetes de productos, fibra monomodo, fibra multimodo y fibra con mantenimiento de polarizaci\u00f3n. Controlamos estrictamente la calidad de los productos y hemos obtenido el reconocimiento de clientes de todo el mundo por su excelente rendimiento.<\/p>\n<p>Wavespectrum Laser puede ofrecer el m\u00f3dulo de diodo l\u00e1ser acoplado a fibra monomodo de 4 longitudes de onda 445 nm, 520 nm, 635 nm y 785 nm con 20 mW, y tambi\u00e9n podemos suministrar a los clientes el m\u00f3dulo de diodo l\u00e1ser acoplado a fibra monomodo de 4 longitudes de onda 445 nm, 520 nm, 635 nm y 785 nm con diferentes potencias. Para los productos l\u00e1ser de longitud de onda cercana, tambi\u00e9n podemos personalizar los m\u00f3dulos l\u00e1ser de 4 longitudes de onda 488 nm + 520 nm + 635 nm + 785 nm para los clientes.<\/p>","protected":false},"excerpt":{"rendered":"<p>El m\u00f3dulo de diodo l\u00e1ser acoplado a fibra monomodo de 4 longitudes de onda (445 nm, 520 nm, 635 nm y 785 nm) y 20 mW incluye 1 fibra monomodo de 3 um, l\u00e1ser rojo + l\u00e1ser verde + l\u00e1ser azul + l\u00e1ser infrarrojo, y puede obtener un haz gaussiano. Este m\u00f3dulo l\u00e1ser es compacto e incorpora un enfriador TE y un termistor. Este m\u00f3dulo l\u00e1ser de diodo acoplado a fibra monomodo de 4 longitudes de onda (445 nm + 520 nm + 635 nm + 785 nm) y 20 mW ofrece un alto rendimiento y una larga vida \u00fatil, puede obtener luz l\u00e1ser de 4 longitudes de onda a partir de 1 pieza de fibra SM de 3 um, las cuatro longitudes de onda del l\u00e1ser pueden funcionar por separado o simult\u00e1neamente, y pueden utilizarse como luz de trabajo o haz de punter\u00eda. El m\u00f3dulo l\u00e1ser de 4 longitudes de onda incluye el enfriador TE, lo que resultar\u00e1 muy conveniente para que los clientes controlen la temperatura de funcionamiento.<br \/>\nWavespectrum Laser tambi\u00e9n puede ofrecer otros m\u00f3dulos de diodo l\u00e1ser acoplados a fibra monomodo de 4 longitudes de onda (445 nm, 520 nm, 635 nm y 785 nm) seg\u00fan los requisitos del cliente.<\/p>","protected":false},"featured_media":3369,"comment_status":"open","ping_status":"closed","template":"","meta":{"themepark_post_bcolor":"#f5f5f5","themepark_post_width":"1022px","themepark_post_img":"","themepark_post_img_po":"left","themepark_post_img_re":false,"themepark_post_img_cover":false,"themepark_post_img_fixed":false,"themepark_post_hide_title":false,"themepark_post_main_b":"","themepark_post_main_p":100,"themepark_paddingblock":false,"_wpscp_schedule_draft_date":"","_wpscp_schedule_republish_date":"","_wpscppro_advance_schedule":false,"_wpscppro_advance_schedule_date":"","_wpscppro_dont_share_socialmedia":false,"_wpscppro_custom_social_share_image":0,"_facebook_share_type":"","_twitter_share_type":"","_linkedin_share_type":"","_pinterest_share_type":"","_linkedin_share_type_page":"","_instagram_share_type":"","_medium_share_type":"","_threads_share_type":"","_google_business_share_type":"","_selected_social_profile":[],"_wpsp_enable_custom_social_template":false,"_wpsp_social_scheduling":{"enabled":false,"datetime":null,"platforms":[],"status":"template_only","dateOption":"today","timeOption":"now","customDays":"","customHours":"","customDate":"","customTime":"","schedulingType":"absolute"},"_wpsp_active_default_template":true},"product_brand":[],"product_cat":[52,192],"product_tag":[],"class_list":{"0":"post-3367","1":"product","2":"type-product","3":"status-publish","4":"has-post-thumbnail","6":"product_cat-quplex-4-wavelength-fiber-coupled-laser-module","7":"product_cat-445nm-520nm-635nm-785nm-quplex-fiber-coupled-laser-module","9":"first","10":"instock","11":"shipping-taxable","12":"product-type-simple"},"aioseo_notices":[],"_links":{"self":[{"href":"https:\/\/laserdiode-ld.com\/es\/wp-json\/wp\/v2\/product\/3367","targetHints":{"allow":["GET"]}}],"collection":[{"href":"https:\/\/laserdiode-ld.com\/es\/wp-json\/wp\/v2\/product"}],"about":[{"href":"https:\/\/laserdiode-ld.com\/es\/wp-json\/wp\/v2\/types\/product"}],"replies":[{"embeddable":true,"href":"https:\/\/laserdiode-ld.com\/es\/wp-json\/wp\/v2\/comments?post=3367"}],"wp:featuredmedia":[{"embeddable":true,"href":"https:\/\/laserdiode-ld.com\/es\/wp-json\/wp\/v2\/media\/3369"}],"wp:attachment":[{"href":"https:\/\/laserdiode-ld.com\/es\/wp-json\/wp\/v2\/media?parent=3367"}],"wp:term":[{"taxonomy":"product_brand","embeddable":true,"href":"https:\/\/laserdiode-ld.com\/es\/wp-json\/wp\/v2\/product_brand?post=3367"},{"taxonomy":"product_cat","embeddable":true,"href":"https:\/\/laserdiode-ld.com\/es\/wp-json\/wp\/v2\/product_cat?post=3367"},{"taxonomy":"product_tag","embeddable":true,"href":"https:\/\/laserdiode-ld.com\/es\/wp-json\/wp\/v2\/product_tag?post=3367"}],"curies":[{"name":"wp","href":"https:\/\/api.w.org\/{rel}","templated":true}]}}