{"id":3346,"date":"2025-11-13T15:21:13","date_gmt":"2025-11-13T07:21:13","guid":{"rendered":"http:\/\/aserdiode-ld.com\/?post_type=product&#038;p=3346"},"modified":"2025-12-09T14:21:16","modified_gmt":"2025-12-09T06:21:16","slug":"diodo-laser-de-808-nm-10-w-paquete-con-ventana-de-9-pines","status":"publish","type":"product","link":"https:\/\/laserdiode-ld.com\/es\/producto\/diodo-laser-de-808-nm-10-w-paquete-con-ventana-de-9-pines","title":{"rendered":"808 nm, 10 W, 9 pines"},"content":{"rendered":"<p>Wavespectrum Laser es un fabricante de productos l\u00e1ser de diodo de alta calidad y rendimiento. Nos dedicamos al desarrollo, la producci\u00f3n y la venta de productos l\u00e1ser de alto rendimiento. Ofrecemos una amplia gama de longitudes de onda, una gran variedad de paquetes de productos, fibra monomodo, fibra multimodo y fibra con mantenimiento de polarizaci\u00f3n. Controlamos estrictamente la calidad de los productos y hemos obtenido el reconocimiento de clientes de todo el mundo por su excelente rendimiento.<br \/>\nWavespectrum Laser ofrece una amplia gama de diodos l\u00e1ser, incluidos los diodos l\u00e1ser de 808 nm, 10 W y 9 pines con ventana. Adem\u00e1s, suministramos varias versiones de potencia para los diodos l\u00e1ser de 808 nm, 9 pines y ventana. Para los diodos l\u00e1ser multimodo de longitud de onda cercana, disponemos de opciones en 755 nm, 770 nm, 780 nm, 792 nm, 830 nm, 850 nm, 880 nm y 915 nm que satisfacen los diversos requisitos de los clientes.<\/p>\n<p>&nbsp;<\/p>","protected":false},"excerpt":{"rendered":"<p>El diodo l\u00e1ser con ventana de 9 pines y 808 nm y 10 W es un diodo l\u00e1ser semiconductor multimodo que puede equiparse con la lente FAC para obtener un haz cuadrado o lineal. El diodo l\u00e1ser con ventana de 9 pines es un paquete herm\u00e9tico, lo que resulta muy pr\u00e1ctico para los clientes a la hora de almacenarlo y utilizarlo. Este diodo l\u00e1ser de 808 nm, 10 W y 9 pines con ventana forma parte de nuestra gama de productos l\u00e1ser infrarrojos, ofrece un alto rendimiento y una larga vida \u00fatil. Wavespectrum Laser ofrece varias opciones de potencia para los diodos l\u00e1ser de 808 nm y 9 pines con ventana, con el fin de satisfacer las diferentes necesidades de los clientes.<\/p>","protected":false},"featured_media":3348,"comment_status":"open","ping_status":"closed","template":"","meta":{"themepark_post_bcolor":"#f5f5f5","themepark_post_width":"1022px","themepark_post_img":"","themepark_post_img_po":"left","themepark_post_img_re":false,"themepark_post_img_cover":false,"themepark_post_img_fixed":false,"themepark_post_hide_title":false,"themepark_post_main_b":"","themepark_post_main_p":100,"themepark_paddingblock":false,"_wpscp_schedule_draft_date":"","_wpscp_schedule_republish_date":"","_wpscppro_advance_schedule":false,"_wpscppro_advance_schedule_date":"","_wpscppro_dont_share_socialmedia":false,"_wpscppro_custom_social_share_image":0,"_facebook_share_type":"","_twitter_share_type":"","_linkedin_share_type":"","_pinterest_share_type":"","_linkedin_share_type_page":"","_instagram_share_type":"","_medium_share_type":"","_threads_share_type":"","_google_business_share_type":"","_selected_social_profile":[],"_wpsp_enable_custom_social_template":false,"_wpsp_social_scheduling":{"enabled":false,"datetime":null,"platforms":[],"status":"template_only","dateOption":"today","timeOption":"now","customDays":"","customHours":"","customDate":"","customTime":"","schedulingType":"absolute"},"_wpsp_active_default_template":true},"product_brand":[],"product_cat":[48,184],"product_tag":[],"class_list":{"0":"post-3346","1":"product","2":"type-product","3":"status-publish","4":"has-post-thumbnail","6":"product_cat-window-package-high-power-laser-diode","7":"product_cat-808nm-window-package-high-power-laser-diode","9":"first","10":"instock","11":"shipping-taxable","12":"product-type-simple"},"aioseo_notices":[],"_links":{"self":[{"href":"https:\/\/laserdiode-ld.com\/es\/wp-json\/wp\/v2\/product\/3346","targetHints":{"allow":["GET"]}}],"collection":[{"href":"https:\/\/laserdiode-ld.com\/es\/wp-json\/wp\/v2\/product"}],"about":[{"href":"https:\/\/laserdiode-ld.com\/es\/wp-json\/wp\/v2\/types\/product"}],"replies":[{"embeddable":true,"href":"https:\/\/laserdiode-ld.com\/es\/wp-json\/wp\/v2\/comments?post=3346"}],"wp:featuredmedia":[{"embeddable":true,"href":"https:\/\/laserdiode-ld.com\/es\/wp-json\/wp\/v2\/media\/3348"}],"wp:attachment":[{"href":"https:\/\/laserdiode-ld.com\/es\/wp-json\/wp\/v2\/media?parent=3346"}],"wp:term":[{"taxonomy":"product_brand","embeddable":true,"href":"https:\/\/laserdiode-ld.com\/es\/wp-json\/wp\/v2\/product_brand?post=3346"},{"taxonomy":"product_cat","embeddable":true,"href":"https:\/\/laserdiode-ld.com\/es\/wp-json\/wp\/v2\/product_cat?post=3346"},{"taxonomy":"product_tag","embeddable":true,"href":"https:\/\/laserdiode-ld.com\/es\/wp-json\/wp\/v2\/product_tag?post=3346"}],"curies":[{"name":"wp","href":"https:\/\/api.w.org\/{rel}","templated":true}]}}