{"id":3275,"date":"2025-11-13T13:57:51","date_gmt":"2025-11-13T05:57:51","guid":{"rendered":"http:\/\/aserdiode-ld.com\/?post_type=product&#038;p=3275"},"modified":"2025-11-17T15:31:45","modified_gmt":"2025-11-17T07:31:45","slug":"modulo-de-diodo-laser-acoplado-a-fibra-mariposa-de-830-nm-y-2-w-con-tec-de-14-pines","status":"publish","type":"product","link":"https:\/\/laserdiode-ld.com\/es\/producto\/modulo-de-diodo-laser-acoplado-a-fibra-mariposa-de-830-nm-y-2-w-con-tec-de-14-pines","title":{"rendered":"830 nm, 2 W con TEC de 14 pines tipo mariposa"},"content":{"rendered":"<p>Wavespectrum Laser es un fabricante de productos l\u00e1ser de diodo de alta calidad y rendimiento. Nos dedicamos al desarrollo, la producci\u00f3n y la venta de productos l\u00e1ser de alto rendimiento. Ofrecemos una amplia gama de longitudes de onda, una gran variedad de paquetes de productos, fibra monomodo, fibra multimodo y fibra con mantenimiento de polarizaci\u00f3n. Controlamos estrictamente la calidad de los productos y hemos obtenido el reconocimiento de clientes de todo el mundo por su excelente rendimiento.<\/p>\n<p>Wavespectrum Laser se enorgullece de ofrecer el m\u00f3dulo de diodo l\u00e1ser acoplado a fibra mariposa TEC de 14 pines y 830 nm con 2 W. Adem\u00e1s, podemos proporcionar variantes de potencia personalizadas del m\u00f3dulo de diodo l\u00e1ser acoplado a fibra mariposa TEC de 14 pines y 830 nm seg\u00fan los requisitos del cliente. Adem\u00e1s, ofrecemos una amplia gama de productos l\u00e1ser de longitud de onda cercana, incluyendo l\u00e1seres de 808 nm, 820 nm, 830 nm, 850 nm, 915 nm, 940 nm, 980 nm, 1064 nm, 1310 nm y 1550 nm.<\/p>","protected":false},"excerpt":{"rendered":"<p>El m\u00f3dulo l\u00e1ser de diodo acoplado a fibra mariposa TEC de 14 pines y 2 W con 830 nm es un producto l\u00e1ser semiconductor violeta. Tiene un tama\u00f1o compacto e incluye un enfriador TE, un termistor y un fotodiodo, lo que resulta muy pr\u00e1ctico para que los clientes controlen la temperatura de funcionamiento y supervisen la potencia de salida. El m\u00f3dulo l\u00e1ser de diodo acoplado a fibra mariposa TEC de 14 pines y 2 W con 830 nm tiene una alta eficiencia de acoplamiento y una larga vida \u00fatil, y es muy f\u00e1cil de integrar en los equipos de los clientes. Es la elecci\u00f3n de un gran n\u00famero de usuarios industriales y cient\u00edficos. Los m\u00f3dulos l\u00e1ser con paquete de 14 pines tipo mariposa se utilizan ampliamente en el procesamiento industrial, la visualizaci\u00f3n l\u00e1ser, la detecci\u00f3n, la medicina, la electr\u00f3nica de consumo, las comunicaciones y la investigaci\u00f3n cient\u00edfica. Wavespectrum Laser es capaz de proporcionar soluciones personalizadas para el m\u00f3dulo l\u00e1ser de diodo acoplado a fibra de 830 nm con TEC de 14 pines tipo mariposa, dise\u00f1ado para satisfacer los requisitos \u00fanicos de nuestros clientes.<\/p>","protected":false},"featured_media":2858,"comment_status":"open","ping_status":"closed","template":"","meta":{"themepark_post_bcolor":"#f5f5f5","themepark_post_width":"1022px","themepark_post_img":"","themepark_post_img_po":"left","themepark_post_img_re":false,"themepark_post_img_cover":false,"themepark_post_img_fixed":false,"themepark_post_hide_title":false,"themepark_post_main_b":"","themepark_post_main_p":100,"themepark_paddingblock":false,"_wpscp_schedule_draft_date":"","_wpscp_schedule_republish_date":"","_wpscppro_advance_schedule":false,"_wpscppro_advance_schedule_date":"","_wpscppro_dont_share_socialmedia":false,"_wpscppro_custom_social_share_image":0,"_facebook_share_type":"","_twitter_share_type":"","_linkedin_share_type":"","_pinterest_share_type":"","_linkedin_share_type_page":"","_instagram_share_type":"","_medium_share_type":"","_threads_share_type":"","_google_business_share_type":"","_selected_social_profile":[],"_wpsp_enable_custom_social_template":false,"_wpsp_social_scheduling":{"enabled":false,"datetime":null,"platforms":[],"status":"template_only","dateOption":"today","timeOption":"now","customDays":"","customHours":"","customDate":"","customTime":"","schedulingType":"absolute"},"_wpsp_active_default_template":true},"product_brand":[],"product_cat":[42,170],"product_tag":[],"class_list":{"0":"post-3275","1":"product","2":"type-product","3":"status-publish","4":"has-post-thumbnail","6":"product_cat-multi-mode-fiber-coupled-laser-module","7":"product_cat-830nm-multi-mode-fiber-coupled-laser-module","9":"first","10":"instock","11":"shipping-taxable","12":"product-type-simple"},"aioseo_notices":[],"_links":{"self":[{"href":"https:\/\/laserdiode-ld.com\/es\/wp-json\/wp\/v2\/product\/3275","targetHints":{"allow":["GET"]}}],"collection":[{"href":"https:\/\/laserdiode-ld.com\/es\/wp-json\/wp\/v2\/product"}],"about":[{"href":"https:\/\/laserdiode-ld.com\/es\/wp-json\/wp\/v2\/types\/product"}],"replies":[{"embeddable":true,"href":"https:\/\/laserdiode-ld.com\/es\/wp-json\/wp\/v2\/comments?post=3275"}],"wp:featuredmedia":[{"embeddable":true,"href":"https:\/\/laserdiode-ld.com\/es\/wp-json\/wp\/v2\/media\/2858"}],"wp:attachment":[{"href":"https:\/\/laserdiode-ld.com\/es\/wp-json\/wp\/v2\/media?parent=3275"}],"wp:term":[{"taxonomy":"product_brand","embeddable":true,"href":"https:\/\/laserdiode-ld.com\/es\/wp-json\/wp\/v2\/product_brand?post=3275"},{"taxonomy":"product_cat","embeddable":true,"href":"https:\/\/laserdiode-ld.com\/es\/wp-json\/wp\/v2\/product_cat?post=3275"},{"taxonomy":"product_tag","embeddable":true,"href":"https:\/\/laserdiode-ld.com\/es\/wp-json\/wp\/v2\/product_tag?post=3275"}],"curies":[{"name":"wp","href":"https:\/\/api.w.org\/{rel}","templated":true}]}}