{"id":3260,"date":"2025-11-13T11:20:38","date_gmt":"2025-11-13T03:20:38","guid":{"rendered":"http:\/\/aserdiode-ld.com\/?post_type=product&#038;p=3260"},"modified":"2026-04-16T13:52:47","modified_gmt":"2026-04-16T05:52:47","slug":"808nm-8w-105um-fiber-9pin-tec-pd","status":"publish","type":"product","link":"https:\/\/laserdiode-ld.com\/es\/producto\/808nm-8w-105um-fiber-9pin-tec-pd","title":{"rendered":"808nm | 8W | 105um Fiber | 9PIN | TEC | PD"},"content":{"rendered":"<p>Wavespectrum Laser es un fabricante de productos l\u00e1ser de diodo de alta calidad y rendimiento. Nos dedicamos al desarrollo, la producci\u00f3n y la venta de productos l\u00e1ser de alto rendimiento. Ofrecemos una amplia gama de longitudes de onda, una gran variedad de paquetes de productos, fibra monomodo, fibra multimodo y fibra con mantenimiento de polarizaci\u00f3n. Controlamos estrictamente la calidad de los productos y hemos obtenido el reconocimiento de clientes de todo el mundo por su excelente rendimiento.<\/p>\n<p>Wavespectrum Laser puede ofrecer el m\u00f3dulo de diodo l\u00e1ser acoplado a fibra TEC de 808 nm, 8 W y 9 pines, y tambi\u00e9n podemos suministrar a los clientes la versi\u00f3n de diferente potencia de 808 nm, 9 pines y m\u00f3dulo de diodo l\u00e1ser acoplado a fibra TEC. Para los productos l\u00e1ser de longitud de onda cercana, tambi\u00e9n podemos ofrecer a los clientes productos l\u00e1ser de 785 nm, 808 nm, 830 nm y 860 nm.<\/p>","protected":false},"excerpt":{"rendered":"<p>El m\u00f3dulo l\u00e1ser de diodo acoplado a fibra TEC de 808 nm, 8 W y 9 pines incluye el enfriador TE, el termistor y el fotodiodo, y se utiliza principalmente en equipos de alta precisi\u00f3n y estabilidad. El n\u00facleo de fibra del m\u00f3dulo l\u00e1ser es de 105 um y la apertura num\u00e9rica de la fibra es de 0,22. El conector de fibra SMA905, FC, ST y SC es opcional. Este m\u00f3dulo de diodo l\u00e1ser acoplado a fibra TEC de 808 nm, 8 W y 9 pines tiene una alta eficiencia de acoplamiento y un alto rendimiento, lo que facilita su uso en muchos campos. Este m\u00f3dulo l\u00e1ser cuenta con un enfriador TE y un termistor, lo que facilita a los clientes el control de la temperatura de funcionamiento, e incluye un fotodiodo, lo que facilita a los clientes la supervisi\u00f3n de la potencia de salida. Wavespectrum Laser tambi\u00e9n puede personalizar la otra versi\u00f3n de potencia, el m\u00f3dulo de diodo l\u00e1ser acoplado a fibra TEC de 808 nm y 9 pines, seg\u00fan los requisitos del cliente.<\/p>","protected":false},"featured_media":2858,"comment_status":"open","ping_status":"closed","template":"","meta":{"themepark_post_bcolor":"#f5f5f5","themepark_post_width":"1022px","themepark_post_img":"","themepark_post_img_po":"left","themepark_post_img_re":false,"themepark_post_img_cover":false,"themepark_post_img_fixed":false,"themepark_post_hide_title":false,"themepark_post_main_b":"","themepark_post_main_p":100,"themepark_paddingblock":false,"_wpscp_schedule_draft_date":"","_wpscp_schedule_republish_date":"","_wpscppro_advance_schedule":false,"_wpscppro_advance_schedule_date":"","_wpscppro_dont_share_socialmedia":false,"_wpscppro_custom_social_share_image":0,"_facebook_share_type":"","_twitter_share_type":"","_linkedin_share_type":"","_pinterest_share_type":"","_linkedin_share_type_page":"","_instagram_share_type":"","_medium_share_type":"","_threads_share_type":"","_google_business_share_type":"","_selected_social_profile":[],"_wpsp_enable_custom_social_template":false,"_wpsp_social_scheduling":{"enabled":false,"datetime":null,"platforms":[],"status":"template_only","dateOption":"today","timeOption":"now","customDays":"","customHours":"","customDate":"","customTime":"","schedulingType":"absolute"},"_wpsp_active_default_template":true},"product_brand":[],"product_cat":[42,168],"product_tag":[],"class_list":{"0":"post-3260","1":"product","2":"type-product","3":"status-publish","4":"has-post-thumbnail","6":"product_cat-multi-mode-fiber-coupled-laser-module","7":"product_cat-808nm-multi-mode-fiber-coupled-laser-module","9":"first","10":"instock","11":"shipping-taxable","12":"product-type-simple"},"aioseo_notices":[],"_links":{"self":[{"href":"https:\/\/laserdiode-ld.com\/es\/wp-json\/wp\/v2\/product\/3260","targetHints":{"allow":["GET"]}}],"collection":[{"href":"https:\/\/laserdiode-ld.com\/es\/wp-json\/wp\/v2\/product"}],"about":[{"href":"https:\/\/laserdiode-ld.com\/es\/wp-json\/wp\/v2\/types\/product"}],"replies":[{"embeddable":true,"href":"https:\/\/laserdiode-ld.com\/es\/wp-json\/wp\/v2\/comments?post=3260"}],"wp:featuredmedia":[{"embeddable":true,"href":"https:\/\/laserdiode-ld.com\/es\/wp-json\/wp\/v2\/media\/2858"}],"wp:attachment":[{"href":"https:\/\/laserdiode-ld.com\/es\/wp-json\/wp\/v2\/media?parent=3260"}],"wp:term":[{"taxonomy":"product_brand","embeddable":true,"href":"https:\/\/laserdiode-ld.com\/es\/wp-json\/wp\/v2\/product_brand?post=3260"},{"taxonomy":"product_cat","embeddable":true,"href":"https:\/\/laserdiode-ld.com\/es\/wp-json\/wp\/v2\/product_cat?post=3260"},{"taxonomy":"product_tag","embeddable":true,"href":"https:\/\/laserdiode-ld.com\/es\/wp-json\/wp\/v2\/product_tag?post=3260"}],"curies":[{"name":"wp","href":"https:\/\/api.w.org\/{rel}","templated":true}]}}