{"id":3255,"date":"2025-11-13T11:18:33","date_gmt":"2025-11-13T03:18:33","guid":{"rendered":"http:\/\/aserdiode-ld.com\/?post_type=product&#038;p=3255"},"modified":"2026-04-16T13:52:31","modified_gmt":"2026-04-16T05:52:31","slug":"808nm-5w-105um-fiber-2pin","status":"publish","type":"product","link":"https:\/\/laserdiode-ld.com\/es\/producto\/808nm-5w-105um-fiber-2pin","title":{"rendered":"808nm | 5W | 105um Fiber | 2PIN"},"content":{"rendered":"<p>Wavespectrum Laser es un fabricante de productos l\u00e1ser de diodo de alta calidad y rendimiento. Nos dedicamos al desarrollo, la producci\u00f3n y la venta de productos l\u00e1ser de alto rendimiento. Ofrecemos una amplia gama de longitudes de onda, una gran variedad de paquetes de productos, fibra monomodo, fibra multimodo y fibra con mantenimiento de polarizaci\u00f3n. Controlamos estrictamente la calidad de los productos y hemos obtenido el reconocimiento de clientes de todo el mundo por su excelente rendimiento.<\/p>\n<p>Wavespectrum Laser se complace en ofrecer un m\u00f3dulo l\u00e1ser de diodo con pigtail MMF de 808 nm, 5 W y 105 um, y tambi\u00e9n estamos equipados para suministrar varias versiones de potencia del m\u00f3dulo l\u00e1ser de diodo con pigtail MMF de 808 nm y 105 um para satisfacer las diversas necesidades de nuestros clientes. Adem\u00e1s, ofrecemos una amplia selecci\u00f3n de productos l\u00e1ser de longitud de onda cercana, tales como: productos l\u00e1ser de 780 nm, 808 nm, 820 nm, 830 nm, 850 nm y 940 nm.<\/p>","protected":false},"excerpt":{"rendered":"<p>El m\u00f3dulo l\u00e1ser de diodo con pigtail MMF de 808 nm, 5 W y 105 um est\u00e1 dise\u00f1ado con un paquete de 2 pines, lo que garantiza un formato compacto. Ofrece funciones opcionales, como el fotodiodo y el enfriador TE. El di\u00e1metro del n\u00facleo de fibra del m\u00f3dulo l\u00e1ser es de 105 um y la apertura num\u00e9rica es de 0,22. Para mayor comodidad del cliente, hay otras opciones de fibra disponibles, como fibras multimodo de 50 um, 200 um y 400 um. El m\u00f3dulo l\u00e1ser de diodo con pigtail MMF de 808 nm, 5 W y 105 um ofrece una alta eficiencia de acoplamiento, un rendimiento superior y una larga vida \u00fatil. Est\u00e1 dise\u00f1ado para integrarse f\u00e1cilmente en los dispositivos de los clientes. Este tipo de m\u00f3dulo l\u00e1ser se utiliza ahora ampliamente en m\u00faltiples industrias y se ha ganado una buena reputaci\u00f3n entre los clientes. Wavespectrum Laser ofrece servicios de personalizaci\u00f3n a medida para el m\u00f3dulo l\u00e1ser de diodo con pigtail MMF de 808 nm y 105 um, atendiendo a los requisitos especiales de cada cliente.<\/p>","protected":false},"featured_media":2858,"comment_status":"open","ping_status":"closed","template":"","meta":{"themepark_post_bcolor":"#f5f5f5","themepark_post_width":"1022px","themepark_post_img":"","themepark_post_img_po":"left","themepark_post_img_re":false,"themepark_post_img_cover":false,"themepark_post_img_fixed":false,"themepark_post_hide_title":false,"themepark_post_main_b":"","themepark_post_main_p":100,"themepark_paddingblock":false,"_wpscp_schedule_draft_date":"","_wpscp_schedule_republish_date":"","_wpscppro_advance_schedule":false,"_wpscppro_advance_schedule_date":"","_wpscppro_dont_share_socialmedia":false,"_wpscppro_custom_social_share_image":0,"_facebook_share_type":"","_twitter_share_type":"","_linkedin_share_type":"","_pinterest_share_type":"","_linkedin_share_type_page":"","_instagram_share_type":"","_medium_share_type":"","_threads_share_type":"","_google_business_share_type":"","_selected_social_profile":[],"_wpsp_enable_custom_social_template":false,"_wpsp_social_scheduling":{"enabled":false,"datetime":null,"platforms":[],"status":"template_only","dateOption":"today","timeOption":"now","customDays":"","customHours":"","customDate":"","customTime":"","schedulingType":"absolute"},"_wpsp_active_default_template":true},"product_brand":[],"product_cat":[42,168],"product_tag":[],"class_list":{"0":"post-3255","1":"product","2":"type-product","3":"status-publish","4":"has-post-thumbnail","6":"product_cat-multi-mode-fiber-coupled-laser-module","7":"product_cat-808nm-multi-mode-fiber-coupled-laser-module","9":"first","10":"instock","11":"shipping-taxable","12":"product-type-simple"},"aioseo_notices":[],"_links":{"self":[{"href":"https:\/\/laserdiode-ld.com\/es\/wp-json\/wp\/v2\/product\/3255","targetHints":{"allow":["GET"]}}],"collection":[{"href":"https:\/\/laserdiode-ld.com\/es\/wp-json\/wp\/v2\/product"}],"about":[{"href":"https:\/\/laserdiode-ld.com\/es\/wp-json\/wp\/v2\/types\/product"}],"replies":[{"embeddable":true,"href":"https:\/\/laserdiode-ld.com\/es\/wp-json\/wp\/v2\/comments?post=3255"}],"wp:featuredmedia":[{"embeddable":true,"href":"https:\/\/laserdiode-ld.com\/es\/wp-json\/wp\/v2\/media\/2858"}],"wp:attachment":[{"href":"https:\/\/laserdiode-ld.com\/es\/wp-json\/wp\/v2\/media?parent=3255"}],"wp:term":[{"taxonomy":"product_brand","embeddable":true,"href":"https:\/\/laserdiode-ld.com\/es\/wp-json\/wp\/v2\/product_brand?post=3255"},{"taxonomy":"product_cat","embeddable":true,"href":"https:\/\/laserdiode-ld.com\/es\/wp-json\/wp\/v2\/product_cat?post=3255"},{"taxonomy":"product_tag","embeddable":true,"href":"https:\/\/laserdiode-ld.com\/es\/wp-json\/wp\/v2\/product_tag?post=3255"}],"curies":[{"name":"wp","href":"https:\/\/api.w.org\/{rel}","templated":true}]}}