{"id":3221,"date":"2025-11-12T16:32:00","date_gmt":"2025-11-12T08:32:00","guid":{"rendered":"http:\/\/aserdiode-ld.com\/?post_type=product&#038;p=3221"},"modified":"2025-11-17T15:28:24","modified_gmt":"2025-11-17T07:28:24","slug":"modulo-laser-de-diodo-con-pigtail-de-770-nm-3-w-y-105-%c2%b5m-mmf","status":"publish","type":"product","link":"https:\/\/laserdiode-ld.com\/es\/producto\/modulo-laser-de-diodo-con-pigtail-de-770-nm-3-w-y-105-%c2%b5m-mmf","title":{"rendered":"770 nm, 3 W, 105 um, MMF con pigtail"},"content":{"rendered":"<p>Wavespectrum Laser es un fabricante de productos l\u00e1ser de diodo de alta calidad y rendimiento. Nos dedicamos al desarrollo, la producci\u00f3n y la venta de productos l\u00e1ser de alto rendimiento. Ofrecemos una amplia gama de longitudes de onda, una gran variedad de paquetes de productos, fibra monomodo, fibra multimodo y fibra con mantenimiento de polarizaci\u00f3n. Controlamos estrictamente la calidad de los productos y hemos obtenido el reconocimiento de clientes de todo el mundo por su excelente rendimiento.<\/p>\n<p>Wavespectrum Laser se complace en ofrecer un m\u00f3dulo l\u00e1ser de diodo con pigtail MMF de 770 nm, 3 W y 105 um, y tambi\u00e9n estamos equipados para suministrar varias versiones de potencia del m\u00f3dulo l\u00e1ser de diodo con pigtail MMF de 770 nm y 105 um para satisfacer las diversas necesidades de nuestros clientes. Adem\u00e1s, ofrecemos una amplia selecci\u00f3n de productos l\u00e1ser de longitud de onda cercana, tales como: productos l\u00e1ser de 630 nm, 640 nm, 655 nm, 660 nm, 670 nm y 685 nm.<\/p>","protected":false},"excerpt":{"rendered":"<p>Wavespectrum Laser es un fabricante de productos l\u00e1ser de diodo de alta calidad y rendimiento. Nos dedicamos al desarrollo, la producci\u00f3n y la venta de productos l\u00e1ser de alto rendimiento. Ofrecemos una amplia gama de longitudes de onda, una gran variedad de paquetes de productos, fibra monomodo, fibra multimodo y fibra con mantenimiento de polarizaci\u00f3n. Controlamos estrictamente la calidad de los productos y hemos obtenido el reconocimiento de clientes de todo el mundo por su excelente rendimiento.<\/p>\n<p>Wavespectrum Laser se complace en ofrecer un m\u00f3dulo l\u00e1ser de diodo con pigtail MMF de 770 nm, 3 W y 105 um, y tambi\u00e9n estamos equipados para suministrar varias versiones de potencia del m\u00f3dulo l\u00e1ser de diodo con pigtail MMF de 770 nm y 105 um para satisfacer las diversas necesidades de nuestros clientes. Adem\u00e1s, ofrecemos una amplia selecci\u00f3n de productos l\u00e1ser de longitud de onda cercana, tales como: productos l\u00e1ser de 630 nm, 640 nm, 655 nm, 660 nm, 670 nm y 685 nm.<\/p>","protected":false},"featured_media":2858,"comment_status":"open","ping_status":"closed","template":"","meta":{"themepark_post_bcolor":"#f5f5f5","themepark_post_width":"1022px","themepark_post_img":"","themepark_post_img_po":"left","themepark_post_img_re":false,"themepark_post_img_cover":false,"themepark_post_img_fixed":false,"themepark_post_hide_title":false,"themepark_post_main_b":"","themepark_post_main_p":100,"themepark_paddingblock":false,"_wpscp_schedule_draft_date":"","_wpscp_schedule_republish_date":"","_wpscppro_advance_schedule":false,"_wpscppro_advance_schedule_date":"","_wpscppro_dont_share_socialmedia":false,"_wpscppro_custom_social_share_image":0,"_facebook_share_type":"","_twitter_share_type":"","_linkedin_share_type":"","_pinterest_share_type":"","_linkedin_share_type_page":"","_instagram_share_type":"","_medium_share_type":"","_threads_share_type":"","_google_business_share_type":"","_selected_social_profile":[],"_wpsp_enable_custom_social_template":false,"_wpsp_social_scheduling":{"enabled":false,"datetime":null,"platforms":[],"status":"template_only","dateOption":"today","timeOption":"now","customDays":"","customHours":"","customDate":"","customTime":"","schedulingType":"absolute"},"_wpsp_active_default_template":true},"product_brand":[],"product_cat":[42,166],"product_tag":[],"class_list":{"0":"post-3221","1":"product","2":"type-product","3":"status-publish","4":"has-post-thumbnail","6":"product_cat-multi-mode-fiber-coupled-laser-module","7":"product_cat-770nm-multi-mode-fiber-coupled-laser-module","9":"first","10":"instock","11":"shipping-taxable","12":"product-type-simple"},"aioseo_notices":[],"_links":{"self":[{"href":"https:\/\/laserdiode-ld.com\/es\/wp-json\/wp\/v2\/product\/3221","targetHints":{"allow":["GET"]}}],"collection":[{"href":"https:\/\/laserdiode-ld.com\/es\/wp-json\/wp\/v2\/product"}],"about":[{"href":"https:\/\/laserdiode-ld.com\/es\/wp-json\/wp\/v2\/types\/product"}],"replies":[{"embeddable":true,"href":"https:\/\/laserdiode-ld.com\/es\/wp-json\/wp\/v2\/comments?post=3221"}],"wp:featuredmedia":[{"embeddable":true,"href":"https:\/\/laserdiode-ld.com\/es\/wp-json\/wp\/v2\/media\/2858"}],"wp:attachment":[{"href":"https:\/\/laserdiode-ld.com\/es\/wp-json\/wp\/v2\/media?parent=3221"}],"wp:term":[{"taxonomy":"product_brand","embeddable":true,"href":"https:\/\/laserdiode-ld.com\/es\/wp-json\/wp\/v2\/product_brand?post=3221"},{"taxonomy":"product_cat","embeddable":true,"href":"https:\/\/laserdiode-ld.com\/es\/wp-json\/wp\/v2\/product_cat?post=3221"},{"taxonomy":"product_tag","embeddable":true,"href":"https:\/\/laserdiode-ld.com\/es\/wp-json\/wp\/v2\/product_tag?post=3221"}],"curies":[{"name":"wp","href":"https:\/\/api.w.org\/{rel}","templated":true}]}}