{"id":2990,"date":"2025-11-11T10:49:17","date_gmt":"2025-11-11T02:49:17","guid":{"rendered":"http:\/\/aserdiode-ld.com\/?post_type=product&#038;p=2990"},"modified":"2025-11-17T15:13:41","modified_gmt":"2025-11-17T07:13:41","slug":"modulo-laser-de-diodo-azul-de-alta-potencia-con-fibra-optica-de-465-nm-15-w-y-400-%c2%b5m","status":"publish","type":"product","link":"https:\/\/laserdiode-ld.com\/es\/producto\/modulo-laser-de-diodo-azul-de-alta-potencia-con-fibra-optica-de-465-nm-15-w-y-400-%c2%b5m","title":{"rendered":"465 nm, 15 W, 400 um, fibra \u00f3ptica de alta potencia con conector pigtail azul"},"content":{"rendered":"<p>Wavespectrum Laser es un fabricante de productos l\u00e1ser de diodo de alta calidad y rendimiento. Nos dedicamos al desarrollo, la producci\u00f3n y la venta de productos l\u00e1ser de alto rendimiento. Ofrecemos una amplia gama de longitudes de onda, una gran variedad de paquetes de productos, fibra monomodo, fibra multimodo y fibra con mantenimiento de polarizaci\u00f3n. Controlamos estrictamente la calidad de los productos y hemos obtenido el reconocimiento de clientes de todo el mundo por su excelente rendimiento.<\/p>\n<p>Wavespectrum Laser se complace en presentar nuestro m\u00f3dulo l\u00e1ser de diodo azul de alta potencia con pigtail de fibra de 465 nm, 15 W y 400 um. Tambi\u00e9n estamos preparados para ofrecer diversas configuraciones de potencia del m\u00f3dulo l\u00e1ser de diodo azul de alta potencia con pigtail de fibra de 465 nm y 400 um, lo que nos permite satisfacer las diversas necesidades de nuestros clientes. Adem\u00e1s, ofrecemos una amplia gama de productos l\u00e1ser de longitud de onda cercana, que incluye opciones de l\u00e1ser de 400 nm, 455 nm, 480 nm, 488 nm, 495 nm, 505 nm, 520 nm, 635 nm, 660 nm y 670 nm.<\/p>","protected":false},"excerpt":{"rendered":"<p>El m\u00f3dulo l\u00e1ser de diodo azul de alta potencia con pigtail de fibra de 465 nm, 15 W y 400 um puede incorporar un termistor, un fotodiodo y un haz de punter\u00eda rojo. Ofrece varias opciones de conectores de fibra, como SMA905, FC, ST y SC. Este m\u00f3dulo l\u00e1ser genera mucho calor durante su funcionamiento, por lo que recomendamos a los clientes que utilicen refrigeraci\u00f3n por agua o un enfriador TE para controlar la temperatura de funcionamiento del l\u00e1ser. La temperatura de funcionamiento recomendada es de unos 25 \u2103. Este m\u00f3dulo l\u00e1ser de diodo azul de alta potencia con fibra pigtail de 465 nm, 15 W y 400 um es muy apreciado por su rendimiento y durabilidad superiores, lo que lo convierte en una opci\u00f3n preferida para diversas aplicaciones industriales y cient\u00edficas. Su utilidad abarca diversos sectores, incluyendo pantallas l\u00e1ser, proyecciones l\u00e1ser, investigaci\u00f3n cient\u00edfica, tratamientos m\u00e9dicos y detecci\u00f3n biol\u00f3gica. Adem\u00e1s, para satisfacer requisitos espec\u00edficos, tambi\u00e9n ofrecemos una fibra desmontable opcional. Wavespectrum Laser se especializa en ofrecer soluciones personalizadas para el m\u00f3dulo l\u00e1ser de diodo azul de alta potencia con fibra pigtail de 465 nm y 400 um, asegurando que se satisfagan meticulosamente los requisitos espec\u00edficos de cada cliente.<\/p>","protected":false},"featured_media":2858,"comment_status":"open","ping_status":"closed","template":"","meta":{"themepark_post_bcolor":"#f5f5f5","themepark_post_width":"1022px","themepark_post_img":"","themepark_post_img_po":"left","themepark_post_img_re":false,"themepark_post_img_cover":false,"themepark_post_img_fixed":false,"themepark_post_hide_title":false,"themepark_post_main_b":"","themepark_post_main_p":100,"themepark_paddingblock":false,"_wpscp_schedule_draft_date":"","_wpscp_schedule_republish_date":"","_wpscppro_advance_schedule":false,"_wpscppro_advance_schedule_date":"","_wpscppro_dont_share_socialmedia":false,"_wpscppro_custom_social_share_image":0,"_facebook_share_type":"","_twitter_share_type":"","_linkedin_share_type":"","_pinterest_share_type":"","_linkedin_share_type_page":"","_instagram_share_type":"","_medium_share_type":"","_threads_share_type":"","_google_business_share_type":"","_selected_social_profile":[],"_wpsp_enable_custom_social_template":false,"_wpsp_social_scheduling":{"enabled":false,"datetime":null,"platforms":[],"status":"template_only","dateOption":"today","timeOption":"now","customDays":"","customHours":"","customDate":"","customTime":"","schedulingType":"absolute"},"_wpsp_active_default_template":true},"product_brand":[],"product_cat":[42,148],"product_tag":[],"class_list":{"0":"post-2990","1":"product","2":"type-product","3":"status-publish","4":"has-post-thumbnail","6":"product_cat-multi-mode-fiber-coupled-laser-module","7":"product_cat-465nm-multi-mode-fiber-coupled-laser-module","9":"first","10":"instock","11":"shipping-taxable","12":"product-type-simple"},"aioseo_notices":[],"_links":{"self":[{"href":"https:\/\/laserdiode-ld.com\/es\/wp-json\/wp\/v2\/product\/2990","targetHints":{"allow":["GET"]}}],"collection":[{"href":"https:\/\/laserdiode-ld.com\/es\/wp-json\/wp\/v2\/product"}],"about":[{"href":"https:\/\/laserdiode-ld.com\/es\/wp-json\/wp\/v2\/types\/product"}],"replies":[{"embeddable":true,"href":"https:\/\/laserdiode-ld.com\/es\/wp-json\/wp\/v2\/comments?post=2990"}],"wp:featuredmedia":[{"embeddable":true,"href":"https:\/\/laserdiode-ld.com\/es\/wp-json\/wp\/v2\/media\/2858"}],"wp:attachment":[{"href":"https:\/\/laserdiode-ld.com\/es\/wp-json\/wp\/v2\/media?parent=2990"}],"wp:term":[{"taxonomy":"product_brand","embeddable":true,"href":"https:\/\/laserdiode-ld.com\/es\/wp-json\/wp\/v2\/product_brand?post=2990"},{"taxonomy":"product_cat","embeddable":true,"href":"https:\/\/laserdiode-ld.com\/es\/wp-json\/wp\/v2\/product_cat?post=2990"},{"taxonomy":"product_tag","embeddable":true,"href":"https:\/\/laserdiode-ld.com\/es\/wp-json\/wp\/v2\/product_tag?post=2990"}],"curies":[{"name":"wp","href":"https:\/\/api.w.org\/{rel}","templated":true}]}}