{"id":2971,"date":"2025-11-10T16:16:58","date_gmt":"2025-11-10T08:16:58","guid":{"rendered":"http:\/\/aserdiode-ld.com\/?post_type=product&#038;p=2971"},"modified":"2025-11-17T15:12:09","modified_gmt":"2025-11-17T07:12:09","slug":"modulo-de-diodo-laser-azul-acoplado-a-fibra-de-445-nm-10-w-y-200-um","status":"publish","type":"product","link":"https:\/\/laserdiode-ld.com\/es\/producto\/modulo-de-diodo-laser-azul-acoplado-a-fibra-de-445-nm-10-w-y-200-um","title":{"rendered":"445 nm, 10 W, 200 um, azul"},"content":{"rendered":"<p>Wavespectrum Laser es un fabricante de productos l\u00e1ser de diodo de alta calidad y rendimiento. Nos dedicamos al desarrollo, la producci\u00f3n y la venta de productos l\u00e1ser de alto rendimiento. Ofrecemos una amplia gama de longitudes de onda, una gran variedad de paquetes de productos, fibra monomodo, fibra multimodo y fibra con mantenimiento de polarizaci\u00f3n. Controlamos estrictamente la calidad de los productos y hemos obtenido el reconocimiento de clientes de todo el mundo por su excelente rendimiento.<\/p>\n<p>Wavespectrum Laser se enorgullece de ofrecer el m\u00f3dulo de diodo l\u00e1ser azul acoplado a fibra de 445 nm, 10 W y 200 um. Adem\u00e1s, podemos proporcionar variantes de potencia personalizadas del m\u00f3dulo de diodo l\u00e1ser azul acoplado a fibra de 445 nm y 200 um seg\u00fan los requisitos del cliente. Adem\u00e1s, ofrecemos una amplia gama de productos l\u00e1ser de longitud de onda cercana, incluyendo l\u00e1seres de 375 nm, 395 nm, 400 nm, 420 nm, 435 nm, 455 nm, 465 nm, 488 nm, 495 nm y 505 nm.<\/p>","protected":false},"excerpt":{"rendered":"<p>El m\u00f3dulo de diodo l\u00e1ser azul acoplado a fibra de 445 nm, 10 W y 200 um es un producto l\u00e1ser semiconductor de alta potencia. El termistor, el fotodiodo y el haz de punter\u00eda rojo son opcionales. El n\u00facleo de fibra del m\u00f3dulo l\u00e1ser es de 200 um y la apertura num\u00e9rica de la fibra es de 0,22. Los conectores de fibra SMA905, FC, ST y SC son opcionales. Este m\u00f3dulo de diodo l\u00e1ser azul acoplado a fibra de 445 nm, 10 W y 200 um ofrece un alto rendimiento y una larga vida \u00fatil, y es el preferido por muchos usuarios industriales y cient\u00edficos. Este m\u00f3dulo l\u00e1ser se ha utilizado ampliamente en pantallas l\u00e1ser, proyecci\u00f3n l\u00e1ser, investigaci\u00f3n cient\u00edfica, tratamientos m\u00e9dicos, detecci\u00f3n biol\u00f3gica y otros campos. Si el cliente lo necesita, tambi\u00e9n podemos ofrecerle m\u00f3dulos l\u00e1ser en versi\u00f3n desmontable de fibra. Wavespectrum Laser tambi\u00e9n puede personalizar el m\u00f3dulo de diodo l\u00e1ser azul acoplado a fibra de 445 nm y 200 um con otra potencia seg\u00fan los requisitos del cliente.<\/p>","protected":false},"featured_media":2858,"comment_status":"open","ping_status":"closed","template":"","meta":{"themepark_post_bcolor":"#f5f5f5","themepark_post_width":"1022px","themepark_post_img":"","themepark_post_img_po":"left","themepark_post_img_re":false,"themepark_post_img_cover":false,"themepark_post_img_fixed":false,"themepark_post_hide_title":false,"themepark_post_main_b":"","themepark_post_main_p":100,"themepark_paddingblock":false,"_wpscp_schedule_draft_date":"","_wpscp_schedule_republish_date":"","_wpscppro_advance_schedule":false,"_wpscppro_advance_schedule_date":"","_wpscppro_dont_share_socialmedia":false,"_wpscppro_custom_social_share_image":0,"_facebook_share_type":"","_twitter_share_type":"","_linkedin_share_type":"","_pinterest_share_type":"","_linkedin_share_type_page":"","_instagram_share_type":"","_medium_share_type":"","_threads_share_type":"","_google_business_share_type":"","_selected_social_profile":[],"_wpsp_enable_custom_social_template":false,"_wpsp_social_scheduling":{"enabled":false,"datetime":null,"platforms":[],"status":"template_only","dateOption":"today","timeOption":"now","customDays":"","customHours":"","customDate":"","customTime":"","schedulingType":"absolute"},"_wpsp_active_default_template":true},"product_brand":[],"product_cat":[42,146],"product_tag":[],"class_list":{"0":"post-2971","1":"product","2":"type-product","3":"status-publish","4":"has-post-thumbnail","6":"product_cat-multi-mode-fiber-coupled-laser-module","7":"product_cat-445nm-multi-mode-fiber-coupled-laser-module","9":"first","10":"instock","11":"shipping-taxable","12":"product-type-simple"},"aioseo_notices":[],"_links":{"self":[{"href":"https:\/\/laserdiode-ld.com\/es\/wp-json\/wp\/v2\/product\/2971","targetHints":{"allow":["GET"]}}],"collection":[{"href":"https:\/\/laserdiode-ld.com\/es\/wp-json\/wp\/v2\/product"}],"about":[{"href":"https:\/\/laserdiode-ld.com\/es\/wp-json\/wp\/v2\/types\/product"}],"replies":[{"embeddable":true,"href":"https:\/\/laserdiode-ld.com\/es\/wp-json\/wp\/v2\/comments?post=2971"}],"wp:featuredmedia":[{"embeddable":true,"href":"https:\/\/laserdiode-ld.com\/es\/wp-json\/wp\/v2\/media\/2858"}],"wp:attachment":[{"href":"https:\/\/laserdiode-ld.com\/es\/wp-json\/wp\/v2\/media?parent=2971"}],"wp:term":[{"taxonomy":"product_brand","embeddable":true,"href":"https:\/\/laserdiode-ld.com\/es\/wp-json\/wp\/v2\/product_brand?post=2971"},{"taxonomy":"product_cat","embeddable":true,"href":"https:\/\/laserdiode-ld.com\/es\/wp-json\/wp\/v2\/product_cat?post=2971"},{"taxonomy":"product_tag","embeddable":true,"href":"https:\/\/laserdiode-ld.com\/es\/wp-json\/wp\/v2\/product_tag?post=2971"}],"curies":[{"name":"wp","href":"https:\/\/api.w.org\/{rel}","templated":true}]}}