{"id":2914,"date":"2025-11-10T14:17:30","date_gmt":"2025-11-10T06:17:30","guid":{"rendered":"http:\/\/aserdiode-ld.com\/?post_type=product&#038;p=2914"},"modified":"2025-11-17T15:09:02","modified_gmt":"2025-11-17T07:09:02","slug":"410-nm-300-mw-con-modulo-de-diodo-laser-acoplado-a-fibra-con-refrigerador","status":"publish","type":"product","link":"https:\/\/laserdiode-ld.com\/es\/producto\/410-nm-300-mw-con-modulo-de-diodo-laser-acoplado-a-fibra-con-refrigerador","title":{"rendered":"410 nm, 300 mW con enfriador TE"},"content":{"rendered":"<p>Wavespectrum Laser es un fabricante de productos l\u00e1ser de diodo de alta calidad y rendimiento. Nos dedicamos al desarrollo, la producci\u00f3n y la venta de productos l\u00e1ser de alto rendimiento. Ofrecemos una amplia gama de longitudes de onda, una gran variedad de paquetes de productos, fibra monomodo, fibra multimodo y fibra con mantenimiento de polarizaci\u00f3n. Controlamos estrictamente la calidad de los productos y hemos obtenido el reconocimiento de clientes de todo el mundo por su excelente rendimiento.<\/p>\n<p>Wavespectrum Laser puede ofrecer el m\u00f3dulo de diodo l\u00e1ser acoplado a fibra con enfriador TE de 410 nm y 300 mW, y tambi\u00e9n podemos suministrar a los clientes diferentes versiones de potencia de 410 nm con m\u00f3dulo de diodo l\u00e1ser acoplado a fibra con enfriador TE. En cuanto a los productos l\u00e1ser de longitud de onda cercana, tambi\u00e9n podemos ofrecer a los clientes productos l\u00e1ser de 375 nm, 395 nm, 400 nm, 420 nm, 435 nm, 455 nm, 465 nm, 505 nm y 520 nm.<\/p>","protected":false},"excerpt":{"rendered":"<p>El m\u00f3dulo de diodo l\u00e1ser acoplado a fibra con enfriador TE de 410 nm y 300 mW cuenta con fibra multimodo de 105 um, y los conectores FC, SC, ST y SMA905 son opcionales. Este m\u00f3dulo l\u00e1ser de diodo incluye un enfriador semiconductor y un termistor, lo que resulta muy pr\u00e1ctico para que los clientes puedan controlar la temperatura de funcionamiento. Recomendamos a los operadores que preparen un disipador de calor y ventiladores adecuados para disipar el calor producido por el m\u00f3dulo l\u00e1ser. Este m\u00f3dulo l\u00e1ser de diodo acoplado a fibra con enfriador TE de 410 nm y 300 mw ofrece una alta eficiencia de acoplamiento y un alto rendimiento, y ha recibido el favor y elogios de clientes industriales y de investigaci\u00f3n cient\u00edfica nacionales y extranjeros. Este m\u00f3dulo LD tiene un tama\u00f1o compacto, lo que facilita su integraci\u00f3n en los equipos del cliente. Wavespectrum Laser tambi\u00e9n puede personalizar la otra versi\u00f3n de potencia de 410 nm con m\u00f3dulo de diodo l\u00e1ser acoplado a fibra con enfriador TE seg\u00fan los requisitos del cliente.<\/p>","protected":false},"featured_media":2858,"comment_status":"open","ping_status":"closed","template":"","meta":{"themepark_post_bcolor":"#f5f5f5","themepark_post_width":"1022px","themepark_post_img":"","themepark_post_img_po":"left","themepark_post_img_re":false,"themepark_post_img_cover":false,"themepark_post_img_fixed":false,"themepark_post_hide_title":false,"themepark_post_main_b":"","themepark_post_main_p":100,"themepark_paddingblock":false,"_wpscp_schedule_draft_date":"","_wpscp_schedule_republish_date":"","_wpscppro_advance_schedule":false,"_wpscppro_advance_schedule_date":"","_wpscppro_dont_share_socialmedia":false,"_wpscppro_custom_social_share_image":0,"_facebook_share_type":"","_twitter_share_type":"","_linkedin_share_type":"","_pinterest_share_type":"","_linkedin_share_type_page":"","_instagram_share_type":"","_medium_share_type":"","_threads_share_type":"","_google_business_share_type":"","_selected_social_profile":[],"_wpsp_enable_custom_social_template":false,"_wpsp_social_scheduling":{"enabled":false,"datetime":null,"platforms":[],"status":"template_only","dateOption":"today","timeOption":"now","customDays":"","customHours":"","customDate":"","customTime":"","schedulingType":"absolute"},"_wpsp_active_default_template":true},"product_brand":[],"product_cat":[42,141],"product_tag":[],"class_list":{"0":"post-2914","1":"product","2":"type-product","3":"status-publish","4":"has-post-thumbnail","6":"product_cat-multi-mode-fiber-coupled-laser-module","7":"product_cat-410nm-multi-mode-fiber-coupled-laser-module","9":"first","10":"instock","11":"shipping-taxable","12":"product-type-simple"},"aioseo_notices":[],"_links":{"self":[{"href":"https:\/\/laserdiode-ld.com\/es\/wp-json\/wp\/v2\/product\/2914","targetHints":{"allow":["GET"]}}],"collection":[{"href":"https:\/\/laserdiode-ld.com\/es\/wp-json\/wp\/v2\/product"}],"about":[{"href":"https:\/\/laserdiode-ld.com\/es\/wp-json\/wp\/v2\/types\/product"}],"replies":[{"embeddable":true,"href":"https:\/\/laserdiode-ld.com\/es\/wp-json\/wp\/v2\/comments?post=2914"}],"wp:featuredmedia":[{"embeddable":true,"href":"https:\/\/laserdiode-ld.com\/es\/wp-json\/wp\/v2\/media\/2858"}],"wp:attachment":[{"href":"https:\/\/laserdiode-ld.com\/es\/wp-json\/wp\/v2\/media?parent=2914"}],"wp:term":[{"taxonomy":"product_brand","embeddable":true,"href":"https:\/\/laserdiode-ld.com\/es\/wp-json\/wp\/v2\/product_brand?post=2914"},{"taxonomy":"product_cat","embeddable":true,"href":"https:\/\/laserdiode-ld.com\/es\/wp-json\/wp\/v2\/product_cat?post=2914"},{"taxonomy":"product_tag","embeddable":true,"href":"https:\/\/laserdiode-ld.com\/es\/wp-json\/wp\/v2\/product_tag?post=2914"}],"curies":[{"name":"wp","href":"https:\/\/api.w.org\/{rel}","templated":true}]}}