{"id":2871,"date":"2025-11-10T13:50:08","date_gmt":"2025-11-10T05:50:08","guid":{"rendered":"http:\/\/aserdiode-ld.com\/?post_type=product&#038;p=2871"},"modified":"2025-11-17T15:02:56","modified_gmt":"2025-11-17T07:02:56","slug":"modulo-ld-acoplado-a-fibra-multimodo-de-405-nm-200-mw-y-50-%c2%b5m","status":"publish","type":"product","link":"https:\/\/laserdiode-ld.com\/es\/producto\/modulo-ld-acoplado-a-fibra-multimodo-de-405-nm-200-mw-y-50-%c2%b5m","title":{"rendered":"405 nm, 200 mW, 50 \u00b5m"},"content":{"rendered":"<p>Wavespectrum Laser es un fabricante de productos l\u00e1ser de diodo de alta calidad y rendimiento. Nos dedicamos al desarrollo, la producci\u00f3n y la venta de productos l\u00e1ser de alto rendimiento. Ofrecemos una amplia gama de longitudes de onda, una gran variedad de paquetes de productos, fibra monomodo, fibra multimodo y fibra con mantenimiento de polarizaci\u00f3n. Controlamos estrictamente la calidad de los productos y hemos obtenido el reconocimiento de clientes de todo el mundo por su excelente rendimiento.<\/p>\n<p>Wavespectrum Laser se complace en presentar nuestro m\u00f3dulo LD acoplado a fibra multimodo de 405 nm, 200 mW y 50 um. Adem\u00e1s, podemos proporcionar variantes de potencia personalizadas del m\u00f3dulo LD acoplado a fibra multimodo de 405 nm y 50 um seg\u00fan los requisitos del cliente. Adem\u00e1s, ofrecemos una amplia gama de productos l\u00e1ser de longitud de onda cercana, incluyendo l\u00e1seres de 375 nm, 395 nm, 400 nm, 420 nm, 435 nm, 445 nm, 455 nm, 465 nm, 488 nm y 505 nm.<\/p>","protected":false},"excerpt":{"rendered":"<p>El m\u00f3dulo LD acoplado a fibra multimodo de 405 nm, 200 mW y 50 um est\u00e1 dise\u00f1ado con un paquete coaxial, lo que garantiza un dise\u00f1o que ahorra espacio. Ofrece funcionalidades adicionales, como un fotodiodo y un enfriador TE.\u00a0El n\u00facleo de fibra de este m\u00f3dulo l\u00e1ser es de 50 um, la apertura num\u00e9rica de la fibra es de 0,12 y, para mejorar la flexibilidad del cliente, se incluyen opciones de fibra alternativas de 105 um, 200 um y 400 um multimodo. El m\u00f3dulo LD acoplado a fibra multimodo de 405 nm, 200 mW y 50 um se distingue por su alta eficiencia de acoplamiento, su rendimiento excepcional y su larga vida \u00fatil. Facilita la integraci\u00f3n directa en los equipos del cliente. Muchos de estos m\u00f3dulos l\u00e1ser han obtenido una amplia aceptaci\u00f3n en diversos sectores y han sido muy aclamados por los clientes por su gran fiabilidad. Wavespectrum Laser ofrece una personalizaci\u00f3n a medida para el m\u00f3dulo LD acoplado a fibra multimodo de 405 nm y 50 um, dise\u00f1ado para satisfacer las necesidades especiales de cada cliente.<\/p>","protected":false},"featured_media":2858,"comment_status":"open","ping_status":"closed","template":"","meta":{"themepark_post_bcolor":"#f5f5f5","themepark_post_width":"1022px","themepark_post_img":"","themepark_post_img_po":"left","themepark_post_img_re":false,"themepark_post_img_cover":false,"themepark_post_img_fixed":false,"themepark_post_hide_title":false,"themepark_post_main_b":"","themepark_post_main_p":100,"themepark_paddingblock":false,"_wpscp_schedule_draft_date":"","_wpscp_schedule_republish_date":"","_wpscppro_advance_schedule":false,"_wpscppro_advance_schedule_date":"","_wpscppro_dont_share_socialmedia":false,"_wpscppro_custom_social_share_image":0,"_facebook_share_type":"","_twitter_share_type":"","_linkedin_share_type":"","_pinterest_share_type":"","_linkedin_share_type_page":"","_instagram_share_type":"","_medium_share_type":"","_threads_share_type":"","_google_business_share_type":"","_selected_social_profile":[],"_wpsp_enable_custom_social_template":false,"_wpsp_social_scheduling":{"enabled":false,"datetime":null,"platforms":[],"status":"template_only","dateOption":"today","timeOption":"now","customDays":"","customHours":"","customDate":"","customTime":"","schedulingType":"absolute"},"_wpsp_active_default_template":true},"product_brand":[],"product_cat":[42,140],"product_tag":[],"class_list":{"0":"post-2871","1":"product","2":"type-product","3":"status-publish","4":"has-post-thumbnail","6":"product_cat-multi-mode-fiber-coupled-laser-module","7":"product_cat-405nm-multi-mode-fiber-coupled-laser-module","9":"first","10":"instock","11":"shipping-taxable","12":"product-type-simple"},"aioseo_notices":[],"_links":{"self":[{"href":"https:\/\/laserdiode-ld.com\/es\/wp-json\/wp\/v2\/product\/2871","targetHints":{"allow":["GET"]}}],"collection":[{"href":"https:\/\/laserdiode-ld.com\/es\/wp-json\/wp\/v2\/product"}],"about":[{"href":"https:\/\/laserdiode-ld.com\/es\/wp-json\/wp\/v2\/types\/product"}],"replies":[{"embeddable":true,"href":"https:\/\/laserdiode-ld.com\/es\/wp-json\/wp\/v2\/comments?post=2871"}],"wp:featuredmedia":[{"embeddable":true,"href":"https:\/\/laserdiode-ld.com\/es\/wp-json\/wp\/v2\/media\/2858"}],"wp:attachment":[{"href":"https:\/\/laserdiode-ld.com\/es\/wp-json\/wp\/v2\/media?parent=2871"}],"wp:term":[{"taxonomy":"product_brand","embeddable":true,"href":"https:\/\/laserdiode-ld.com\/es\/wp-json\/wp\/v2\/product_brand?post=2871"},{"taxonomy":"product_cat","embeddable":true,"href":"https:\/\/laserdiode-ld.com\/es\/wp-json\/wp\/v2\/product_cat?post=2871"},{"taxonomy":"product_tag","embeddable":true,"href":"https:\/\/laserdiode-ld.com\/es\/wp-json\/wp\/v2\/product_tag?post=2871"}],"curies":[{"name":"wp","href":"https:\/\/api.w.org\/{rel}","templated":true}]}}