{"id":2731,"date":"2025-11-06T17:23:53","date_gmt":"2025-11-06T09:23:53","guid":{"rendered":"http:\/\/aserdiode-ld.com\/?post_type=product&#038;p=2731"},"modified":"2025-11-17T14:53:21","modified_gmt":"2025-11-17T06:53:21","slug":"diodo-laser-con-pigtail-que-mantiene-la-polarizacion-de-830-nm-y-80-mw","status":"publish","type":"product","link":"https:\/\/laserdiode-ld.com\/es\/producto\/diodo-laser-con-pigtail-que-mantiene-la-polarizacion-de-830-nm-y-80-mw","title":{"rendered":"830 nm, 80 mW, con mantenimiento de polarizaci\u00f3n, con pigtail"},"content":{"rendered":"<p>Wavespectrum Laser es un fabricante de productos l\u00e1ser de diodo de alta calidad y rendimiento. Nos dedicamos al desarrollo, la producci\u00f3n y la venta de productos l\u00e1ser de alto rendimiento. Ofrecemos una amplia gama de longitudes de onda, una gran variedad de paquetes de productos, fibra monomodo, fibra multimodo y fibra con mantenimiento de polarizaci\u00f3n. Controlamos estrictamente la calidad de los productos y hemos obtenido el reconocimiento de clientes de todo el mundo por su excelente rendimiento.<br \/>\nWavespectrum Laser destaca en el suministro de diodos l\u00e1ser acoplados a fibra PMF de 830 nm y 50 mW. Tambi\u00e9n satisfacemos diversas demandas ofreciendo una selecci\u00f3n de configuraciones de potencia para el diodo l\u00e1ser acoplado a fibra PMF de 830 nm. Adem\u00e1s, ofrecemos m\u00f3dulos l\u00e1ser con valores PER elevados, dirigidos a clientes que requieren capacidades de rendimiento superiores. Adem\u00e1s de nuestra oferta actual, nos complace informarle de que ahora suministramos una amplia selecci\u00f3n de productos l\u00e1ser de longitud de onda cercana, que abarca longitudes de onda de 830 nm, 850 nm, 905 nm, 980 nm y 1064 nm, para satisfacer las diversas necesidades de nuestra clientela.<\/p>","protected":false},"excerpt":{"rendered":"<p>El diodo l\u00e1ser con pigtail de mantenimiento de polarizaci\u00f3n de 830 nm y 80 mW est\u00e1 equipado con una fibra de mantenimiento de polarizaci\u00f3n de 4 um y presenta una relaci\u00f3n de extinci\u00f3n de polarizaci\u00f3n (PER) superior a 13 dB. Se puede obtener una versi\u00f3n m\u00e1s avanzada con un valor PER m\u00e1s alto bajo pedido. Este m\u00f3dulo l\u00e1ser PM est\u00e1 dise\u00f1ado para emitir un haz gaussiano y se presenta en un paquete coaxial para ofrecer una forma elegante y compacta. Est\u00e1 equipado con un fotodiodo y el enfriador termoel\u00e9ctrico (TE Cooler) est\u00e1 disponible como opci\u00f3n. El diodo l\u00e1ser con pigtail de 830 nm y 80 mW con mantenimiento de polarizaci\u00f3n est\u00e1 dise\u00f1ado para ofrecer un rendimiento excepcional y una vida \u00fatil prolongada. Adem\u00e1s, suministramos los m\u00f3dulos l\u00e1ser de la serie B8, equipados con un disipador de calor en miniatura dise\u00f1ado para facilitar la instalaci\u00f3n y la refrigeraci\u00f3n del m\u00f3dulo l\u00e1ser, lo que mejora la comodidad del usuario.<br \/>\nWavespectrum Laser es capaz de proporcionar diodos l\u00e1ser con pigtail de 830 nm con mantenimiento de polarizaci\u00f3n personalizados para satisfacer los requisitos de potencia espec\u00edficos de nuestros clientes.<\/p>","protected":false},"featured_media":1917,"comment_status":"open","ping_status":"closed","template":"","meta":{"themepark_post_bcolor":"#f5f5f5","themepark_post_width":"1022px","themepark_post_img":"","themepark_post_img_po":"left","themepark_post_img_re":false,"themepark_post_img_cover":false,"themepark_post_img_fixed":false,"themepark_post_hide_title":false,"themepark_post_main_b":"","themepark_post_main_p":100,"themepark_paddingblock":false,"_wpscp_schedule_draft_date":"","_wpscp_schedule_republish_date":"","_wpscppro_advance_schedule":false,"_wpscppro_advance_schedule_date":"","_wpscppro_dont_share_socialmedia":false,"_wpscppro_custom_social_share_image":0,"_facebook_share_type":"","_twitter_share_type":"","_linkedin_share_type":"","_pinterest_share_type":"","_linkedin_share_type_page":"","_instagram_share_type":"","_medium_share_type":"","_threads_share_type":"","_google_business_share_type":"","_selected_social_profile":[],"_wpsp_enable_custom_social_template":false,"_wpsp_social_scheduling":{"enabled":false,"datetime":null,"platforms":[],"status":"template_only","dateOption":"today","timeOption":"now","customDays":"","customHours":"","customDate":"","customTime":"","schedulingType":"absolute"},"_wpsp_active_default_template":true},"product_brand":[],"product_cat":[110,35],"product_tag":[],"class_list":{"0":"post-2731","1":"product","2":"type-product","3":"status-publish","4":"has-post-thumbnail","6":"product_cat-830nm-single-mode-fiber-coupled-laser-module","7":"product_cat-single-mode-fiber-coupled-laser-module","9":"first","10":"instock","11":"shipping-taxable","12":"product-type-simple"},"aioseo_notices":[],"_links":{"self":[{"href":"https:\/\/laserdiode-ld.com\/es\/wp-json\/wp\/v2\/product\/2731","targetHints":{"allow":["GET"]}}],"collection":[{"href":"https:\/\/laserdiode-ld.com\/es\/wp-json\/wp\/v2\/product"}],"about":[{"href":"https:\/\/laserdiode-ld.com\/es\/wp-json\/wp\/v2\/types\/product"}],"replies":[{"embeddable":true,"href":"https:\/\/laserdiode-ld.com\/es\/wp-json\/wp\/v2\/comments?post=2731"}],"wp:featuredmedia":[{"embeddable":true,"href":"https:\/\/laserdiode-ld.com\/es\/wp-json\/wp\/v2\/media\/1917"}],"wp:attachment":[{"href":"https:\/\/laserdiode-ld.com\/es\/wp-json\/wp\/v2\/media?parent=2731"}],"wp:term":[{"taxonomy":"product_brand","embeddable":true,"href":"https:\/\/laserdiode-ld.com\/es\/wp-json\/wp\/v2\/product_brand?post=2731"},{"taxonomy":"product_cat","embeddable":true,"href":"https:\/\/laserdiode-ld.com\/es\/wp-json\/wp\/v2\/product_cat?post=2731"},{"taxonomy":"product_tag","embeddable":true,"href":"https:\/\/laserdiode-ld.com\/es\/wp-json\/wp\/v2\/product_tag?post=2731"}],"curies":[{"name":"wp","href":"https:\/\/api.w.org\/{rel}","templated":true}]}}