{"id":2455,"date":"2025-11-04T15:31:21","date_gmt":"2025-11-04T07:31:21","guid":{"rendered":"http:\/\/aserdiode-ld.com\/?post_type=product&#038;p=2455"},"modified":"2025-11-17T14:28:57","modified_gmt":"2025-11-17T06:28:57","slug":"diodo-laser-con-pigtail-smf-de-785-nm-y-40-mw","status":"publish","type":"product","link":"https:\/\/laserdiode-ld.com\/es\/producto\/diodo-laser-con-pigtail-smf-de-785-nm-y-40-mw","title":{"rendered":"785 nm, 40 mW, con pigtail"},"content":{"rendered":"<p>Wavespectrum Laser es un fabricante de productos l\u00e1ser de diodo de alta calidad y rendimiento. Nos dedicamos al desarrollo, la producci\u00f3n y la venta de productos l\u00e1ser de alto rendimiento. Ofrecemos una amplia gama de longitudes de onda, una gran variedad de paquetes de productos, fibra monomodo, fibra multimodo y fibra con mantenimiento de polarizaci\u00f3n. Controlamos estrictamente la calidad de los productos y hemos obtenido el reconocimiento de clientes de todo el mundo por su excelente rendimiento.<br \/>\nWavespectrum Laser se complace en presentar nuestro diodo l\u00e1ser SMF con pigtail de 785 nm y 40 mW. Tambi\u00e9n estamos preparados para ofrecer diversas configuraciones de potencia del diodo l\u00e1ser SMF pigtail de 785 nm, lo que nos permite satisfacer las diversas necesidades de nuestros clientes. Adem\u00e1s, ofrecemos una amplia gama de productos l\u00e1ser de longitud de onda cercana, que incluye opciones de l\u00e1ser de 785 nm, 808 nm, 830 nm y 850 nm.<\/p>\n<p>&nbsp;<\/p>","protected":false},"excerpt":{"rendered":"<p>El diodo l\u00e1ser SMF con pigtail de 785 nm y 40 mW, que incorpora una fibra monomodo de 4 um, est\u00e1 dise\u00f1ado con precisi\u00f3n para emitir un haz gaussiano. Encerrado en un paquete coaxial, ofrece un factor de forma compacto, un fotodiodo integrado (PD) y la opci\u00f3n de un enfriador termoel\u00e9ctrico (TE Cooler).<br \/>\nEste diodo l\u00e1ser SMF con pigtail de 785 nm y 40 mW se distingue por su rendimiento superior y su larga vida \u00fatil. Adem\u00e1s, ofrecemos una opci\u00f3n de paquete de la serie B8, que incluye un disipador de calor en miniatura, dise\u00f1ado para facilitar la instalaci\u00f3n del m\u00f3dulo l\u00e1ser y optimizar la gesti\u00f3n t\u00e9rmica para nuestros clientes.<br \/>\nWavespectrum Laser se especializa en ofrecer soluciones personalizadas para diodos l\u00e1ser con pigtail SMF de 785 nm, garantizando que se satisfagan los requisitos espec\u00edficos de cada cliente.<\/p>","protected":false},"featured_media":1917,"comment_status":"open","ping_status":"closed","template":"","meta":{"themepark_post_bcolor":"#f5f5f5","themepark_post_width":"1022px","themepark_post_img":"","themepark_post_img_po":"left","themepark_post_img_re":false,"themepark_post_img_cover":false,"themepark_post_img_fixed":false,"themepark_post_hide_title":false,"themepark_post_main_b":"","themepark_post_main_p":100,"themepark_paddingblock":false,"_wpscp_schedule_draft_date":"","_wpscp_schedule_republish_date":"","_wpscppro_advance_schedule":false,"_wpscppro_advance_schedule_date":"","_wpscppro_dont_share_socialmedia":false,"_wpscppro_custom_social_share_image":0,"_facebook_share_type":"","_twitter_share_type":"","_linkedin_share_type":"","_pinterest_share_type":"","_linkedin_share_type_page":"","_instagram_share_type":"","_medium_share_type":"","_threads_share_type":"","_google_business_share_type":"","_selected_social_profile":[],"_wpsp_enable_custom_social_template":false,"_wpsp_social_scheduling":{"enabled":false,"datetime":null,"platforms":[],"status":"template_only","dateOption":"today","timeOption":"now","customDays":"","customHours":"","customDate":"","customTime":"","schedulingType":"absolute"},"_wpsp_active_default_template":true},"product_brand":[],"product_cat":[107,35],"product_tag":[],"class_list":{"0":"post-2455","1":"product","2":"type-product","3":"status-publish","4":"has-post-thumbnail","6":"product_cat-785nm-single-mode-fiber-coupled-laser-module","7":"product_cat-single-mode-fiber-coupled-laser-module","9":"first","10":"instock","11":"shipping-taxable","12":"product-type-simple"},"aioseo_notices":[],"_links":{"self":[{"href":"https:\/\/laserdiode-ld.com\/es\/wp-json\/wp\/v2\/product\/2455","targetHints":{"allow":["GET"]}}],"collection":[{"href":"https:\/\/laserdiode-ld.com\/es\/wp-json\/wp\/v2\/product"}],"about":[{"href":"https:\/\/laserdiode-ld.com\/es\/wp-json\/wp\/v2\/types\/product"}],"replies":[{"embeddable":true,"href":"https:\/\/laserdiode-ld.com\/es\/wp-json\/wp\/v2\/comments?post=2455"}],"wp:featuredmedia":[{"embeddable":true,"href":"https:\/\/laserdiode-ld.com\/es\/wp-json\/wp\/v2\/media\/1917"}],"wp:attachment":[{"href":"https:\/\/laserdiode-ld.com\/es\/wp-json\/wp\/v2\/media?parent=2455"}],"wp:term":[{"taxonomy":"product_brand","embeddable":true,"href":"https:\/\/laserdiode-ld.com\/es\/wp-json\/wp\/v2\/product_brand?post=2455"},{"taxonomy":"product_cat","embeddable":true,"href":"https:\/\/laserdiode-ld.com\/es\/wp-json\/wp\/v2\/product_cat?post=2455"},{"taxonomy":"product_tag","embeddable":true,"href":"https:\/\/laserdiode-ld.com\/es\/wp-json\/wp\/v2\/product_tag?post=2455"}],"curies":[{"name":"wp","href":"https:\/\/api.w.org\/{rel}","templated":true}]}}