{"id":2278,"date":"2025-11-03T11:44:12","date_gmt":"2025-11-03T03:44:12","guid":{"rendered":"http:\/\/aserdiode-ld.com\/?post_type=product&#038;p=2278"},"modified":"2025-11-17T14:08:17","modified_gmt":"2025-11-17T06:08:17","slug":"modulo-laser-de-diodo-con-pigtail-de-fibra-de-520-nm-50-mw-smf-28-9-%c2%b5m","status":"publish","type":"product","link":"https:\/\/laserdiode-ld.com\/es\/producto\/modulo-laser-de-diodo-con-pigtail-de-fibra-de-520-nm-50-mw-smf-28-9-%c2%b5m","title":{"rendered":"520 nm, 50 mW, 28,9 \u00b5m, con pigtail"},"content":{"rendered":"<p>Wavespectrum Laser es un fabricante de productos l\u00e1ser de diodo de alta calidad y rendimiento. Nos dedicamos al desarrollo, la producci\u00f3n y la venta de productos l\u00e1ser de alto rendimiento. Ofrecemos una amplia gama de longitudes de onda, una gran variedad de paquetes de productos, fibra monomodo, fibra multimodo y fibra con mantenimiento de polarizaci\u00f3n. Controlamos estrictamente la calidad de los productos y hemos obtenido el reconocimiento de clientes de todo el mundo por su excelente rendimiento.<br \/>\nWavespectrum Laser se complace en ofrecer el m\u00f3dulo l\u00e1ser de diodo con pigtail de fibra SMF-28 de 520 nm y 50 mW, que encuentra una amplia aplicaci\u00f3n en diversas industrias, incluyendo l\u00e1ser de fibra, l\u00e1ser m\u00e9dico, impresi\u00f3n l\u00e1ser, corte l\u00e1ser, detecci\u00f3n, visualizaci\u00f3n, comunicaci\u00f3n y monitorizaci\u00f3n biol\u00f3gica. Adem\u00e1s, satisfacemos una amplia gama de necesidades con nuestra gama de productos l\u00e1ser de longitud de onda cercana, disponibles en 520 nm, 525 nm y 635 nm.<\/p>","protected":false},"excerpt":{"rendered":"<p>El m\u00f3dulo l\u00e1ser de diodo con pigtail de fibra SMF-28 de 520 nm y 50 mW, compatible con fibra SM de 9 um, est\u00e1 dise\u00f1ado con un paquete coaxial para mayor compacidad. Ofrece caracter\u00edsticas opcionales como un fotodiodo y un enfriador termoel\u00e9ctrico. El m\u00f3dulo l\u00e1ser de diodo con fibra pigtail SMF-28 de 520 nm, 50 mW y 9 um se distingue por su alto rendimiento y larga vida \u00fatil. Adem\u00e1s, ofrecemos la versi\u00f3n de paquete de la serie B8, equipada con un peque\u00f1o disipador de calor para mayor comodidad en la fijaci\u00f3n y refrigeraci\u00f3n del m\u00f3dulo.<br \/>\nEl m\u00f3dulo l\u00e1ser de diodo con fibra pigtail SMF-28 de 520 nm y 9 um es capaz de proporcionar una potencia de salida mayor que los m\u00f3dulos equipados con fibra monomodo de 3 um. Este producto es especialmente adecuado para aplicaciones en las que es esencial un n\u00facleo de fibra peque\u00f1o y los requisitos de calidad del haz no son estrictos.<\/p>","protected":false},"featured_media":1917,"comment_status":"open","ping_status":"closed","template":"","meta":{"themepark_post_bcolor":"#f5f5f5","themepark_post_width":"1022px","themepark_post_img":"","themepark_post_img_po":"left","themepark_post_img_re":false,"themepark_post_img_cover":false,"themepark_post_img_fixed":false,"themepark_post_hide_title":false,"themepark_post_main_b":"","themepark_post_main_p":100,"themepark_paddingblock":false,"_wpscp_schedule_draft_date":"","_wpscp_schedule_republish_date":"","_wpscppro_advance_schedule":false,"_wpscppro_advance_schedule_date":"","_wpscppro_dont_share_socialmedia":false,"_wpscppro_custom_social_share_image":0,"_facebook_share_type":"","_twitter_share_type":"","_linkedin_share_type":"","_pinterest_share_type":"","_linkedin_share_type_page":"","_instagram_share_type":"","_medium_share_type":"","_threads_share_type":"","_google_business_share_type":"","_selected_social_profile":[],"_wpsp_enable_custom_social_template":false,"_wpsp_social_scheduling":{"enabled":false,"datetime":null,"platforms":[],"status":"template_only","dateOption":"today","timeOption":"now","customDays":"","customHours":"","customDate":"","customTime":"","schedulingType":"absolute"},"_wpsp_active_default_template":true},"product_brand":[],"product_cat":[97,35],"product_tag":[],"class_list":{"0":"post-2278","1":"product","2":"type-product","3":"status-publish","4":"has-post-thumbnail","6":"product_cat-520nm-single-mode-fiber-coupled-laser-module","7":"product_cat-single-mode-fiber-coupled-laser-module","9":"first","10":"instock","11":"shipping-taxable","12":"product-type-simple"},"aioseo_notices":[],"_links":{"self":[{"href":"https:\/\/laserdiode-ld.com\/es\/wp-json\/wp\/v2\/product\/2278","targetHints":{"allow":["GET"]}}],"collection":[{"href":"https:\/\/laserdiode-ld.com\/es\/wp-json\/wp\/v2\/product"}],"about":[{"href":"https:\/\/laserdiode-ld.com\/es\/wp-json\/wp\/v2\/types\/product"}],"replies":[{"embeddable":true,"href":"https:\/\/laserdiode-ld.com\/es\/wp-json\/wp\/v2\/comments?post=2278"}],"wp:featuredmedia":[{"embeddable":true,"href":"https:\/\/laserdiode-ld.com\/es\/wp-json\/wp\/v2\/media\/1917"}],"wp:attachment":[{"href":"https:\/\/laserdiode-ld.com\/es\/wp-json\/wp\/v2\/media?parent=2278"}],"wp:term":[{"taxonomy":"product_brand","embeddable":true,"href":"https:\/\/laserdiode-ld.com\/es\/wp-json\/wp\/v2\/product_brand?post=2278"},{"taxonomy":"product_cat","embeddable":true,"href":"https:\/\/laserdiode-ld.com\/es\/wp-json\/wp\/v2\/product_cat?post=2278"},{"taxonomy":"product_tag","embeddable":true,"href":"https:\/\/laserdiode-ld.com\/es\/wp-json\/wp\/v2\/product_tag?post=2278"}],"curies":[{"name":"wp","href":"https:\/\/api.w.org\/{rel}","templated":true}]}}