{"id":2134,"date":"2025-10-30T17:11:51","date_gmt":"2025-10-30T09:11:51","guid":{"rendered":"http:\/\/aserdiode-ld.com\/?post_type=product&#038;p=2134"},"modified":"2025-11-17T13:59:02","modified_gmt":"2025-11-17T05:59:02","slug":"modulo-laser-de-diodo-con-pigtail-monomodo-de-460-nm-y-30-mw","status":"publish","type":"product","link":"https:\/\/laserdiode-ld.com\/es\/producto\/modulo-laser-de-diodo-con-pigtail-monomodo-de-460-nm-y-30-mw","title":{"rendered":"460 nm, 30 mW, con pigtail"},"content":{"rendered":"<p>Wavespectrum Laser es un fabricante de productos l\u00e1ser de diodo de alta calidad y rendimiento. Estamos comprometidos con el desarrollo, la producci\u00f3n y la venta de productos l\u00e1ser de alto rendimiento. El rango de longitudes de onda es amplio, la variedad de empaques de productos es amplia, y hay disponibles fibras monomodo, multimodo y de mantenimiento de polarizaci\u00f3n. Controlamos estrictamente la calidad de los productos y nos hemos ganado el reconocimiento de clientes de todo el mundo por su excelente rendimiento. Wavespectrum Laser se complace en ofrecer m\u00f3dulos l\u00e1ser de diodo monomodo con pigtail de 460 nm y 30 mW, y tambi\u00e9n estamos equipados para suministrar varias versiones de potencia de m\u00f3dulos l\u00e1ser de diodo monomodo con pigtail de 460 nm para satisfacer las diversas necesidades de nuestros clientes. Adem\u00e1s, ofrecemos una amplia selecci\u00f3n de productos l\u00e1ser de longitud de onda cercana, tales como: productos l\u00e1ser de 400 nm, 445 nm, 480 nm, 488 nm, 495 nm, 505 nm, 520 nm, 635 nm, 660 nm y 670 nm.<\/p>","protected":false},"excerpt":{"rendered":"<p>El m\u00f3dulo l\u00e1ser de diodo con pigtail monomodo de 460 nm y 30 mW est\u00e1 dise\u00f1ado con una fibra monomodo de 3 um, lo que garantiza la generaci\u00f3n de un haz gaussiano. Alojado en un paquete coaxial, cuenta con un formato compacto y la opci\u00f3n de un enfriador termoel\u00e9ctrico (TE Cooler).<br \/>\nEste m\u00f3dulo l\u00e1ser de diodo con pigtail monomodo de 460 nm y 30 mW ofrece un rendimiento superior y una larga vida \u00fatil. Adem\u00e1s, ofrecemos una variante de paquete de la serie B8, equipada con un disipador de calor compacto, lo que mejora la comodidad en la fijaci\u00f3n del m\u00f3dulo y la gesti\u00f3n t\u00e9rmica para nuestros clientes.<br \/>\nWavespectrum Laser ofrece servicios de personalizaci\u00f3n a medida para m\u00f3dulos l\u00e1ser de diodo con pigtail monomodo de 460 nm, adapt\u00e1ndose a los requisitos especiales de cada cliente.<\/p>","protected":false},"featured_media":1917,"comment_status":"open","ping_status":"closed","template":"","meta":{"themepark_post_bcolor":"#f5f5f5","themepark_post_width":"1022px","themepark_post_img":"","themepark_post_img_po":"left","themepark_post_img_re":false,"themepark_post_img_cover":false,"themepark_post_img_fixed":false,"themepark_post_hide_title":false,"themepark_post_main_b":"","themepark_post_main_p":100,"themepark_paddingblock":false,"_wpscp_schedule_draft_date":"","_wpscp_schedule_republish_date":"","_wpscppro_advance_schedule":false,"_wpscppro_advance_schedule_date":"","_wpscppro_dont_share_socialmedia":false,"_wpscppro_custom_social_share_image":0,"_facebook_share_type":"","_twitter_share_type":"","_linkedin_share_type":"","_pinterest_share_type":"","_linkedin_share_type_page":"","_instagram_share_type":"","_medium_share_type":"","_threads_share_type":"","_google_business_share_type":"","_selected_social_profile":[],"_wpsp_enable_custom_social_template":false,"_wpsp_social_scheduling":{"enabled":false,"datetime":null,"platforms":[],"status":"template_only","dateOption":"today","timeOption":"now","customDays":"","customHours":"","customDate":"","customTime":"","schedulingType":"absolute"},"_wpsp_active_default_template":true},"product_brand":[],"product_cat":[90,35],"product_tag":[],"class_list":{"0":"post-2134","1":"product","2":"type-product","3":"status-publish","4":"has-post-thumbnail","6":"product_cat-460nm-single-mode-fiber-coupled-laser-module","7":"product_cat-single-mode-fiber-coupled-laser-module","9":"first","10":"instock","11":"shipping-taxable","12":"product-type-simple"},"aioseo_notices":[],"_links":{"self":[{"href":"https:\/\/laserdiode-ld.com\/es\/wp-json\/wp\/v2\/product\/2134","targetHints":{"allow":["GET"]}}],"collection":[{"href":"https:\/\/laserdiode-ld.com\/es\/wp-json\/wp\/v2\/product"}],"about":[{"href":"https:\/\/laserdiode-ld.com\/es\/wp-json\/wp\/v2\/types\/product"}],"replies":[{"embeddable":true,"href":"https:\/\/laserdiode-ld.com\/es\/wp-json\/wp\/v2\/comments?post=2134"}],"wp:featuredmedia":[{"embeddable":true,"href":"https:\/\/laserdiode-ld.com\/es\/wp-json\/wp\/v2\/media\/1917"}],"wp:attachment":[{"href":"https:\/\/laserdiode-ld.com\/es\/wp-json\/wp\/v2\/media?parent=2134"}],"wp:term":[{"taxonomy":"product_brand","embeddable":true,"href":"https:\/\/laserdiode-ld.com\/es\/wp-json\/wp\/v2\/product_brand?post=2134"},{"taxonomy":"product_cat","embeddable":true,"href":"https:\/\/laserdiode-ld.com\/es\/wp-json\/wp\/v2\/product_cat?post=2134"},{"taxonomy":"product_tag","embeddable":true,"href":"https:\/\/laserdiode-ld.com\/es\/wp-json\/wp\/v2\/product_tag?post=2134"}],"curies":[{"name":"wp","href":"https:\/\/api.w.org\/{rel}","templated":true}]}}