{"id":1874,"date":"2025-10-28T14:07:32","date_gmt":"2025-10-28T06:07:32","guid":{"rendered":"http:\/\/aserdiode-ld.com\/?post_type=product&#038;p=1874"},"modified":"2025-10-28T14:07:33","modified_gmt":"2025-10-28T06:07:33","slug":"445-nm-5-w-a-5-con-diodo-laser-con-lente-fac","status":"publish","type":"product","link":"https:\/\/laserdiode-ld.com\/es\/producto\/445-nm-5-w-a-5-con-diodo-laser-con-lente-fac","title":{"rendered":"Diodo l\u00e1ser de 445 nm y 5 W con lente FAC TO5"},"content":{"rendered":"<p>Wavespectrum Laser es un fabricante de productos l\u00e1ser de diodo de alta calidad y rendimiento. Nos dedicamos al desarrollo, la producci\u00f3n y la venta de productos l\u00e1ser de alto rendimiento. Ofrecemos una amplia gama de longitudes de onda, una gran variedad de paquetes de productos, fibra monomodo, fibra multimodo y fibra con mantenimiento de polarizaci\u00f3n. Controlamos estrictamente la calidad de los productos y hemos obtenido el reconocimiento de clientes de todo el mundo por su excelente rendimiento.<\/p>\n<p>Wavespectrum Laser se enorgullece de ofrecer una amplia gama de diodos l\u00e1ser, incluidos los diodos l\u00e1ser de 445 nm y 5 W con lente FAC. Adem\u00e1s, ofrecemos diversas configuraciones de potencia de diodos l\u00e1ser multimodo TO5 de 445 nm. Para los clientes que buscan diodos l\u00e1ser multimodo de longitud de onda cercana, ofrecemos diodos l\u00e1ser de 405 nm, 425 nm, 455 nm, 465 nm, 520 nm, 532 nm, 635 nm y 660 nm.<\/p>","protected":false},"excerpt":{"rendered":"<p>El diodo l\u00e1ser FAC Lens de 445 nm y 5 W TO5 es un diodo l\u00e1ser semiconductor multimodo que puede equiparse con la lente FAC, lo que ofrece la flexibilidad de un haz cuadrado o lineal. Este diodo l\u00e1ser de 445 nm y 5 W TO5 forma parte de nuestra gama de productos l\u00e1ser azules, ofrece un alto rendimiento y una larga vida \u00fatil. Wavespectrum Laser tambi\u00e9n puede proporcionar a los clientes varias versiones de potencia de los diodos l\u00e1ser multimodo de 445 nm.<\/p>","protected":false},"featured_media":1876,"comment_status":"open","ping_status":"closed","template":"","meta":{"themepark_post_bcolor":"#f5f5f5","themepark_post_width":"1022px","themepark_post_img":"","themepark_post_img_po":"left","themepark_post_img_re":false,"themepark_post_img_cover":false,"themepark_post_img_fixed":false,"themepark_post_hide_title":false,"themepark_post_main_b":"","themepark_post_main_p":100,"themepark_paddingblock":false,"_wpscp_schedule_draft_date":"","_wpscp_schedule_republish_date":"","_wpscppro_advance_schedule":false,"_wpscppro_advance_schedule_date":"","_wpscppro_dont_share_socialmedia":false,"_wpscppro_custom_social_share_image":0,"_facebook_share_type":"","_twitter_share_type":"","_linkedin_share_type":"","_pinterest_share_type":"","_linkedin_share_type_page":"","_instagram_share_type":"","_medium_share_type":"","_threads_share_type":"","_google_business_share_type":"","_selected_social_profile":[],"_wpsp_enable_custom_social_template":false,"_wpsp_social_scheduling":{"enabled":false,"datetime":null,"platforms":[],"status":"template_only","dateOption":"today","timeOption":"now","customDays":"","customHours":"","customDate":"","customTime":"","schedulingType":"absolute"},"_wpsp_active_default_template":true},"product_brand":[],"product_cat":[36,84],"product_tag":[],"class_list":{"0":"post-1874","1":"product","2":"type-product","3":"status-publish","4":"has-post-thumbnail","6":"product_cat-multi-mode-laser-diode","7":"product_cat-445nm-multi-mode-laser-diode","9":"first","10":"instock","11":"shipping-taxable","12":"product-type-simple"},"aioseo_notices":[],"_links":{"self":[{"href":"https:\/\/laserdiode-ld.com\/es\/wp-json\/wp\/v2\/product\/1874","targetHints":{"allow":["GET"]}}],"collection":[{"href":"https:\/\/laserdiode-ld.com\/es\/wp-json\/wp\/v2\/product"}],"about":[{"href":"https:\/\/laserdiode-ld.com\/es\/wp-json\/wp\/v2\/types\/product"}],"replies":[{"embeddable":true,"href":"https:\/\/laserdiode-ld.com\/es\/wp-json\/wp\/v2\/comments?post=1874"}],"wp:featuredmedia":[{"embeddable":true,"href":"https:\/\/laserdiode-ld.com\/es\/wp-json\/wp\/v2\/media\/1876"}],"wp:attachment":[{"href":"https:\/\/laserdiode-ld.com\/es\/wp-json\/wp\/v2\/media?parent=1874"}],"wp:term":[{"taxonomy":"product_brand","embeddable":true,"href":"https:\/\/laserdiode-ld.com\/es\/wp-json\/wp\/v2\/product_brand?post=1874"},{"taxonomy":"product_cat","embeddable":true,"href":"https:\/\/laserdiode-ld.com\/es\/wp-json\/wp\/v2\/product_cat?post=1874"},{"taxonomy":"product_tag","embeddable":true,"href":"https:\/\/laserdiode-ld.com\/es\/wp-json\/wp\/v2\/product_tag?post=1874"}],"curies":[{"name":"wp","href":"https:\/\/api.w.org\/{rel}","templated":true}]}}