{"id":1586,"date":"2025-10-15T17:20:11","date_gmt":"2025-10-15T09:20:11","guid":{"rendered":"http:\/\/aserdiode-ld.com\/?page_id=1586"},"modified":"2026-04-16T14:23:28","modified_gmt":"2026-04-16T06:23:28","slug":"modulo-laser-medico","status":"publish","type":"page","link":"https:\/\/laserdiode-ld.com\/es\/modulo-laser-medico","title":{"rendered":"M\u00f3dulo l\u00e1ser m\u00e9dico"},"content":{"rendered":"<section class=\"wp-block-themepark-block-themepark-area block_layout thempark-block undefined\" id=\"maxw\" style=\"background-color:#ffffff;padding-bottom:63px;padding-top:49px;\" data-swiper-parallax=\"-700\"><div class=\"block_layout_in\" style=\"max-width:1600px;\">\n<div class=\"wp-block-column block_layout_in is-layout-flow wp-block-column-is-layout-flow\">\n<div class=\"wp-block-columns is-layout-flex wp-container-core-columns-is-layout-9d6595d7 wp-block-columns-is-layout-flex\">\n<div class=\"wp-block-column is-layout-flow wp-block-column-is-layout-flow\">\n<div class=\"wp-block-themepark-block-themepark-wright content-super-p\" style=\"font-size:12px;line-height:36px;padding:10px 10px;\">\n<div class=\"wp-block-column is-layout-flow wp-block-column-is-layout-flow\">\n<p class=\"has-text-align-left has-themecolor-1-color has-text-color has-link-color has-large-font-size wp-elements-a1a875b3c6c35d0889918ded0790ce17\" style=\"text-transform:uppercase\"><strong>M\u00f3dulo l\u00e1ser m\u00e9dico<\/strong><\/p>\n\n\n\n<p class=\"has-text-align-left has-small-font-size\"><strong>375 nm~1920 nm 5 mW~100 W Potencia de salida Adecuado para fibra multimodo de 25 um|50 um|105 um|200 um|400 um Conector de fibra desmontable FC|ST|SC|SMA905 Coaxial|8 pines|9 pines|14 pines|15 pines Paquete<\/strong><\/p>\n\n\n\n<div class=\"wp-block-themepark-block-themepark-xian theme_fang_out  bom20\" style=\"text-align:left;padding-top:20px;padding-bottom:19px;\"><div class=\"fangbox\" style=\"width:137px;height:5px;background:linear-gradient(90deg, orange, purple);\"><\/div><\/div>\n<\/div>\n<\/div>\n<\/div>\n\n\n\n<div class=\"wp-block-column is-layout-flow wp-block-column-is-layout-flow\">\n<div class=\"wp-block-themepark-block-themepark-wright content-super-p\" style=\"font-size:12px;line-height:12px;padding:0px 10px;text-align: center;\">\n<div class=\"wp-block-column is-layout-flow wp-block-column-is-layout-flow\"><div class=\"wp-block-image\">\n<figure class=\"aligncenter size-full is-resized\"><img decoding=\"async\" src=\"https:\/\/laserdiode-ld.com\/wp-content\/uploads\/2025\/09\/12-12Medical-Laser-Module.png\" alt=\"\" class=\"wp-image-1982\" style=\"width:247px;height:auto\"\/><\/figure>\n<\/div><\/div>\n<\/div>\n<\/div>\n<\/div>\n\n\n<div class=\"product_cat_loop\"style=\"line-height:26px;\"><ul  class=\"catline-1 featured-3\"><li  ><a style=\"font-size:16px;color:#9d0a10;\" href=\"https:\/\/laserdiode-ld.com\/es\/categoria-producto\/modulo-laser-medico\/1550nm-2-5w-200um-fiber-14pin-fiber-detachable-sma905-tec-pd-aiming-beam\">1550nm |2.5W| 200um Fiber | 14PIN Fiber Detachable |SMA905 | TEC | PD| Aiming Beam<\/span><\/a><\/li><li  ><a style=\"font-size:16px;color:#9d0a10;\" href=\"https:\/\/laserdiode-ld.com\/es\/categoria-producto\/modulo-laser-medico\/808nm-7w-200um-fiber-15pin-tec-pd-aiming-beam\">808nm | 7W | 200um Fiber | 15PIN | TEC | PD| Aiming Beam<\/span><\/a><\/li><\/ul><\/div><\/div>\n<\/div><div class=\"layout_badh\"><\/div><\/section>","protected":false},"excerpt":{"rendered":"","protected":false},"author":1,"featured_media":0,"parent":0,"menu_order":0,"comment_status":"closed","ping_status":"closed","template":"","meta":{"themepark_post_bcolor":"#ffffff","themepark_post_width":"1022px","themepark_post_img":"","themepark_post_img_po":"left","themepark_post_img_re":false,"themepark_post_img_cover":false,"themepark_post_img_fixed":false,"themepark_post_hide_title":true,"themepark_post_main_b":"#ffffff","themepark_post_main_p":100,"themepark_paddingblock":true,"footnotes":"","_wpscp_schedule_draft_date":"","_wpscp_schedule_republish_date":"","_wpscppro_advance_schedule":false,"_wpscppro_advance_schedule_date":"","_wpscppro_dont_share_socialmedia":false,"_wpscppro_custom_social_share_image":0,"_facebook_share_type":"","_twitter_share_type":"","_linkedin_share_type":"","_pinterest_share_type":"","_linkedin_share_type_page":"","_instagram_share_type":"","_medium_share_type":"","_threads_share_type":"","_google_business_share_type":"","_selected_social_profile":[],"_wpsp_enable_custom_social_template":false,"_wpsp_social_scheduling":{"enabled":false,"datetime":null,"platforms":[],"status":"template_only","dateOption":"today","timeOption":"now","customDays":"","customHours":"","customDate":"","customTime":"","schedulingType":"absolute"},"_wpsp_active_default_template":true},"class_list":["post-1586","page","type-page","status-publish","hentry"],"aioseo_notices":[],"_links":{"self":[{"href":"https:\/\/laserdiode-ld.com\/es\/wp-json\/wp\/v2\/pages\/1586","targetHints":{"allow":["GET"]}}],"collection":[{"href":"https:\/\/laserdiode-ld.com\/es\/wp-json\/wp\/v2\/pages"}],"about":[{"href":"https:\/\/laserdiode-ld.com\/es\/wp-json\/wp\/v2\/types\/page"}],"author":[{"embeddable":true,"href":"https:\/\/laserdiode-ld.com\/es\/wp-json\/wp\/v2\/users\/1"}],"replies":[{"embeddable":true,"href":"https:\/\/laserdiode-ld.com\/es\/wp-json\/wp\/v2\/comments?post=1586"}],"version-history":[{"count":17,"href":"https:\/\/laserdiode-ld.com\/es\/wp-json\/wp\/v2\/pages\/1586\/revisions"}],"predecessor-version":[{"id":5472,"href":"https:\/\/laserdiode-ld.com\/es\/wp-json\/wp\/v2\/pages\/1586\/revisions\/5472"}],"wp:attachment":[{"href":"https:\/\/laserdiode-ld.com\/es\/wp-json\/wp\/v2\/media?parent=1586"}],"curies":[{"name":"wp","href":"https:\/\/api.w.org\/{rel}","templated":true}]}}