{"id":1567,"date":"2025-10-15T17:06:23","date_gmt":"2025-10-15T09:06:23","guid":{"rendered":"http:\/\/aserdiode-ld.com\/?page_id=1567"},"modified":"2025-11-14T16:29:44","modified_gmt":"2025-11-14T08:29:44","slug":"modulo-laser-acoplado-a-fibra-multimodo","status":"publish","type":"page","link":"https:\/\/laserdiode-ld.com\/es\/modulo-laser-acoplado-a-fibra-multimodo","title":{"rendered":"M\u00f3dulo l\u00e1ser acoplado a fibra multimodo (para mostrar subcategor\u00edas)"},"content":{"rendered":"<section class=\"wp-block-themepark-block-themepark-area block_layout thempark-block undefined\" id=\"maxw\" style=\"background-color:#ffffff;padding-bottom:63px;padding-top:49px;\" data-swiper-parallax=\"-700\"><div class=\"block_layout_in\" style=\"max-width:1600px;\">\n<div class=\"wp-block-column block_layout_in is-layout-flow wp-block-column-is-layout-flow\">\n<div class=\"wp-block-columns is-layout-flex wp-container-core-columns-is-layout-9d6595d7 wp-block-columns-is-layout-flex\">\n<div class=\"wp-block-column is-layout-flow wp-block-column-is-layout-flow\">\n<div class=\"wp-block-themepark-block-themepark-wright content-super-p\" style=\"font-size:12px;line-height:36px;padding:10px 10px;\">\n<div class=\"wp-block-column is-layout-flow wp-block-column-is-layout-flow\">\n<p class=\"has-text-align-left has-themecolor-1-color has-text-color has-link-color has-large-font-size wp-elements-8cdaf881488f59408810e9b1f92509d4\" style=\"text-transform:uppercase\"><strong>M\u00f3dulo l\u00e1ser acoplado a fibra multimodo<\/strong><\/p>\n\n\n\n<p class=\"has-text-align-left has-small-font-size\"><strong>375 nm~1920 nm 5 mW~100 W Potencia de salida 50 um|62,5 um|105 um|200 um|400 um N\u00facleo de fibra Coaxial|2 pines|4 pines|6 pines|9 pines|14 pines|15 pines Paquete Rojo|Verde Haz de punter\u00eda Opcional<\/strong><\/p>\n\n\n\n<p class=\"has-text-align-left has-small-font-size\"><\/p>\n\n\n\n<div class=\"wp-block-themepark-block-themepark-xian theme_fang_out  bom20\" style=\"text-align:left;padding-top:20px;padding-bottom:19px;\"><div class=\"fangbox\" style=\"width:137px;height:5px;background:linear-gradient(90deg, orange, purple);\"><\/div><\/div>\n<\/div>\n<\/div>\n<\/div>\n\n\n\n<div class=\"wp-block-column is-layout-flow wp-block-column-is-layout-flow\">\n<div class=\"wp-block-themepark-block-themepark-wright content-super-p\" style=\"font-size:12px;line-height:12px;padding:0px 10px;text-align: center;\">\n<div class=\"wp-block-column is-layout-flow wp-block-column-is-layout-flow\"><div class=\"wp-block-image\">\n<figure class=\"alignleft size-full is-resized\"><img decoding=\"async\" src=\"https:\/\/laserdiode-ld.com\/wp-content\/uploads\/2025\/09\/4-4Multi-mode-Fiber-Coupled-Laser-Module.png\" alt=\"\" class=\"wp-image-1974\" style=\"width:262px;height:auto\"\/><\/figure>\n<\/div><\/div>\n<\/div>\n<\/div>\n<\/div>\n\n\n<div class=\"product_cat_loop\"style=\"line-height:22px;\"><ul  class=\"catline-3 featured-3\"><li  ><a style=\"font-size:16px;color:#9d0a10;\" href=\"https:\/\/laserdiode-ld.com\/es\/categoria-producto\/modulo-laser-acoplado-a-fibra-multimodo\/modulo-laser-acoplado-a-fibra-multimodo-de-375-nm\">M\u00f3dulo l\u00e1ser acoplado a fibra multimodo de 375 nm<\/span><\/a><\/li><li  ><a style=\"font-size:16px;color:#9d0a10;\" href=\"https:\/\/laserdiode-ld.com\/es\/categoria-producto\/modulo-laser-acoplado-a-fibra-multimodo\/modulo-laser-acoplado-a-fibra-multimodo-de-395-nm\">M\u00f3dulo l\u00e1ser acoplado a fibra multimodo de 395 nm<\/span><\/a><\/li><li  ><a style=\"font-size:16px;color:#9d0a10;\" href=\"https:\/\/laserdiode-ld.com\/es\/categoria-producto\/modulo-laser-acoplado-a-fibra-multimodo\/modulo-laser-acoplado-a-fibra-multimodo-de-400-nm\">M\u00f3dulo l\u00e1ser acoplado a fibra multimodo de 400 nm<\/span><\/a><\/li><li  ><a style=\"font-size:16px;color:#9d0a10;\" href=\"https:\/\/laserdiode-ld.com\/es\/categoria-producto\/modulo-laser-acoplado-a-fibra-multimodo\/modulo-laser-acoplado-a-fibra-multimodo-de-405-nm\">M\u00f3dulo l\u00e1ser acoplado a fibra multimodo de 405 nm<\/span><\/a><\/li><li  ><a style=\"font-size:16px;color:#9d0a10;\" href=\"https:\/\/laserdiode-ld.com\/es\/categoria-producto\/modulo-laser-acoplado-a-fibra-multimodo\/modulo-laser-acoplado-a-fibra-multimodo-de-410-nm\">M\u00f3dulo l\u00e1ser acoplado a fibra multimodo de 410 nm<\/span><\/a><\/li><li  ><a style=\"font-size:16px;color:#9d0a10;\" href=\"https:\/\/laserdiode-ld.com\/es\/categoria-producto\/modulo-laser-acoplado-a-fibra-multimodo\/modulo-laser-acoplado-a-fibra-multimodo-de-413-nm\">M\u00f3dulo l\u00e1ser acoplado a fibra multimodo de 413 nm<\/span><\/a><\/li><li  ><a style=\"font-size:16px;color:#9d0a10;\" href=\"https:\/\/laserdiode-ld.com\/es\/categoria-producto\/modulo-laser-acoplado-a-fibra-multimodo\/modulo-laser-acoplado-a-fibra-multimodo-de-420-nm\">M\u00f3dulo l\u00e1ser acoplado a fibra multimodo de 420 nm<\/span><\/a><\/li><li  ><a style=\"font-size:16px;color:#9d0a10;\" href=\"https:\/\/laserdiode-ld.com\/es\/categoria-producto\/modulo-laser-acoplado-a-fibra-multimodo\/modulo-laser-acoplado-a-fibra-multimodo-de-425-nm\">M\u00f3dulo l\u00e1ser acoplado a fibra multimodo de 425 nm<\/span><\/a><\/li><li  ><a style=\"font-size:16px;color:#9d0a10;\" href=\"https:\/\/laserdiode-ld.com\/es\/categoria-producto\/modulo-laser-acoplado-a-fibra-multimodo\/modulo-laser-acoplado-a-fibra-multimodo-de-435-nm\">M\u00f3dulo l\u00e1ser acoplado a fibra multimodo de 435 nm<\/span><\/a><\/li><li  ><a style=\"font-size:16px;color:#9d0a10;\" href=\"https:\/\/laserdiode-ld.com\/es\/categoria-producto\/modulo-laser-acoplado-a-fibra-multimodo\/modulo-laser-acoplado-a-fibra-multimodo-de-445-nm\">M\u00f3dulo l\u00e1ser acoplado a fibra multimodo de 445 nm<\/span><\/a><\/li><li  ><a style=\"font-size:16px;color:#9d0a10;\" href=\"https:\/\/laserdiode-ld.com\/es\/categoria-producto\/modulo-laser-acoplado-a-fibra-multimodo\/modulo-laser-acoplado-a-fibra-multimodo-de-455-nm\">M\u00f3dulo l\u00e1ser acoplado a fibra multimodo de 455 nm<\/span><\/a><\/li><li  ><a style=\"font-size:16px;color:#9d0a10;\" href=\"https:\/\/laserdiode-ld.com\/es\/categoria-producto\/modulo-laser-acoplado-a-fibra-multimodo\/modulo-laser-acoplado-a-fibra-multimodo-de-465-nm\">M\u00f3dulo l\u00e1ser acoplado a fibra multimodo de 465 nm<\/span><\/a><\/li><li  ><a style=\"font-size:16px;color:#9d0a10;\" href=\"https:\/\/laserdiode-ld.com\/es\/categoria-producto\/modulo-laser-acoplado-a-fibra-multimodo\/modulo-laser-acoplado-a-fibra-multimodo-de-480-nm\">M\u00f3dulo l\u00e1ser acoplado a fibra multimodo de 480 nm<\/span><\/a><\/li><li  ><a style=\"font-size:16px;color:#9d0a10;\" href=\"https:\/\/laserdiode-ld.com\/es\/categoria-producto\/modulo-laser-acoplado-a-fibra-multimodo\/modulo-laser-acoplado-a-fibra-multimodo-de-488-nm\">M\u00f3dulo l\u00e1ser acoplado a fibra multimodo de 488 nm<\/span><\/a><\/li><li  ><a style=\"font-size:16px;color:#9d0a10;\" href=\"https:\/\/laserdiode-ld.com\/es\/categoria-producto\/modulo-laser-acoplado-a-fibra-multimodo\/modulo-laser-acoplado-a-fibra-multimodo-de-495-nm\">M\u00f3dulo l\u00e1ser acoplado a fibra multimodo de 495 nm<\/span><\/a><\/li><li  ><a style=\"font-size:16px;color:#9d0a10;\" href=\"https:\/\/laserdiode-ld.com\/es\/categoria-producto\/modulo-laser-acoplado-a-fibra-multimodo\/modulo-laser-acoplado-a-fibra-multimodo-de-505-nm\">M\u00f3dulo l\u00e1ser acoplado a fibra multimodo de 505 nm<\/span><\/a><\/li><li  ><a style=\"font-size:16px;color:#9d0a10;\" href=\"https:\/\/laserdiode-ld.com\/es\/categoria-producto\/modulo-laser-acoplado-a-fibra-multimodo\/modulo-laser-acoplado-a-fibra-multimodo-de-520-nm\">M\u00f3dulo l\u00e1ser acoplado a fibra multimodo de 520 nm<\/span><\/a><\/li><li  ><a style=\"font-size:16px;color:#9d0a10;\" href=\"https:\/\/laserdiode-ld.com\/es\/categoria-producto\/modulo-laser-acoplado-a-fibra-multimodo\/modulo-laser-acoplado-a-fibra-multimodo-de-525-nm\">M\u00f3dulo l\u00e1ser acoplado a fibra multimodo de 525 nm<\/span><\/a><\/li><li  ><a style=\"font-size:16px;color:#9d0a10;\" href=\"https:\/\/laserdiode-ld.com\/es\/categoria-producto\/modulo-laser-acoplado-a-fibra-multimodo\/modulo-laser-acoplado-a-fibra-multimodo-de-532-nm\">M\u00f3dulo l\u00e1ser acoplado a fibra multimodo de 532 nm<\/span><\/a><\/li><li  ><a style=\"font-size:16px;color:#9d0a10;\" href=\"https:\/\/laserdiode-ld.com\/es\/categoria-producto\/modulo-laser-acoplado-a-fibra-multimodo\/modulo-laser-acoplado-a-fibra-multimodo-de-630-nm\">M\u00f3dulo l\u00e1ser acoplado a fibra multimodo de 630 nm<\/span><\/a><\/li><li  ><a style=\"font-size:16px;color:#9d0a10;\" href=\"https:\/\/laserdiode-ld.com\/es\/categoria-producto\/modulo-laser-acoplado-a-fibra-multimodo\/modulo-laser-acoplado-a-fibra-multimodo-de-633-nm\">M\u00f3dulo l\u00e1ser acoplado a fibra multimodo de 633 nm<\/span><\/a><\/li><li  ><a style=\"font-size:16px;color:#9d0a10;\" href=\"https:\/\/laserdiode-ld.com\/es\/categoria-producto\/modulo-laser-acoplado-a-fibra-multimodo\/modulo-laser-acoplado-a-fibra-multimodo-de-635-nm\">M\u00f3dulo l\u00e1ser acoplado a fibra multimodo de 635 nm<\/span><\/a><\/li><li  ><a style=\"font-size:16px;color:#9d0a10;\" href=\"https:\/\/laserdiode-ld.com\/es\/categoria-producto\/modulo-laser-acoplado-a-fibra-multimodo\/modulo-laser-acoplado-a-fibra-multimodo-de-645-nm\">M\u00f3dulo l\u00e1ser acoplado a fibra multimodo de 645 nm<\/span><\/a><\/li><li  ><a style=\"font-size:16px;color:#9d0a10;\" href=\"https:\/\/laserdiode-ld.com\/es\/categoria-producto\/modulo-laser-acoplado-a-fibra-multimodo\/modulo-laser-acoplado-a-fibra-multimodo-de-653-nm\">M\u00f3dulo l\u00e1ser acoplado a fibra multimodo de 653 nm<\/span><\/a><\/li><li  ><a style=\"font-size:16px;color:#9d0a10;\" href=\"https:\/\/laserdiode-ld.com\/es\/categoria-producto\/modulo-laser-acoplado-a-fibra-multimodo\/modulo-laser-acoplado-a-fibra-multimodo-de-660-nm\">M\u00f3dulo l\u00e1ser acoplado a fibra multimodo de 660 nm<\/span><\/a><\/li><li  ><a style=\"font-size:16px;color:#9d0a10;\" href=\"https:\/\/laserdiode-ld.com\/es\/categoria-producto\/modulo-laser-acoplado-a-fibra-multimodo\/modulo-laser-acoplado-a-fibra-multimodo-de-670-nm\">M\u00f3dulo l\u00e1ser acoplado a fibra multimodo de 670 nm<\/span><\/a><\/li><li  ><a style=\"font-size:16px;color:#9d0a10;\" href=\"https:\/\/laserdiode-ld.com\/es\/categoria-producto\/modulo-laser-acoplado-a-fibra-multimodo\/modulo-laser-acoplado-a-fibra-multimodo-de-685-nm\">M\u00f3dulo l\u00e1ser acoplado a fibra multimodo de 685 nm<\/span><\/a><\/li><li  ><a style=\"font-size:16px;color:#9d0a10;\" href=\"https:\/\/laserdiode-ld.com\/es\/categoria-producto\/modulo-laser-acoplado-a-fibra-multimodo\/modulo-laser-acoplado-a-fibra-multimodo-de-690-nm\">M\u00f3dulo l\u00e1ser acoplado a fibra multimodo de 690 nm<\/span><\/a><\/li><li  ><a style=\"font-size:16px;color:#9d0a10;\" href=\"https:\/\/laserdiode-ld.com\/es\/categoria-producto\/modulo-laser-acoplado-a-fibra-multimodo\/modulo-laser-acoplado-a-fibra-multimodo-de-760-nm\">M\u00f3dulo l\u00e1ser acoplado a fibra multimodo de 760 nm<\/span><\/a><\/li><li  ><a style=\"font-size:16px;color:#9d0a10;\" href=\"https:\/\/laserdiode-ld.com\/es\/categoria-producto\/modulo-laser-acoplado-a-fibra-multimodo\/modulo-laser-acoplado-a-fibra-multimodo-de-770-nm\">M\u00f3dulo l\u00e1ser acoplado a fibra multimodo de 770 nm<\/span><\/a><\/li><li  ><a style=\"font-size:16px;color:#9d0a10;\" href=\"https:\/\/laserdiode-ld.com\/es\/categoria-producto\/modulo-laser-acoplado-a-fibra-multimodo\/modulo-laser-acoplado-a-fibra-multimodo-de-785-nm\">M\u00f3dulo l\u00e1ser acoplado a fibra multimodo de 785 nm<\/span><\/a><\/li><li  ><a style=\"font-size:16px;color:#9d0a10;\" href=\"https:\/\/laserdiode-ld.com\/es\/categoria-producto\/modulo-laser-acoplado-a-fibra-multimodo\/modulo-laser-acoplado-a-fibra-multimodo-de-808-nm\">M\u00f3dulo l\u00e1ser acoplado a fibra multimodo de 808 nm<\/span><\/a><\/li><li  ><a style=\"font-size:16px;color:#9d0a10;\" href=\"https:\/\/laserdiode-ld.com\/es\/categoria-producto\/modulo-laser-acoplado-a-fibra-multimodo\/modulo-laser-acoplado-a-fibra-multimodo-de-820-nm\">M\u00f3dulo l\u00e1ser acoplado a fibra multimodo de 820 nm<\/span><\/a><\/li><li  ><a style=\"font-size:16px;color:#9d0a10;\" href=\"https:\/\/laserdiode-ld.com\/es\/categoria-producto\/modulo-laser-acoplado-a-fibra-multimodo\/modulo-laser-acoplado-a-fibra-multimodo-de-830-nm\">M\u00f3dulo l\u00e1ser acoplado a fibra multimodo de 830 nm<\/span><\/a><\/li><li  ><a style=\"font-size:16px;color:#9d0a10;\" href=\"https:\/\/laserdiode-ld.com\/es\/categoria-producto\/modulo-laser-acoplado-a-fibra-multimodo\/modulo-laser-acoplado-a-fibra-multimodo-de-850-nm\">M\u00f3dulo l\u00e1ser acoplado a fibra multimodo de 850 nm<\/span><\/a><\/li><li  ><a style=\"font-size:16px;color:#9d0a10;\" href=\"https:\/\/laserdiode-ld.com\/es\/categoria-producto\/modulo-laser-acoplado-a-fibra-multimodo\/modulo-laser-acoplado-a-fibra-multimodo-de-880-nm\">M\u00f3dulo l\u00e1ser acoplado a fibra multimodo de 880 nm<\/span><\/a><\/li><li  ><a style=\"font-size:16px;color:#9d0a10;\" href=\"https:\/\/laserdiode-ld.com\/es\/categoria-producto\/modulo-laser-acoplado-a-fibra-multimodo\/modulo-laser-acoplado-a-fibra-multimodo-de-905-nm\">M\u00f3dulo l\u00e1ser acoplado a fibra multimodo de 905 nm<\/span><\/a><\/li><li  ><a style=\"font-size:16px;color:#9d0a10;\" href=\"https:\/\/laserdiode-ld.com\/es\/categoria-producto\/modulo-laser-acoplado-a-fibra-multimodo\/modulo-laser-acoplado-a-fibra-multimodo-de-915-nm\">M\u00f3dulo l\u00e1ser acoplado a fibra multimodo de 915 nm<\/span><\/a><\/li><li  ><a style=\"font-size:16px;color:#9d0a10;\" href=\"https:\/\/laserdiode-ld.com\/es\/categoria-producto\/modulo-laser-acoplado-a-fibra-multimodo\/modulo-laser-acoplado-a-fibra-multimodo-de-940-nm\">M\u00f3dulo l\u00e1ser acoplado a fibra multimodo de 940 nm<\/span><\/a><\/li><li  ><a style=\"font-size:16px;color:#9d0a10;\" href=\"https:\/\/laserdiode-ld.com\/es\/categoria-producto\/modulo-laser-acoplado-a-fibra-multimodo\/modulo-laser-acoplado-a-fibra-multimodo-de-980-nm\">M\u00f3dulo l\u00e1ser acoplado a fibra multimodo de 980 nm<\/span><\/a><\/li><li  ><a style=\"font-size:16px;color:#9d0a10;\" href=\"https:\/\/laserdiode-ld.com\/es\/categoria-producto\/modulo-laser-acoplado-a-fibra-multimodo\/modulo-laser-acoplado-a-fibra-multimodo-de-1064-nm\">M\u00f3dulo l\u00e1ser acoplado a fibra multimodo de 1064 nm<\/span><\/a><\/li><li  ><a style=\"font-size:16px;color:#9d0a10;\" href=\"https:\/\/laserdiode-ld.com\/es\/categoria-producto\/modulo-laser-acoplado-a-fibra-multimodo\/modulo-laser-acoplado-a-fibra-multimodo-de-1550-nm\">M\u00f3dulo l\u00e1ser acoplado a fibra multimodo de 1550 nm<\/span><\/a><\/li><\/ul><\/div><\/div>\n<\/div><div class=\"layout_badh\"><\/div><\/section>","protected":false},"excerpt":{"rendered":"","protected":false},"author":1,"featured_media":0,"parent":0,"menu_order":0,"comment_status":"closed","ping_status":"closed","template":"","meta":{"themepark_post_bcolor":"#ffffff","themepark_post_width":"1022px","themepark_post_img":"","themepark_post_img_po":"left","themepark_post_img_re":false,"themepark_post_img_cover":false,"themepark_post_img_fixed":false,"themepark_post_hide_title":true,"themepark_post_main_b":"#ffffff","themepark_post_main_p":100,"themepark_paddingblock":true,"footnotes":"","_wpscp_schedule_draft_date":"","_wpscp_schedule_republish_date":"","_wpscppro_advance_schedule":false,"_wpscppro_advance_schedule_date":"","_wpscppro_dont_share_socialmedia":false,"_wpscppro_custom_social_share_image":0,"_facebook_share_type":"","_twitter_share_type":"","_linkedin_share_type":"","_pinterest_share_type":"","_linkedin_share_type_page":"","_instagram_share_type":"","_medium_share_type":"","_threads_share_type":"","_google_business_share_type":"","_selected_social_profile":[],"_wpsp_enable_custom_social_template":false,"_wpsp_social_scheduling":{"enabled":false,"datetime":null,"platforms":[],"status":"template_only","dateOption":"today","timeOption":"now","customDays":"","customHours":"","customDate":"","customTime":"","schedulingType":"absolute"},"_wpsp_active_default_template":true},"class_list":["post-1567","page","type-page","status-publish","hentry"],"aioseo_notices":[],"_links":{"self":[{"href":"https:\/\/laserdiode-ld.com\/es\/wp-json\/wp\/v2\/pages\/1567","targetHints":{"allow":["GET"]}}],"collection":[{"href":"https:\/\/laserdiode-ld.com\/es\/wp-json\/wp\/v2\/pages"}],"about":[{"href":"https:\/\/laserdiode-ld.com\/es\/wp-json\/wp\/v2\/types\/page"}],"author":[{"embeddable":true,"href":"https:\/\/laserdiode-ld.com\/es\/wp-json\/wp\/v2\/users\/1"}],"replies":[{"embeddable":true,"href":"https:\/\/laserdiode-ld.com\/es\/wp-json\/wp\/v2\/comments?post=1567"}],"version-history":[{"count":3,"href":"https:\/\/laserdiode-ld.com\/es\/wp-json\/wp\/v2\/pages\/1567\/revisions"}],"predecessor-version":[{"id":2060,"href":"https:\/\/laserdiode-ld.com\/es\/wp-json\/wp\/v2\/pages\/1567\/revisions\/2060"}],"wp:attachment":[{"href":"https:\/\/laserdiode-ld.com\/es\/wp-json\/wp\/v2\/media?parent=1567"}],"curies":[{"name":"wp","href":"https:\/\/api.w.org\/{rel}","templated":true}]}}