{"id":3380,"date":"2025-11-13T16:21:01","date_gmt":"2025-11-13T08:21:01","guid":{"rendered":"http:\/\/aserdiode-ld.com\/?post_type=product&#038;p=3380"},"modified":"2025-11-17T16:55:04","modified_gmt":"2025-11-17T08:55:04","slug":"1470-nm-15-w-fasergekoppelte-diodenlaserquelle-mit-rotem-zielstrahl","status":"publish","type":"product","link":"https:\/\/laserdiode-ld.com\/de\/product\/1470-nm-15-w-fasergekoppelte-diodenlaserquelle-mit-rotem-zielstrahl","title":{"rendered":"1470 nm, 15 W mit rotem Zielstrahl"},"content":{"rendered":"<p>Wavespectrum Laser ist ein Hersteller von hochwertigen und leistungsstarken Diodenlaserprodukten. Wir haben uns der Entwicklung, Herstellung und dem Vertrieb von leistungsstarken Laserprodukten verschrieben. Der Wellenl\u00e4ngenbereich ist breit gef\u00e4chert, die Produktpalette vielf\u00e4ltig. Es sind Single-Mode-Fasern, Multi-Mode-Fasern und polarisationserhaltende Fasern erh\u00e4ltlich. Wir kontrollieren die Produktqualit\u00e4t streng und haben uns mit unserer herausragenden Leistung gro\u00dfes Lob von Kunden auf der ganzen Welt verdient.<br \/>\nWavespectrum Laser ist in der Lage, die 1470 nm 15 W fasergekoppelte Diodenlaserquelle mit rotem Zielstrahl anzubieten. Dar\u00fcber hinaus bieten wir eine Vielzahl von Leistungskonfigurationen f\u00fcr die 1470 nm fasergekoppelte Diodenlaserquelle an, um den unterschiedlichen Kundenanforderungen gerecht zu werden. Dar\u00fcber hinaus umfasst unser Sortiment an Lasern mit \u00e4hnlichen Wellenl\u00e4ngen Laserprodukte mit 880 nm, 915 nm, 980 nm, 1064 nm, 1310 nm, 1450 nm, 1490 nm und 1550 nm.<\/p>","protected":false},"excerpt":{"rendered":"<p>Die 1470 nm 15 W fasergekoppelte Diodenlaserquelle mit rotem Zielstrahl ist ein umfassendes Lasersystem, das den Lasertreiber, das TE-K\u00fchlsystem und den roten Zielstrahl umfasst. Sie bietet eine einstellbare Ausgangsleistung und arbeitet bei einer festen Temperatur. Die Eingangsspannung betr\u00e4gt 90 V bis 240 VAC, was f\u00fcr Kunden sehr praktisch ist. Diese 1470 nm 15 W fasergekoppelte Diodenlaserquelle verf\u00fcgt \u00fcber eine 400 um Multimode-Faser und einen integrierten 660 nm roten Zielstrahl, der f\u00fcr Kunden sehr praktisch zum Ausrichten des Laserstrahls ist. Dieses Lasersystem bietet eine hohe Leistung und eine lange Lebensdauer. Diese 1470 nm 15 W fasergekoppelte Diodenlaserquelle ist sehr sicher und f\u00fcr Kunden einfach zu bedienen.<\/p>","protected":false},"featured_media":3379,"comment_status":"open","ping_status":"closed","template":"","meta":{"themepark_post_bcolor":"#f5f5f5","themepark_post_width":"1022px","themepark_post_img":"","themepark_post_img_po":"left","themepark_post_img_re":false,"themepark_post_img_cover":false,"themepark_post_img_fixed":false,"themepark_post_hide_title":false,"themepark_post_main_b":"","themepark_post_main_p":100,"themepark_paddingblock":false,"_wpscp_schedule_draft_date":"","_wpscp_schedule_republish_date":"","_wpscppro_advance_schedule":false,"_wpscppro_advance_schedule_date":"","_wpscppro_dont_share_socialmedia":false,"_wpscppro_custom_social_share_image":0,"_facebook_share_type":"","_twitter_share_type":"","_linkedin_share_type":"","_pinterest_share_type":"","_linkedin_share_type_page":"","_instagram_share_type":"","_medium_share_type":"","_threads_share_type":"","_google_business_share_type":"","_selected_social_profile":[],"_wpsp_enable_custom_social_template":false,"_wpsp_social_scheduling":{"enabled":false,"datetime":null,"platforms":[],"status":"template_only","dateOption":"today","timeOption":"now","customDays":"","customHours":"","customDate":"","customTime":"","schedulingType":"absolute"},"_wpsp_active_default_template":true},"product_brand":[],"product_cat":[54,197],"product_tag":[],"class_list":{"0":"post-3380","1":"product","2":"type-product","3":"status-publish","4":"has-post-thumbnail","6":"product_cat-ture-key-fiber-coupled-laser-system","7":"product_cat-1470nm-ture-key-fiber-coupled-laser-system","9":"first","10":"instock","11":"shipping-taxable","12":"product-type-simple"},"aioseo_notices":[],"_links":{"self":[{"href":"https:\/\/laserdiode-ld.com\/de\/wp-json\/wp\/v2\/product\/3380","targetHints":{"allow":["GET"]}}],"collection":[{"href":"https:\/\/laserdiode-ld.com\/de\/wp-json\/wp\/v2\/product"}],"about":[{"href":"https:\/\/laserdiode-ld.com\/de\/wp-json\/wp\/v2\/types\/product"}],"replies":[{"embeddable":true,"href":"https:\/\/laserdiode-ld.com\/de\/wp-json\/wp\/v2\/comments?post=3380"}],"wp:featuredmedia":[{"embeddable":true,"href":"https:\/\/laserdiode-ld.com\/de\/wp-json\/wp\/v2\/media\/3379"}],"wp:attachment":[{"href":"https:\/\/laserdiode-ld.com\/de\/wp-json\/wp\/v2\/media?parent=3380"}],"wp:term":[{"taxonomy":"product_brand","embeddable":true,"href":"https:\/\/laserdiode-ld.com\/de\/wp-json\/wp\/v2\/product_brand?post=3380"},{"taxonomy":"product_cat","embeddable":true,"href":"https:\/\/laserdiode-ld.com\/de\/wp-json\/wp\/v2\/product_cat?post=3380"},{"taxonomy":"product_tag","embeddable":true,"href":"https:\/\/laserdiode-ld.com\/de\/wp-json\/wp\/v2\/product_tag?post=3380"}],"curies":[{"name":"wp","href":"https:\/\/api.w.org\/{rel}","templated":true}]}}