{"id":3377,"date":"2025-11-13T16:17:29","date_gmt":"2025-11-13T08:17:29","guid":{"rendered":"http:\/\/aserdiode-ld.com\/?post_type=product&#038;p=3377"},"modified":"2025-11-17T17:15:43","modified_gmt":"2025-11-17T09:15:43","slug":"405-nm-15-mw-pm-fasergekoppelte-diodenlaserquelle","status":"publish","type":"product","link":"https:\/\/laserdiode-ld.com\/de\/product\/405-nm-15-mw-pm-fasergekoppelte-diodenlaserquelle","title":{"rendered":"405 nm, 15 mW, PM"},"content":{"rendered":"<p>Wavespectrum Laser ist ein Hersteller von hochwertigen und leistungsstarken Diodenlaserprodukten. Wir haben uns der Entwicklung, Herstellung und dem Vertrieb von leistungsstarken Laserprodukten verschrieben. Der Wellenl\u00e4ngenbereich ist breit gef\u00e4chert, die Produktpalette vielf\u00e4ltig. Es sind Single-Mode-Fasern, Multi-Mode-Fasern und polarisationserhaltende Fasern erh\u00e4ltlich. Wir kontrollieren die Produktqualit\u00e4t streng und haben uns mit unserer herausragenden Leistung gro\u00dfes Lob von Kunden auf der ganzen Welt verdient.<\/p>\n<p>Wavespectrum Laser bietet eine 405 nm 15 mW PM-fasergekoppelte Diodenlaserquelle an und kann Kunden auch verschiedene Leistungsversionen der 405 nm PM-fasergekoppelten Diodenlaserquelle liefern. F\u00fcr Laserprodukte mit nahen Wellenl\u00e4ngen k\u00f6nnen wir unseren Kunden Laserprodukte mit 400 nm, 445 nm, 480 nm, 488 nm, 495 nm, 505 nm, 520 nm, 635 nm, 660 nm und 670 nm anbieten.<\/p>","protected":false},"excerpt":{"rendered":"<p>Die 405 nm 15 mW PM-fasergekoppelte Diodenlaserquelle umfasst den Lasertreiber und das TE-K\u00fchlsystem, die Ausgangsleistung ist einstellbar, die Betriebstemperatur ist fest eingestellt, die Eingangsspannung betr\u00e4gt 90 V bis 240 VAC, was f\u00fcr Kunden sehr praktisch ist. Diese 405 nm 15 mW PM-fasergekoppelte Diodenlaserquelle verf\u00fcgt \u00fcber eine 3 um polarisationserhaltende Faser, kann einen Gau\u00dfschen Strahl erzeugen, das PER-Verh\u00e4ltnis betr\u00e4gt &gt;13 dB und das Laserprodukt mit h\u00f6herem PER-Verh\u00e4ltnis ist optional erh\u00e4ltlich. Es zeichnet sich durch hohe Leistung und lange Lebensdauer aus. Diese 405 nm PM-fasergekoppelte Diodenlaserquelle ist f\u00fcr Kunden sehr sicher in der Anwendung.<\/p>","protected":false},"featured_media":3379,"comment_status":"open","ping_status":"closed","template":"","meta":{"themepark_post_bcolor":"#f5f5f5","themepark_post_width":"1022px","themepark_post_img":"","themepark_post_img_po":"left","themepark_post_img_re":false,"themepark_post_img_cover":false,"themepark_post_img_fixed":false,"themepark_post_hide_title":false,"themepark_post_main_b":"","themepark_post_main_p":100,"themepark_paddingblock":false,"_wpscp_schedule_draft_date":"","_wpscp_schedule_republish_date":"","_wpscppro_advance_schedule":false,"_wpscppro_advance_schedule_date":"","_wpscppro_dont_share_socialmedia":false,"_wpscppro_custom_social_share_image":0,"_facebook_share_type":"","_twitter_share_type":"","_linkedin_share_type":"","_pinterest_share_type":"","_linkedin_share_type_page":"","_instagram_share_type":"","_medium_share_type":"","_threads_share_type":"","_google_business_share_type":"","_selected_social_profile":[],"_wpsp_enable_custom_social_template":false,"_wpsp_social_scheduling":{"enabled":false,"datetime":null,"platforms":[],"status":"template_only","dateOption":"today","timeOption":"now","customDays":"","customHours":"","customDate":"","customTime":"","schedulingType":"absolute"},"_wpsp_active_default_template":true},"product_brand":[],"product_cat":[54,196],"product_tag":[],"class_list":{"0":"post-3377","1":"product","2":"type-product","3":"status-publish","4":"has-post-thumbnail","6":"product_cat-ture-key-fiber-coupled-laser-system","7":"product_cat-405nm-ture-key-fiber-coupled-laser-system","9":"first","10":"instock","11":"shipping-taxable","12":"product-type-simple"},"aioseo_notices":[],"_links":{"self":[{"href":"https:\/\/laserdiode-ld.com\/de\/wp-json\/wp\/v2\/product\/3377","targetHints":{"allow":["GET"]}}],"collection":[{"href":"https:\/\/laserdiode-ld.com\/de\/wp-json\/wp\/v2\/product"}],"about":[{"href":"https:\/\/laserdiode-ld.com\/de\/wp-json\/wp\/v2\/types\/product"}],"replies":[{"embeddable":true,"href":"https:\/\/laserdiode-ld.com\/de\/wp-json\/wp\/v2\/comments?post=3377"}],"wp:featuredmedia":[{"embeddable":true,"href":"https:\/\/laserdiode-ld.com\/de\/wp-json\/wp\/v2\/media\/3379"}],"wp:attachment":[{"href":"https:\/\/laserdiode-ld.com\/de\/wp-json\/wp\/v2\/media?parent=3377"}],"wp:term":[{"taxonomy":"product_brand","embeddable":true,"href":"https:\/\/laserdiode-ld.com\/de\/wp-json\/wp\/v2\/product_brand?post=3377"},{"taxonomy":"product_cat","embeddable":true,"href":"https:\/\/laserdiode-ld.com\/de\/wp-json\/wp\/v2\/product_cat?post=3377"},{"taxonomy":"product_tag","embeddable":true,"href":"https:\/\/laserdiode-ld.com\/de\/wp-json\/wp\/v2\/product_tag?post=3377"}],"curies":[{"name":"wp","href":"https:\/\/api.w.org\/{rel}","templated":true}]}}