{"id":3370,"date":"2025-11-13T16:10:59","date_gmt":"2025-11-13T08:10:59","guid":{"rendered":"http:\/\/aserdiode-ld.com\/?post_type=product&#038;p=3370"},"modified":"2025-11-18T11:12:58","modified_gmt":"2025-11-18T03:12:58","slug":"445-nm-520-nm-635-nm-850-nm-50-mw-4-wellenlangen-105-%c2%b5m-fasergekoppeltes-laserdiodenmodul","status":"publish","type":"product","link":"https:\/\/laserdiode-ld.com\/de\/product\/445-nm-520-nm-635-nm-850-nm-50-mw-4-wellenlangen-105-%c2%b5m-fasergekoppeltes-laserdiodenmodul","title":{"rendered":"445 nm 520 nm 635 nm 850 nm 50 mW 105 \u00b5m"},"content":{"rendered":"<p>Wavespectrum Laser ist ein Hersteller von hochwertigen und leistungsstarken Diodenlaserprodukten. Wir haben uns der Entwicklung, Herstellung und dem Vertrieb von leistungsstarken Laserprodukten verschrieben. Der Wellenl\u00e4ngenbereich ist breit gef\u00e4chert, die Produktpalette vielf\u00e4ltig. Es sind Single-Mode-Fasern, Multi-Mode-Fasern und polarisationserhaltende Fasern erh\u00e4ltlich. Wir kontrollieren die Produktqualit\u00e4t streng und haben uns mit unserer herausragenden Leistung gro\u00dfes Lob von Kunden auf der ganzen Welt verdient.<\/p>\n<p>Wavespectrum Laser bietet das 445 nm, 520 nm, 635 nm, 850 nm, 50 mW, 4-Wellenl\u00e4ngen, 105 \u00b5m fasergekoppelte Laserdiodenmodul an. Au\u00dferdem k\u00f6nnen wir verschiedene Leistungsversionen des 445 nm, 520 nm, 635 nm, 850 nm, 4-Wellenl\u00e4ngen 105um fasergekoppelte Laserdiodenmodule in verschiedenen Leistungsvarianten an. Au\u00dferdem k\u00f6nnen wir die Faser nach Kundenwunsch anpassen, z. B. 50um oder 200um Multimode-Faser. F\u00fcr Laserprodukte mit nahen Wellenl\u00e4ngen k\u00f6nnen wir auch 488nm 520nm 635nm 850nm 4-Wellenl\u00e4ngen-Lasermodule nach Kundenwunsch anpassen.<\/p>","protected":false},"excerpt":{"rendered":"<p>Das 445 nm, 520 nm, 635 nm, 850 nm, 50 mW, 4-Wellenl\u00e4ngen, 105 \u00b5m fasergekoppelte Laserdiodenmodul verf\u00fcgt \u00fcber 1 St\u00fcck 105 \u00b5m Multimode-Faser und umfasst einen roten Laser, einen gr\u00fcnen Laser, einen blauen Laser und einen Infrarotlaser. Dieses Lasermodul ist kompakt und verf\u00fcgt \u00fcber einen integrierten TE-K\u00fchler und Thermistor. Dieses 445 nm, 520 nm, 635 nm + 785 nm, 50 mW, 4-Wellenl\u00e4ngen, 105 \u00b5m fasergekoppelte Laserdiodenmodul bietet eine hohe Leistung und lange Lebensdauer. Es kann das 4-Wellenl\u00e4ngen-Laserlicht aus einer einzigen 105 \u00b5m MM-Faser gewinnen. Die vier Wellenl\u00e4ngen des Lasers k\u00f6nnen separat oder gleichzeitig betrieben werden und k\u00f6nnen als Arbeitslicht oder Zielstrahl verwendet werden. Das 4-Wellenl\u00e4ngen-Lasermodul enth\u00e4lt einen TE-K\u00fchler, wodurch Kunden die Betriebstemperatur sehr bequem regeln k\u00f6nnen. Wavespectrum Laser kann je nach Kundenwunsch auch andere Leistungsversionen des 445 nm, 520 nm, 635 nm, 850 nm, 4-Wellenl\u00e4ngen, 105 \u00b5m fasergekoppelten Laserdiodenmoduls anbieten.<\/p>","protected":false},"featured_media":3369,"comment_status":"open","ping_status":"closed","template":"","meta":{"themepark_post_bcolor":"#f5f5f5","themepark_post_width":"1022px","themepark_post_img":"","themepark_post_img_po":"left","themepark_post_img_re":false,"themepark_post_img_cover":false,"themepark_post_img_fixed":false,"themepark_post_hide_title":false,"themepark_post_main_b":"","themepark_post_main_p":100,"themepark_paddingblock":false,"_wpscp_schedule_draft_date":"","_wpscp_schedule_republish_date":"","_wpscppro_advance_schedule":false,"_wpscppro_advance_schedule_date":"","_wpscppro_dont_share_socialmedia":false,"_wpscppro_custom_social_share_image":0,"_facebook_share_type":"","_twitter_share_type":"","_linkedin_share_type":"","_pinterest_share_type":"","_linkedin_share_type_page":"","_instagram_share_type":"","_medium_share_type":"","_threads_share_type":"","_google_business_share_type":"","_selected_social_profile":[],"_wpsp_enable_custom_social_template":false,"_wpsp_social_scheduling":{"enabled":false,"datetime":null,"platforms":[],"status":"template_only","dateOption":"today","timeOption":"now","customDays":"","customHours":"","customDate":"","customTime":"","schedulingType":"absolute"},"_wpsp_active_default_template":true},"product_brand":[],"product_cat":[52,193],"product_tag":[],"class_list":{"0":"post-3370","1":"product","2":"type-product","3":"status-publish","4":"has-post-thumbnail","6":"product_cat-quplex-4-wavelength-fiber-coupled-laser-module","7":"product_cat-445nm-520nm-635nm-850nm-quplex-fiber-coupled-laser-module","9":"first","10":"instock","11":"shipping-taxable","12":"product-type-simple"},"aioseo_notices":[],"_links":{"self":[{"href":"https:\/\/laserdiode-ld.com\/de\/wp-json\/wp\/v2\/product\/3370","targetHints":{"allow":["GET"]}}],"collection":[{"href":"https:\/\/laserdiode-ld.com\/de\/wp-json\/wp\/v2\/product"}],"about":[{"href":"https:\/\/laserdiode-ld.com\/de\/wp-json\/wp\/v2\/types\/product"}],"replies":[{"embeddable":true,"href":"https:\/\/laserdiode-ld.com\/de\/wp-json\/wp\/v2\/comments?post=3370"}],"wp:featuredmedia":[{"embeddable":true,"href":"https:\/\/laserdiode-ld.com\/de\/wp-json\/wp\/v2\/media\/3369"}],"wp:attachment":[{"href":"https:\/\/laserdiode-ld.com\/de\/wp-json\/wp\/v2\/media?parent=3370"}],"wp:term":[{"taxonomy":"product_brand","embeddable":true,"href":"https:\/\/laserdiode-ld.com\/de\/wp-json\/wp\/v2\/product_brand?post=3370"},{"taxonomy":"product_cat","embeddable":true,"href":"https:\/\/laserdiode-ld.com\/de\/wp-json\/wp\/v2\/product_cat?post=3370"},{"taxonomy":"product_tag","embeddable":true,"href":"https:\/\/laserdiode-ld.com\/de\/wp-json\/wp\/v2\/product_tag?post=3370"}],"curies":[{"name":"wp","href":"https:\/\/api.w.org\/{rel}","templated":true}]}}