{"id":3362,"date":"2025-11-13T16:04:08","date_gmt":"2025-11-13T08:04:08","guid":{"rendered":"http:\/\/aserdiode-ld.com\/?post_type=product&#038;p=3362"},"modified":"2025-12-09T14:12:52","modified_gmt":"2025-12-09T06:12:52","slug":"445-nm-635-nm-15-mw-2-wellenlangen-single-mode-glasfaser-gekoppeltes-laserdiodenmodul","status":"publish","type":"product","link":"https:\/\/laserdiode-ld.com\/de\/product\/445-nm-635-nm-15-mw-2-wellenlangen-single-mode-glasfaser-gekoppeltes-laserdiodenmodul","title":{"rendered":"445 nm 635 nm 15 mW"},"content":{"rendered":"<p>Wavespectrum Laser ist ein Hersteller von hochwertigen und leistungsstarken Diodenlaserprodukten. Wir haben uns der Entwicklung, Herstellung und dem Vertrieb von leistungsstarken Laserprodukten verschrieben. Der Wellenl\u00e4ngenbereich ist breit gef\u00e4chert, die Produktpalette vielf\u00e4ltig. Es sind Single-Mode-Fasern, Multi-Mode-Fasern und polarisationserhaltende Fasern erh\u00e4ltlich. Wir kontrollieren die Produktqualit\u00e4t streng und haben uns mit unserer herausragenden Leistung gro\u00dfes Lob von Kunden auf der ganzen Welt verdient.<\/p>\n<p>Wavespectrum Laser bietet das 445 nm\/635 nm\/15 mW\/2-Wellenl\u00e4ngen-Einmoden-Glasfaser-gekoppelte Laserdiodenmodul an. Au\u00dferdem k\u00f6nnen wir unseren Kunden das 445 nm\/635 nm\/2-Wellenl\u00e4ngen-Einmoden-Glasfaser-gekoppelte Laserdiodenmodul in verschiedenen Leistungsvarianten liefern. F\u00fcr Laserprodukte mit nahen Wellenl\u00e4ngen k\u00f6nnen wir auch 488 nm + 635 nm Dual-Wellenl\u00e4ngen-Lasermodule f\u00fcr Kunden anpassen.<\/p>","protected":false},"excerpt":{"rendered":"<p>Das 445 nm 635 nm 15 mW 2-Wellenl\u00e4ngen-Einmoden-Glasfaser-gekoppelte Laserdiodenmodul verf\u00fcgt \u00fcber 1 St\u00fcck 3 um Einmoden-Glasfaser, umfasst den roten Laser + blauen Laser, kann einen Gau\u00dfschen Strahl erzeugen, ist kompakt, verf\u00fcgt \u00fcber einen integrierten TE-K\u00fchler und einen Thermistor. Dieses 445 nm 635 nm 15 mW 2-Wellenl\u00e4ngen-Einmodenfaser-gekoppelte Laserdiodenmodul zeichnet sich durch hohe Leistung und lange Lebensdauer aus. Es kann das 2-Wellenl\u00e4ngen-Laserlicht in Blau und Rot aus einer 3-\u00b5m-SM-Faser erzeugen. Die beiden Laserwellenl\u00e4ngen k\u00f6nnen separat oder gleichzeitig betrieben werden und als Arbeitslicht oder Zielstrahl verwendet werden. Das 2-Wellenl\u00e4ngen-Lasermodul verf\u00fcgt \u00fcber einen TE-K\u00fchler, wodurch Kunden die Betriebstemperatur sehr bequem regeln k\u00f6nnen.<br \/>\nWavespectrum Laser kann je nach Kundenwunsch auch eine andere Leistungsversion anbieten: ein 2-Wellenl\u00e4ngen-Einmoden-Glasfaser-gekoppeltes Laserdiodenmodul mit 445 nm + 635 nm.<\/p>","protected":false},"featured_media":3364,"comment_status":"open","ping_status":"closed","template":"","meta":{"themepark_post_bcolor":"#f5f5f5","themepark_post_width":"1022px","themepark_post_img":"","themepark_post_img_po":"left","themepark_post_img_re":false,"themepark_post_img_cover":false,"themepark_post_img_fixed":false,"themepark_post_hide_title":false,"themepark_post_main_b":"","themepark_post_main_p":100,"themepark_paddingblock":false,"_wpscp_schedule_draft_date":"","_wpscp_schedule_republish_date":"","_wpscppro_advance_schedule":false,"_wpscppro_advance_schedule_date":"","_wpscppro_dont_share_socialmedia":false,"_wpscppro_custom_social_share_image":0,"_facebook_share_type":"","_twitter_share_type":"","_linkedin_share_type":"","_pinterest_share_type":"","_linkedin_share_type_page":"","_instagram_share_type":"","_medium_share_type":"","_threads_share_type":"","_google_business_share_type":"","_selected_social_profile":[],"_wpsp_enable_custom_social_template":false,"_wpsp_social_scheduling":{"enabled":false,"datetime":null,"platforms":[],"status":"template_only","dateOption":"today","timeOption":"now","customDays":"","customHours":"","customDate":"","customTime":"","schedulingType":"absolute"},"_wpsp_active_default_template":true},"product_brand":[],"product_cat":[51,190],"product_tag":[],"class_list":{"0":"post-3362","1":"product","2":"type-product","3":"status-publish","4":"has-post-thumbnail","6":"product_cat-duplex-2-wavelength-fiber-coupled-laser-module","7":"product_cat-445nm-635nm-duplex-fiber-coupled-laser-module","9":"first","10":"instock","11":"shipping-taxable","12":"product-type-simple"},"aioseo_notices":[],"_links":{"self":[{"href":"https:\/\/laserdiode-ld.com\/de\/wp-json\/wp\/v2\/product\/3362","targetHints":{"allow":["GET"]}}],"collection":[{"href":"https:\/\/laserdiode-ld.com\/de\/wp-json\/wp\/v2\/product"}],"about":[{"href":"https:\/\/laserdiode-ld.com\/de\/wp-json\/wp\/v2\/types\/product"}],"replies":[{"embeddable":true,"href":"https:\/\/laserdiode-ld.com\/de\/wp-json\/wp\/v2\/comments?post=3362"}],"wp:featuredmedia":[{"embeddable":true,"href":"https:\/\/laserdiode-ld.com\/de\/wp-json\/wp\/v2\/media\/3364"}],"wp:attachment":[{"href":"https:\/\/laserdiode-ld.com\/de\/wp-json\/wp\/v2\/media?parent=3362"}],"wp:term":[{"taxonomy":"product_brand","embeddable":true,"href":"https:\/\/laserdiode-ld.com\/de\/wp-json\/wp\/v2\/product_brand?post=3362"},{"taxonomy":"product_cat","embeddable":true,"href":"https:\/\/laserdiode-ld.com\/de\/wp-json\/wp\/v2\/product_cat?post=3362"},{"taxonomy":"product_tag","embeddable":true,"href":"https:\/\/laserdiode-ld.com\/de\/wp-json\/wp\/v2\/product_tag?post=3362"}],"curies":[{"name":"wp","href":"https:\/\/api.w.org\/{rel}","templated":true}]}}