{"id":3349,"date":"2025-11-13T15:23:59","date_gmt":"2025-11-13T07:23:59","guid":{"rendered":"http:\/\/aserdiode-ld.com\/?post_type=product&#038;p=3349"},"modified":"2025-11-17T15:57:30","modified_gmt":"2025-11-17T07:57:30","slug":"1550-nm-3-w-9-poliges-fenstergehause-laserdiode","status":"publish","type":"product","link":"https:\/\/laserdiode-ld.com\/de\/product\/1550-nm-3-w-9-poliges-fenstergehause-laserdiode","title":{"rendered":"1550 nm, 3 W, 9-polig"},"content":{"rendered":"<p>Wavespectrum Laser ist ein Hersteller von hochwertigen und leistungsstarken Diodenlaserprodukten. Wir haben uns der Entwicklung, Herstellung und dem Vertrieb von leistungsstarken Laserprodukten verschrieben. Der Wellenl\u00e4ngenbereich ist breit gef\u00e4chert, die Produktpalette vielf\u00e4ltig. Es sind Single-Mode-Fasern, Multi-Mode-Fasern und polarisationserhaltende Fasern erh\u00e4ltlich. Wir kontrollieren die Produktqualit\u00e4t streng und haben uns mit unserer herausragenden Leistung gro\u00dfes Lob von Kunden auf der ganzen Welt verdient.<br \/>\nWavespectrum Laser bietet eine vielf\u00e4ltige Auswahl an Laserdioden, darunter 1550 nm 3 W 9-Pin-Fenstergeh\u00e4use-Laserdioden. Dar\u00fcber hinaus liefern wir verschiedene Leistungsversionen f\u00fcr die 1550 nm 9-Pin-Fenstergeh\u00e4use-Laserdioden. F\u00fcr die Multimode-Laserdioden mit nahen Wellenl\u00e4ngen bieten wir Optionen mit 915 nm, 940 nm, 980 nm, 1064 nm, 1310 nm, 1470 nm und 1920 nm an, um den vielf\u00e4ltigen Anforderungen unserer Kunden gerecht zu werden.<\/p>","protected":false},"excerpt":{"rendered":"<p>Die 1550 nm 3 W 9-Pin-Fenstergeh\u00e4use-Laserdiode ist eine Multimode-Halbleiterlaserdiode, die mit einer FAC-Linse ausgestattet werden kann, um entweder einen quadratischen oder einen linearen Strahl zu erhalten. Die 9-Pin-Fenstergeh\u00e4use-Laserdiode ist ein hermetisches Geh\u00e4use, das f\u00fcr Kunden bequem zu lagern und zu bedienen ist. Diese 1550 nm 3 W 9-Pin-Fenstergeh\u00e4use-Laserdiode ist Teil unserer Infrarot-Laserproduktpalette und zeichnet sich durch hohe Leistung und lange Lebensdauer aus. Wavespectrum Laser bietet verschiedene Leistungsoptionen f\u00fcr die 1550 nm 9-Pin-Fenstergeh\u00e4use-Laserdioden, um unterschiedlichen Kundenanforderungen gerecht zu werden.<\/p>","protected":false},"featured_media":3348,"comment_status":"open","ping_status":"closed","template":"","meta":{"themepark_post_bcolor":"#f5f5f5","themepark_post_width":"1022px","themepark_post_img":"","themepark_post_img_po":"left","themepark_post_img_re":false,"themepark_post_img_cover":false,"themepark_post_img_fixed":false,"themepark_post_hide_title":false,"themepark_post_main_b":"","themepark_post_main_p":100,"themepark_paddingblock":false,"_wpscp_schedule_draft_date":"","_wpscp_schedule_republish_date":"","_wpscppro_advance_schedule":false,"_wpscppro_advance_schedule_date":"","_wpscppro_dont_share_socialmedia":false,"_wpscppro_custom_social_share_image":0,"_facebook_share_type":"","_twitter_share_type":"","_linkedin_share_type":"","_pinterest_share_type":"","_linkedin_share_type_page":"","_instagram_share_type":"","_medium_share_type":"","_threads_share_type":"","_google_business_share_type":"","_selected_social_profile":[],"_wpsp_enable_custom_social_template":false,"_wpsp_social_scheduling":{"enabled":false,"datetime":null,"platforms":[],"status":"template_only","dateOption":"today","timeOption":"now","customDays":"","customHours":"","customDate":"","customTime":"","schedulingType":"absolute"},"_wpsp_active_default_template":true},"product_brand":[],"product_cat":[48,185],"product_tag":[],"class_list":{"0":"post-3349","1":"product","2":"type-product","3":"status-publish","4":"has-post-thumbnail","6":"product_cat-window-package-high-power-laser-diode","7":"product_cat-1550nm-window-package-high-power-laser-diode","9":"first","10":"instock","11":"shipping-taxable","12":"product-type-simple"},"aioseo_notices":[],"_links":{"self":[{"href":"https:\/\/laserdiode-ld.com\/de\/wp-json\/wp\/v2\/product\/3349","targetHints":{"allow":["GET"]}}],"collection":[{"href":"https:\/\/laserdiode-ld.com\/de\/wp-json\/wp\/v2\/product"}],"about":[{"href":"https:\/\/laserdiode-ld.com\/de\/wp-json\/wp\/v2\/types\/product"}],"replies":[{"embeddable":true,"href":"https:\/\/laserdiode-ld.com\/de\/wp-json\/wp\/v2\/comments?post=3349"}],"wp:featuredmedia":[{"embeddable":true,"href":"https:\/\/laserdiode-ld.com\/de\/wp-json\/wp\/v2\/media\/3348"}],"wp:attachment":[{"href":"https:\/\/laserdiode-ld.com\/de\/wp-json\/wp\/v2\/media?parent=3349"}],"wp:term":[{"taxonomy":"product_brand","embeddable":true,"href":"https:\/\/laserdiode-ld.com\/de\/wp-json\/wp\/v2\/product_brand?post=3349"},{"taxonomy":"product_cat","embeddable":true,"href":"https:\/\/laserdiode-ld.com\/de\/wp-json\/wp\/v2\/product_cat?post=3349"},{"taxonomy":"product_tag","embeddable":true,"href":"https:\/\/laserdiode-ld.com\/de\/wp-json\/wp\/v2\/product_tag?post=3349"}],"curies":[{"name":"wp","href":"https:\/\/api.w.org\/{rel}","templated":true}]}}