{"id":3306,"date":"2025-11-13T14:32:18","date_gmt":"2025-11-13T06:32:18","guid":{"rendered":"http:\/\/aserdiode-ld.com\/?post_type=product&#038;p=3306"},"modified":"2025-12-09T14:20:54","modified_gmt":"2025-12-09T06:20:54","slug":"915-nm-10-w-9-polig-mit-tec-fasergekoppeltem-laserdiodenmodul","status":"publish","type":"product","link":"https:\/\/laserdiode-ld.com\/de\/product\/915-nm-10-w-9-polig-mit-tec-fasergekoppeltem-laserdiodenmodul","title":{"rendered":"915 nm, 10 W, 9-polig mit TEC"},"content":{"rendered":"<p>Wavespectrum Laser ist ein Hersteller von hochwertigen und leistungsstarken Diodenlaserprodukten. Wir haben uns der Entwicklung, Herstellung und dem Vertrieb von leistungsstarken Laserprodukten verschrieben. Der Wellenl\u00e4ngenbereich ist breit gef\u00e4chert, die Produktpalette vielf\u00e4ltig. Es sind Single-Mode-Fasern, Multi-Mode-Fasern und polarisationserhaltende Fasern erh\u00e4ltlich. Wir kontrollieren die Produktqualit\u00e4t streng und haben uns mit unserer herausragenden Leistung gro\u00dfes Lob von Kunden auf der ganzen Welt verdient.<\/p>\n<p>Wavespectrum Laser bietet das 915 nm 10 W 9-Pin-Modul mit TEC-fasergekoppeltem Laserdiodenmodul an. Dar\u00fcber hinaus k\u00f6nnen wir unseren Kunden auch verschiedene Leistungsversionen des 915 nm 9-Pin-Moduls mit TEC-fasergekoppeltem Laserdiodenmodul liefern. F\u00fcr Laserprodukte mit nahen Wellenl\u00e4ngen k\u00f6nnen wir unseren Kunden auch Laserprodukte mit 375 nm, 905 nm, 910 nm, 920 nm, 930 nm, 940 nm, 973 nm, 9765 nm und 980 nm anbieten.<\/p>","protected":false},"excerpt":{"rendered":"<p>Das 915 nm 10 W 9-Pin-Laserdiodenmodul mit TEC-Faserankopplung umfasst einen TE-K\u00fchler, einen Thermistor und eine Fotodiode und wird haupts\u00e4chlich in hochpr\u00e4zisen und hochstabilen Ger\u00e4ten eingesetzt. Der Faserkern des Lasermoduls betr\u00e4gt 105 \u00b5m und die numerische Apertur der Faser 0,22. Der SMA905-, FC-, ST- und SC-Faseranschluss ist optional. Dieses 915 nm 10 W 9-Pin mit TEC-fasergekoppeltem Laserdiodenmodul verf\u00fcgt \u00fcber eine hohe Kopplungseffizienz und hohe Leistung, wodurch es in vielen Bereichen einfach einzusetzen ist. Dieses Lasermodul ist mit einem TE-K\u00fchler und einem Thermistor ausgestattet, sodass Kunden die Betriebstemperatur leicht kontrollieren k\u00f6nnen. Da dieses Lasermodul eine Fotodiode enth\u00e4lt, k\u00f6nnen Kunden die Ausgangsleistung leicht \u00fcberwachen. Wavespectrum Laser kann auch andere Leistungsversionen des 915 nm 9-Pin mit TEC-fasergekoppeltem Laserdiodenmodul gem\u00e4\u00df den Anforderungen des Kunden anpassen.<\/p>","protected":false},"featured_media":2858,"comment_status":"open","ping_status":"closed","template":"","meta":{"themepark_post_bcolor":"#f5f5f5","themepark_post_width":"1022px","themepark_post_img":"","themepark_post_img_po":"left","themepark_post_img_re":false,"themepark_post_img_cover":false,"themepark_post_img_fixed":false,"themepark_post_hide_title":false,"themepark_post_main_b":"","themepark_post_main_p":100,"themepark_paddingblock":false,"_wpscp_schedule_draft_date":"","_wpscp_schedule_republish_date":"","_wpscppro_advance_schedule":false,"_wpscppro_advance_schedule_date":"","_wpscppro_dont_share_socialmedia":false,"_wpscppro_custom_social_share_image":0,"_facebook_share_type":"","_twitter_share_type":"","_linkedin_share_type":"","_pinterest_share_type":"","_linkedin_share_type_page":"","_instagram_share_type":"","_medium_share_type":"","_threads_share_type":"","_google_business_share_type":"","_selected_social_profile":[],"_wpsp_enable_custom_social_template":false,"_wpsp_social_scheduling":{"enabled":false,"datetime":null,"platforms":[],"status":"template_only","dateOption":"today","timeOption":"now","customDays":"","customHours":"","customDate":"","customTime":"","schedulingType":"absolute"},"_wpsp_active_default_template":true},"product_brand":[],"product_cat":[42,174],"product_tag":[],"class_list":{"0":"post-3306","1":"product","2":"type-product","3":"status-publish","4":"has-post-thumbnail","6":"product_cat-multi-mode-fiber-coupled-laser-module","7":"product_cat-915nm-multi-mode-fiber-coupled-laser-module","9":"first","10":"instock","11":"shipping-taxable","12":"product-type-simple"},"aioseo_notices":[],"_links":{"self":[{"href":"https:\/\/laserdiode-ld.com\/de\/wp-json\/wp\/v2\/product\/3306","targetHints":{"allow":["GET"]}}],"collection":[{"href":"https:\/\/laserdiode-ld.com\/de\/wp-json\/wp\/v2\/product"}],"about":[{"href":"https:\/\/laserdiode-ld.com\/de\/wp-json\/wp\/v2\/types\/product"}],"replies":[{"embeddable":true,"href":"https:\/\/laserdiode-ld.com\/de\/wp-json\/wp\/v2\/comments?post=3306"}],"wp:featuredmedia":[{"embeddable":true,"href":"https:\/\/laserdiode-ld.com\/de\/wp-json\/wp\/v2\/media\/2858"}],"wp:attachment":[{"href":"https:\/\/laserdiode-ld.com\/de\/wp-json\/wp\/v2\/media?parent=3306"}],"wp:term":[{"taxonomy":"product_brand","embeddable":true,"href":"https:\/\/laserdiode-ld.com\/de\/wp-json\/wp\/v2\/product_brand?post=3306"},{"taxonomy":"product_cat","embeddable":true,"href":"https:\/\/laserdiode-ld.com\/de\/wp-json\/wp\/v2\/product_cat?post=3306"},{"taxonomy":"product_tag","embeddable":true,"href":"https:\/\/laserdiode-ld.com\/de\/wp-json\/wp\/v2\/product_tag?post=3306"}],"curies":[{"name":"wp","href":"https:\/\/api.w.org\/{rel}","templated":true}]}}