{"id":3257,"date":"2025-11-13T11:19:40","date_gmt":"2025-11-13T03:19:40","guid":{"rendered":"http:\/\/aserdiode-ld.com\/?post_type=product&#038;p=3257"},"modified":"2026-04-16T13:52:38","modified_gmt":"2026-04-16T05:52:38","slug":"808nm-8w-105um-fiber-2pin","status":"publish","type":"product","link":"https:\/\/laserdiode-ld.com\/de\/product\/808nm-8w-105um-fiber-2pin","title":{"rendered":"808nm | 8W | 105um Fiber | 2PIN"},"content":{"rendered":"<p>Wavespectrum Laser ist ein Hersteller von hochwertigen und leistungsstarken Diodenlaserprodukten. Wir haben uns der Entwicklung, Herstellung und dem Vertrieb von leistungsstarken Laserprodukten verschrieben. Der Wellenl\u00e4ngenbereich ist breit gef\u00e4chert, die Produktpalette vielf\u00e4ltig. Es sind Single-Mode-Fasern, Multi-Mode-Fasern und polarisationserhaltende Fasern erh\u00e4ltlich. Wir kontrollieren die Produktqualit\u00e4t streng und haben uns mit unserer herausragenden Leistung gro\u00dfes Lob von Kunden auf der ganzen Welt verdient.<\/p>\n<p>Wavespectrum Laser freut sich, Ihnen ein 808 nm 8 W 105 um MMF-Pigtail-Diodenlasermodul anbieten zu k\u00f6nnen. Dar\u00fcber hinaus sind wir in der Lage, verschiedene Leistungsversionen des 808 nm 105 um MMF-Pigtail-Diodenlasermoduls zu liefern, um den vielf\u00e4ltigen Anforderungen unserer Kunden gerecht zu werden. Dar\u00fcber hinaus bieten wir eine umfangreiche Auswahl an Laserprodukten mit \u00e4hnlichen Wellenl\u00e4ngen, wie z. B.: 840 nm, 850 nm, 860 nm, 905 nm, 940 nm und 1064 nm.<\/p>","protected":false},"excerpt":{"rendered":"<p>Das 808 nm 8 W 105 um MMF-Pigtail-Diodenlasermodul ist mit einem 2-Pin-Geh\u00e4use ausgestattet, wodurch eine kompakte Bauform gew\u00e4hrleistet ist. Es bietet optionale Funktionen wie eine Fotodiode und einen TE-K\u00fchler. Der Faserkern-Durchmesser des Lasermoduls betr\u00e4gt 105 \u00b5m und die numerische Apertur 0,22. F\u00fcr den Komfort des Kunden sind alternative Faseroptionen mit 50 \u00b5m, 200 \u00b5m und 400 \u00b5m Multimode-Fasern erh\u00e4ltlich. Das 808 nm 8 W 105 \u00b5m MMF Pigtail-Diodenlasermodul zeichnet sich durch hohe Kopplungseffizienz, \u00fcberlegene Leistung und eine lange Lebensdauer aus. Es ist f\u00fcr die einfache Integration in die Ger\u00e4te des Kunden konzipiert. Diese Art von Lasermodul wird mittlerweile in vielen Branchen eingesetzt und hat sich bei den Kunden einen guten Ruf erworben. Wavespectrum Laser bietet ma\u00dfgeschneiderte Anpassungsdienste f\u00fcr das 808 nm 105 \u00b5m MMF-Pigtail-Diodenlasermodul, um den speziellen Anforderungen jedes Kunden gerecht zu werden.<\/p>","protected":false},"featured_media":2858,"comment_status":"open","ping_status":"closed","template":"","meta":{"themepark_post_bcolor":"#f5f5f5","themepark_post_width":"1022px","themepark_post_img":"","themepark_post_img_po":"left","themepark_post_img_re":false,"themepark_post_img_cover":false,"themepark_post_img_fixed":false,"themepark_post_hide_title":false,"themepark_post_main_b":"","themepark_post_main_p":100,"themepark_paddingblock":false,"_wpscp_schedule_draft_date":"","_wpscp_schedule_republish_date":"","_wpscppro_advance_schedule":false,"_wpscppro_advance_schedule_date":"","_wpscppro_dont_share_socialmedia":false,"_wpscppro_custom_social_share_image":0,"_facebook_share_type":"","_twitter_share_type":"","_linkedin_share_type":"","_pinterest_share_type":"","_linkedin_share_type_page":"","_instagram_share_type":"","_medium_share_type":"","_threads_share_type":"","_google_business_share_type":"","_selected_social_profile":[],"_wpsp_enable_custom_social_template":false,"_wpsp_social_scheduling":{"enabled":false,"datetime":null,"platforms":[],"status":"template_only","dateOption":"today","timeOption":"now","customDays":"","customHours":"","customDate":"","customTime":"","schedulingType":"absolute"},"_wpsp_active_default_template":true},"product_brand":[],"product_cat":[42,168],"product_tag":[],"class_list":{"0":"post-3257","1":"product","2":"type-product","3":"status-publish","4":"has-post-thumbnail","6":"product_cat-multi-mode-fiber-coupled-laser-module","7":"product_cat-808nm-multi-mode-fiber-coupled-laser-module","9":"first","10":"instock","11":"shipping-taxable","12":"product-type-simple"},"aioseo_notices":[],"_links":{"self":[{"href":"https:\/\/laserdiode-ld.com\/de\/wp-json\/wp\/v2\/product\/3257","targetHints":{"allow":["GET"]}}],"collection":[{"href":"https:\/\/laserdiode-ld.com\/de\/wp-json\/wp\/v2\/product"}],"about":[{"href":"https:\/\/laserdiode-ld.com\/de\/wp-json\/wp\/v2\/types\/product"}],"replies":[{"embeddable":true,"href":"https:\/\/laserdiode-ld.com\/de\/wp-json\/wp\/v2\/comments?post=3257"}],"wp:featuredmedia":[{"embeddable":true,"href":"https:\/\/laserdiode-ld.com\/de\/wp-json\/wp\/v2\/media\/2858"}],"wp:attachment":[{"href":"https:\/\/laserdiode-ld.com\/de\/wp-json\/wp\/v2\/media?parent=3257"}],"wp:term":[{"taxonomy":"product_brand","embeddable":true,"href":"https:\/\/laserdiode-ld.com\/de\/wp-json\/wp\/v2\/product_brand?post=3257"},{"taxonomy":"product_cat","embeddable":true,"href":"https:\/\/laserdiode-ld.com\/de\/wp-json\/wp\/v2\/product_cat?post=3257"},{"taxonomy":"product_tag","embeddable":true,"href":"https:\/\/laserdiode-ld.com\/de\/wp-json\/wp\/v2\/product_tag?post=3257"}],"curies":[{"name":"wp","href":"https:\/\/api.w.org\/{rel}","templated":true}]}}