{"id":3253,"date":"2025-11-13T11:17:26","date_gmt":"2025-11-13T03:17:26","guid":{"rendered":"http:\/\/aserdiode-ld.com\/?post_type=product&#038;p=3253"},"modified":"2026-04-16T13:52:21","modified_gmt":"2026-04-16T05:52:21","slug":"808nm-4w-105um-fiber-9pin-tec-pd","status":"publish","type":"product","link":"https:\/\/laserdiode-ld.com\/de\/product\/808nm-4w-105um-fiber-9pin-tec-pd","title":{"rendered":"808nm | 4W | 105um Fiber | 9PIN | TEC | PD"},"content":{"rendered":"<p>Wavespectrum Laser ist ein Hersteller von hochwertigen und leistungsstarken Diodenlaserprodukten. Wir haben uns der Entwicklung, Herstellung und dem Vertrieb von leistungsstarken Laserprodukten verschrieben. Der Wellenl\u00e4ngenbereich ist breit gef\u00e4chert, die Produktpalette vielf\u00e4ltig. Es sind Single-Mode-Fasern, Multi-Mode-Fasern und polarisationserhaltende Fasern erh\u00e4ltlich. Wir kontrollieren die Produktqualit\u00e4t streng und haben uns mit unserer herausragenden Leistung gro\u00dfes Lob von Kunden auf der ganzen Welt verdient.<\/p>\n<p>Wavespectrum Laser kann die 808nm 4W 9-Pin mit TEC fasergekoppelten Laserdiodenmodul anbieten, und wir k\u00f6nnen auch die verschiedenen Leistungsversion 808nm 9-Pin mit TEC fasergekoppelten Laserdiodenmodul an Kunden liefern. F\u00fcr die nahen Wellenl\u00e4ngen-Laserprodukte k\u00f6nnen wir auch die 808nm, 820nm, 830nm, 835nm, 850nm, 860nm, 940nm, 985nm und 1040nm Laserprodukte f\u00fcr Kunden anbieten.<\/p>","protected":false},"excerpt":{"rendered":"<p>808nm 4W 9-Pin mit TEC fasergekoppelte Laserdiode Modul ist die TE K\u00fchler, Thermistor und Photodiode enthalten, ist es vor allem in hoher Pr\u00e4zision und hoher Stabilit\u00e4t Ausr\u00fcstung verwendet. Der Faserkern des Lasermoduls ist 105um, und die numerische Apertur der Faser ist 0,22, der SMA905, FC, ST und SC Faseranschluss ist optional. Dieses 808nm 4W 9-Pin mit TEC fasergekoppelte Laserdiodenmodul hat eine hohe Kopplungseffizienz und hohe Leistung, wodurch es in vielen Bereichen einfach zu verwenden ist. Dieses Lasermodul ist mit TE-K\u00fchler und Thermistor, ist es einfach f\u00fcr die Kunden, um die Betriebstemperatur zu kontrollieren, und dieses Lasermodul ist die Photodiode enthalten, ist es einfach f\u00fcr die Kunden, um die Ausgangsleistung zu \u00fcberwachen, kann Wavespectrum Laser auch die andere Leistung Version 808nm 9-Pin mit TEC fasergekoppelten Laserdiodenmodul nach den Anforderungen des Kunden anpassen.<\/p>","protected":false},"featured_media":2858,"comment_status":"open","ping_status":"closed","template":"","meta":{"themepark_post_bcolor":"#f5f5f5","themepark_post_width":"1022px","themepark_post_img":"","themepark_post_img_po":"left","themepark_post_img_re":false,"themepark_post_img_cover":false,"themepark_post_img_fixed":false,"themepark_post_hide_title":false,"themepark_post_main_b":"","themepark_post_main_p":100,"themepark_paddingblock":false,"_wpscp_schedule_draft_date":"","_wpscp_schedule_republish_date":"","_wpscppro_advance_schedule":false,"_wpscppro_advance_schedule_date":"","_wpscppro_dont_share_socialmedia":false,"_wpscppro_custom_social_share_image":0,"_facebook_share_type":"","_twitter_share_type":"","_linkedin_share_type":"","_pinterest_share_type":"","_linkedin_share_type_page":"","_instagram_share_type":"","_medium_share_type":"","_threads_share_type":"","_google_business_share_type":"","_selected_social_profile":[],"_wpsp_enable_custom_social_template":false,"_wpsp_social_scheduling":{"enabled":false,"datetime":null,"platforms":[],"status":"template_only","dateOption":"today","timeOption":"now","customDays":"","customHours":"","customDate":"","customTime":"","schedulingType":"absolute"},"_wpsp_active_default_template":true},"product_brand":[],"product_cat":[42,168],"product_tag":[],"class_list":{"0":"post-3253","1":"product","2":"type-product","3":"status-publish","4":"has-post-thumbnail","6":"product_cat-multi-mode-fiber-coupled-laser-module","7":"product_cat-808nm-multi-mode-fiber-coupled-laser-module","9":"first","10":"instock","11":"shipping-taxable","12":"product-type-simple"},"aioseo_notices":[],"_links":{"self":[{"href":"https:\/\/laserdiode-ld.com\/de\/wp-json\/wp\/v2\/product\/3253","targetHints":{"allow":["GET"]}}],"collection":[{"href":"https:\/\/laserdiode-ld.com\/de\/wp-json\/wp\/v2\/product"}],"about":[{"href":"https:\/\/laserdiode-ld.com\/de\/wp-json\/wp\/v2\/types\/product"}],"replies":[{"embeddable":true,"href":"https:\/\/laserdiode-ld.com\/de\/wp-json\/wp\/v2\/comments?post=3253"}],"wp:featuredmedia":[{"embeddable":true,"href":"https:\/\/laserdiode-ld.com\/de\/wp-json\/wp\/v2\/media\/2858"}],"wp:attachment":[{"href":"https:\/\/laserdiode-ld.com\/de\/wp-json\/wp\/v2\/media?parent=3253"}],"wp:term":[{"taxonomy":"product_brand","embeddable":true,"href":"https:\/\/laserdiode-ld.com\/de\/wp-json\/wp\/v2\/product_brand?post=3253"},{"taxonomy":"product_cat","embeddable":true,"href":"https:\/\/laserdiode-ld.com\/de\/wp-json\/wp\/v2\/product_cat?post=3253"},{"taxonomy":"product_tag","embeddable":true,"href":"https:\/\/laserdiode-ld.com\/de\/wp-json\/wp\/v2\/product_tag?post=3253"}],"curies":[{"name":"wp","href":"https:\/\/api.w.org\/{rel}","templated":true}]}}