{"id":3247,"date":"2025-11-13T11:07:06","date_gmt":"2025-11-13T03:07:06","guid":{"rendered":"http:\/\/aserdiode-ld.com\/?post_type=product&#038;p=3247"},"modified":"2026-04-16T13:51:57","modified_gmt":"2026-04-16T05:51:57","slug":"808nm-2w-50um-fiber-14pin-butterfly-tec-pd","status":"publish","type":"product","link":"https:\/\/laserdiode-ld.com\/de\/product\/808nm-2w-50um-fiber-14pin-butterfly-tec-pd","title":{"rendered":"808nm | 2W | 50um Fiber | 14PIN Butterfly | TEC | PD"},"content":{"rendered":"<p>Wavespectrum Laser ist ein Hersteller von hochwertigen und leistungsstarken Diodenlaserprodukten. Wir haben uns der Entwicklung, Herstellung und dem Vertrieb von leistungsstarken Laserprodukten verschrieben. Der Wellenl\u00e4ngenbereich ist breit gef\u00e4chert, die Produktpalette vielf\u00e4ltig. Es sind Single-Mode-Fasern, Multi-Mode-Fasern und polarisationserhaltende Fasern erh\u00e4ltlich. Wir kontrollieren die Produktqualit\u00e4t streng und haben uns mit unserer herausragenden Leistung gro\u00dfes Lob von Kunden auf der ganzen Welt verdient.<\/p>\n<p>Wavespectrum Laser ist stolz darauf, das 808 nm 2 W 50 um mit TEC 14-Pin-Butterfly-Faser-gekoppeltem Laserdiodenmodul anbieten zu k\u00f6nnen. Dar\u00fcber hinaus sind wir in der Lage, kundenspezifische Leistungsvarianten des 808 nm mit TEC 14-Pin-Butterfly-Faser-gekoppeltem Laserdiodenmoduls gem\u00e4\u00df den Anforderungen des Kunden anzubieten. Dar\u00fcber hinaus bieten wir eine breite Palette an Lasern mit \u00e4hnlichen Wellenl\u00e4ngen an, darunter 375 nm, 395 nm, 400 nm, 420 nm, 435 nm, 455 nm, 465 nm, 488 nm, 495 nm und 505 nm.<\/p>","protected":false},"excerpt":{"rendered":"<p>Das 808 nm 2 W 50 um mit TEC 14-Pin-Butterfly-Faser-gekoppeltem Laserdiodenmodul ist ein violetter Halbleiterlaser. Es hat eine kompakte Produktgr\u00f6\u00dfe und umfasst einen TE-K\u00fchler, einen Thermistor und eine Fotodiode, wodurch es f\u00fcr Kunden sehr bequem ist, die Betriebstemperatur zu regeln und die Ausgangsleistung zu \u00fcberwachen. Das 808 nm 2 W 50 \u00b5m mit TEC 14-Pin-Butterfly-Faser gekoppelte Laserdiodenmodul verf\u00fcgt \u00fcber eine hohe Kopplungseffizienz und eine lange Lebensdauer und l\u00e4sst sich sehr einfach in die Ger\u00e4te des Kunden integrieren. Es wird von einer gro\u00dfen Anzahl industrieller und wissenschaftlicher Anwender gew\u00e4hlt. Die 14-Pin-Butterfly-Lasermodule werden h\u00e4ufig in der industriellen Verarbeitung, Laserdisplays, Sensorik, Medizin, Unterhaltungselektronik, Kommunikation und wissenschaftlichen Forschung eingesetzt. Wavespectrum Laser ist in der Lage, ma\u00dfgeschneiderte L\u00f6sungen f\u00fcr 808 nm mit TEC 14-Pin-Butterfly-Laserdiodenmodul mit Faserkopplung anzubieten, die auf die individuellen Anforderungen unserer Kunden zugeschnitten sind.<\/p>","protected":false},"featured_media":2858,"comment_status":"open","ping_status":"closed","template":"","meta":{"themepark_post_bcolor":"#f5f5f5","themepark_post_width":"1022px","themepark_post_img":"","themepark_post_img_po":"left","themepark_post_img_re":false,"themepark_post_img_cover":false,"themepark_post_img_fixed":false,"themepark_post_hide_title":false,"themepark_post_main_b":"","themepark_post_main_p":100,"themepark_paddingblock":false,"_wpscp_schedule_draft_date":"","_wpscp_schedule_republish_date":"","_wpscppro_advance_schedule":false,"_wpscppro_advance_schedule_date":"","_wpscppro_dont_share_socialmedia":false,"_wpscppro_custom_social_share_image":0,"_facebook_share_type":"","_twitter_share_type":"","_linkedin_share_type":"","_pinterest_share_type":"","_linkedin_share_type_page":"","_instagram_share_type":"","_medium_share_type":"","_threads_share_type":"","_google_business_share_type":"","_selected_social_profile":[],"_wpsp_enable_custom_social_template":false,"_wpsp_social_scheduling":{"enabled":false,"datetime":null,"platforms":[],"status":"template_only","dateOption":"today","timeOption":"now","customDays":"","customHours":"","customDate":"","customTime":"","schedulingType":"absolute"},"_wpsp_active_default_template":true},"product_brand":[],"product_cat":[42,168],"product_tag":[],"class_list":{"0":"post-3247","1":"product","2":"type-product","3":"status-publish","4":"has-post-thumbnail","6":"product_cat-multi-mode-fiber-coupled-laser-module","7":"product_cat-808nm-multi-mode-fiber-coupled-laser-module","9":"first","10":"instock","11":"shipping-taxable","12":"product-type-simple"},"aioseo_notices":[],"_links":{"self":[{"href":"https:\/\/laserdiode-ld.com\/de\/wp-json\/wp\/v2\/product\/3247","targetHints":{"allow":["GET"]}}],"collection":[{"href":"https:\/\/laserdiode-ld.com\/de\/wp-json\/wp\/v2\/product"}],"about":[{"href":"https:\/\/laserdiode-ld.com\/de\/wp-json\/wp\/v2\/types\/product"}],"replies":[{"embeddable":true,"href":"https:\/\/laserdiode-ld.com\/de\/wp-json\/wp\/v2\/comments?post=3247"}],"wp:featuredmedia":[{"embeddable":true,"href":"https:\/\/laserdiode-ld.com\/de\/wp-json\/wp\/v2\/media\/2858"}],"wp:attachment":[{"href":"https:\/\/laserdiode-ld.com\/de\/wp-json\/wp\/v2\/media?parent=3247"}],"wp:term":[{"taxonomy":"product_brand","embeddable":true,"href":"https:\/\/laserdiode-ld.com\/de\/wp-json\/wp\/v2\/product_brand?post=3247"},{"taxonomy":"product_cat","embeddable":true,"href":"https:\/\/laserdiode-ld.com\/de\/wp-json\/wp\/v2\/product_cat?post=3247"},{"taxonomy":"product_tag","embeddable":true,"href":"https:\/\/laserdiode-ld.com\/de\/wp-json\/wp\/v2\/product_tag?post=3247"}],"curies":[{"name":"wp","href":"https:\/\/api.w.org\/{rel}","templated":true}]}}