{"id":3130,"date":"2025-11-12T13:48:54","date_gmt":"2025-11-12T05:48:54","guid":{"rendered":"http:\/\/aserdiode-ld.com\/?post_type=product&#038;p=3130"},"modified":"2025-11-17T15:20:42","modified_gmt":"2025-11-17T07:20:42","slug":"635-nm-400-mw-105-%c2%b5m-fasergekoppeltes-laserdiodenmodul","status":"publish","type":"product","link":"https:\/\/laserdiode-ld.com\/de\/product\/635-nm-400-mw-105-%c2%b5m-fasergekoppeltes-laserdiodenmodul","title":{"rendered":"635 nm, 400 mW, 105 \u00b5m"},"content":{"rendered":"<p>Wavespectrum Laser ist ein Hersteller von hochwertigen und leistungsstarken Diodenlaserprodukten. Wir haben uns der Entwicklung, Herstellung und dem Vertrieb von leistungsstarken Laserprodukten verschrieben. Der Wellenl\u00e4ngenbereich ist breit gef\u00e4chert, die Produktpalette vielf\u00e4ltig. Es sind Single-Mode-Fasern, Multi-Mode-Fasern und polarisationserhaltende Fasern erh\u00e4ltlich. Wir kontrollieren die Produktqualit\u00e4t streng und haben uns mit unserer herausragenden Leistung gro\u00dfes Lob von Kunden auf der ganzen Welt verdient.<\/p>\n<p>Wavespectrum Laser bietet das 635 nm\/400 mW\/105 \u00b5m fasergekoppelte Laserdiodenmodul an und kann Kunden auch verschiedene Leistungsversionen des 635 nm\/105 \u00b5m fasergekoppelten Laserdiodenmoduls liefern. F\u00fcr Laserprodukte mit nahen Wellenl\u00e4ngen k\u00f6nnen wir unseren Kunden auch Laserprodukte mit 465 nm, 505 nm, 520 nm, 532 nm und 630 nm anbieten.<\/p>","protected":false},"excerpt":{"rendered":"<p>Das 635 nm\/400 mW\/105 \u00b5m fasergekoppelte Laserdiodenmodul verf\u00fcgt \u00fcber ein B82-Geh\u00e4use, ist kompakt und kann optional mit einer Fotodiode und einem TE-K\u00fchler ausgestattet werden. Der Faserkern dieses Lasermoduls betr\u00e4gt 105 \u00b5m, die numerische Apertur der Faser betr\u00e4gt 0,22. Wenn Kunden die Faser wechseln m\u00f6chten, ist dies ebenfalls m\u00f6glich, da auch Multimode-Fasern mit 50 \u00b5m, 200 \u00b5m und 400 \u00b5m erh\u00e4ltlich sind. Dieses 635 nm\/400 mW\/105 \u00b5m fasergekoppelte Laserdiodenmodul zeichnet sich durch hohe Kopplungseffizienz, hohe Leistung und lange Lebensdauer aus und l\u00e4sst sich leicht in Kundenvorrichtungen integrieren. Derzeit wird dieser Lasermodultyp in einer Vielzahl von Bereichen eingesetzt und von Kunden sehr gesch\u00e4tzt. Wavespectrum Laser kann auch andere Leistungsversionen von 635 nm 105 \u00b5m fasergekoppelten Laserdiodenmodulen nach Kundenwunsch anpassen.<\/p>","protected":false},"featured_media":2858,"comment_status":"open","ping_status":"closed","template":"","meta":{"themepark_post_bcolor":"#f5f5f5","themepark_post_width":"1022px","themepark_post_img":"","themepark_post_img_po":"left","themepark_post_img_re":false,"themepark_post_img_cover":false,"themepark_post_img_fixed":false,"themepark_post_hide_title":false,"themepark_post_main_b":"","themepark_post_main_p":100,"themepark_paddingblock":false,"_wpscp_schedule_draft_date":"","_wpscp_schedule_republish_date":"","_wpscppro_advance_schedule":false,"_wpscppro_advance_schedule_date":"","_wpscppro_dont_share_socialmedia":false,"_wpscppro_custom_social_share_image":0,"_facebook_share_type":"","_twitter_share_type":"","_linkedin_share_type":"","_pinterest_share_type":"","_linkedin_share_type_page":"","_instagram_share_type":"","_medium_share_type":"","_threads_share_type":"","_google_business_share_type":"","_selected_social_profile":[],"_wpsp_enable_custom_social_template":false,"_wpsp_social_scheduling":{"enabled":false,"datetime":null,"platforms":[],"status":"template_only","dateOption":"today","timeOption":"now","customDays":"","customHours":"","customDate":"","customTime":"","schedulingType":"absolute"},"_wpsp_active_default_template":true},"product_brand":[],"product_cat":[42,158],"product_tag":[],"class_list":{"0":"post-3130","1":"product","2":"type-product","3":"status-publish","4":"has-post-thumbnail","6":"product_cat-multi-mode-fiber-coupled-laser-module","7":"product_cat-635nm-multi-mode-fiber-coupled-laser-module","9":"first","10":"instock","11":"shipping-taxable","12":"product-type-simple"},"aioseo_notices":[],"_links":{"self":[{"href":"https:\/\/laserdiode-ld.com\/de\/wp-json\/wp\/v2\/product\/3130","targetHints":{"allow":["GET"]}}],"collection":[{"href":"https:\/\/laserdiode-ld.com\/de\/wp-json\/wp\/v2\/product"}],"about":[{"href":"https:\/\/laserdiode-ld.com\/de\/wp-json\/wp\/v2\/types\/product"}],"replies":[{"embeddable":true,"href":"https:\/\/laserdiode-ld.com\/de\/wp-json\/wp\/v2\/comments?post=3130"}],"wp:featuredmedia":[{"embeddable":true,"href":"https:\/\/laserdiode-ld.com\/de\/wp-json\/wp\/v2\/media\/2858"}],"wp:attachment":[{"href":"https:\/\/laserdiode-ld.com\/de\/wp-json\/wp\/v2\/media?parent=3130"}],"wp:term":[{"taxonomy":"product_brand","embeddable":true,"href":"https:\/\/laserdiode-ld.com\/de\/wp-json\/wp\/v2\/product_brand?post=3130"},{"taxonomy":"product_cat","embeddable":true,"href":"https:\/\/laserdiode-ld.com\/de\/wp-json\/wp\/v2\/product_cat?post=3130"},{"taxonomy":"product_tag","embeddable":true,"href":"https:\/\/laserdiode-ld.com\/de\/wp-json\/wp\/v2\/product_tag?post=3130"}],"curies":[{"name":"wp","href":"https:\/\/api.w.org\/{rel}","templated":true}]}}