{"id":312,"date":"2025-09-01T16:29:04","date_gmt":"2025-09-01T08:29:04","guid":{"rendered":"http:\/\/themetest6.local\/?post_type=product&#038;p=312"},"modified":"2025-11-05T11:12:27","modified_gmt":"2025-11-05T03:12:27","slug":"405-nm-20-mw-singlemode-laserdiode","status":"publish","type":"product","link":"https:\/\/laserdiode-ld.com\/de\/product\/405-nm-20-mw-singlemode-laserdiode","title":{"rendered":"405 nm 20 mW 5,6 nm"},"content":{"rendered":"<p>Wavespectrum Laser ist ein Hersteller von hochwertigen und leistungsstarken Diodenlaserprodukten. Wir haben uns der Entwicklung, Herstellung und dem Vertrieb von leistungsstarken Laserprodukten verschrieben. Der Wellenl\u00e4ngenbereich ist breit gef\u00e4chert, die Produktpalette vielf\u00e4ltig. Es sind Single-Mode-Fasern, Multi-Mode-Fasern und polarisationserhaltende Fasern erh\u00e4ltlich. Wir kontrollieren die Produktqualit\u00e4t streng und haben uns mit unserer herausragenden Leistung gro\u00dfes Lob von Kunden auf der ganzen Welt verdient.<\/p>\n<p>Wavespectrum Laser bietet die 405 nm 20 mW Single-Mode-Laserdiode an, und wir k\u00f6nnen unseren Kunden auch 405 nm SM-Laserdioden mit unterschiedlichen Leistungsstufen liefern. F\u00fcr Laserdioden mit nahen Wellenl\u00e4ngen k\u00f6nnen wir unseren Kunden Laserdioden mit 445 nm, 480 nm, 488 nm, 495 nm, 505 nm, 520 nm, 635 nm und 660 nm anbieten.<\/p>","protected":false},"excerpt":{"rendered":"<p>Die WAVESPECTRUM GROUP wurde 1999 gegr\u00fcndet. Sie besteht aus einer Gruppe erfahrener und innovativer Experten auf den Gebieten 405 nm 20 mW. <a class=\"wpil_keyword_link\" href=\"https:\/\/laserdiode-ld.com\/single-mode-laser-diode\"   title=\"Einmoden-Laserdiode\" data-wpil-keyword-link=\"linked\"  data-wpil-monitor-id=\"30\">Einmoden-Laserdiode<\/a>, Materialwissenschaften, Elektronik und Maschinenbau. Das Unternehmen hat eine solide Zusammenarbeit mit einigen renommierten Universit\u00e4ten, Forschungsinstituten und Labors aufgebaut.<\/p>","protected":false},"featured_media":1039,"comment_status":"open","ping_status":"closed","template":"","meta":{"themepark_post_bcolor":"#f5f5f5","themepark_post_width":"1022px","themepark_post_img":"","themepark_post_img_po":"left","themepark_post_img_re":false,"themepark_post_img_cover":false,"themepark_post_img_fixed":false,"themepark_post_hide_title":false,"themepark_post_main_b":"","themepark_post_main_p":100,"themepark_paddingblock":false,"_wpscp_schedule_draft_date":"","_wpscp_schedule_republish_date":"","_wpscppro_advance_schedule":false,"_wpscppro_advance_schedule_date":"","_wpscppro_dont_share_socialmedia":false,"_wpscppro_custom_social_share_image":0,"_facebook_share_type":"","_twitter_share_type":"","_linkedin_share_type":"","_pinterest_share_type":"","_linkedin_share_type_page":"","_instagram_share_type":"","_medium_share_type":"","_threads_share_type":"","_google_business_share_type":"","_selected_social_profile":[],"_wpsp_enable_custom_social_template":false,"_wpsp_social_scheduling":{"enabled":false,"datetime":null,"platforms":[],"status":"template_only","dateOption":"today","timeOption":"now","customDays":"","customHours":"","customDate":"","customTime":"","schedulingType":"absolute"},"_wpsp_active_default_template":true},"product_brand":[],"product_cat":[29,55],"product_tag":[],"class_list":{"0":"post-312","1":"product","2":"type-product","3":"status-publish","4":"has-post-thumbnail","6":"product_cat-single-mode-laser-diode","7":"product_cat-405nm-single-mode-laser-diode","9":"first","10":"instock","11":"shipping-taxable","12":"product-type-simple"},"aioseo_notices":[],"_links":{"self":[{"href":"https:\/\/laserdiode-ld.com\/de\/wp-json\/wp\/v2\/product\/312","targetHints":{"allow":["GET"]}}],"collection":[{"href":"https:\/\/laserdiode-ld.com\/de\/wp-json\/wp\/v2\/product"}],"about":[{"href":"https:\/\/laserdiode-ld.com\/de\/wp-json\/wp\/v2\/types\/product"}],"replies":[{"embeddable":true,"href":"https:\/\/laserdiode-ld.com\/de\/wp-json\/wp\/v2\/comments?post=312"}],"wp:featuredmedia":[{"embeddable":true,"href":"https:\/\/laserdiode-ld.com\/de\/wp-json\/wp\/v2\/media\/1039"}],"wp:attachment":[{"href":"https:\/\/laserdiode-ld.com\/de\/wp-json\/wp\/v2\/media?parent=312"}],"wp:term":[{"taxonomy":"product_brand","embeddable":true,"href":"https:\/\/laserdiode-ld.com\/de\/wp-json\/wp\/v2\/product_brand?post=312"},{"taxonomy":"product_cat","embeddable":true,"href":"https:\/\/laserdiode-ld.com\/de\/wp-json\/wp\/v2\/product_cat?post=312"},{"taxonomy":"product_tag","embeddable":true,"href":"https:\/\/laserdiode-ld.com\/de\/wp-json\/wp\/v2\/product_tag?post=312"}],"curies":[{"name":"wp","href":"https:\/\/api.w.org\/{rel}","templated":true}]}}