{"id":3117,"date":"2025-11-12T13:38:19","date_gmt":"2025-11-12T05:38:19","guid":{"rendered":"http:\/\/aserdiode-ld.com\/?post_type=product&#038;p=3117"},"modified":"2025-11-17T15:20:10","modified_gmt":"2025-11-17T07:20:10","slug":"633-nm-1-w-hohe-leistung-9-polig-200-%c2%b5m-glasfaser-pigtail-diodenlasermodul","status":"publish","type":"product","link":"https:\/\/laserdiode-ld.com\/de\/product\/633-nm-1-w-hohe-leistung-9-polig-200-%c2%b5m-glasfaser-pigtail-diodenlasermodul","title":{"rendered":"633 nm, 1 W, hohe Leistung, 9-polig, 200 \u00b5m, mit Pigtail-Faser"},"content":{"rendered":"<p>Wavespectrum Laser ist ein Hersteller von hochwertigen und leistungsstarken Diodenlaserprodukten. Wir haben uns der Entwicklung, Herstellung und dem Vertrieb von leistungsstarken Laserprodukten verschrieben. Der Wellenl\u00e4ngenbereich ist breit gef\u00e4chert, die Produktpalette vielf\u00e4ltig. Es sind Single-Mode-Fasern, Multi-Mode-Fasern und polarisationserhaltende Fasern erh\u00e4ltlich. Wir kontrollieren die Produktqualit\u00e4t streng und haben uns mit unserer herausragenden Leistung gro\u00dfes Lob von Kunden auf der ganzen Welt verdient.<\/p>\n<p>Wavespectrum Laser freut sich, das 633 nm 1 W Hochleistungs-9-Pin-200-\u00b5m-Faser-Pigtail-Diodenlasermodul vorstellen zu k\u00f6nnen. Wir sind auch in der Lage, verschiedene Leistungsversionen des 633 nm Hochleistungs-9-Pin-200-\u00b5m-Faser-Pigtail-Diodenlasermoduls anzubieten, um den vielf\u00e4ltigen Anforderungen unserer Kunden gerecht zu werden. Dar\u00fcber hinaus bieten wir eine umfangreiche Auswahl an Laserprodukten mit \u00e4hnlichen Wellenl\u00e4ngen, wie z. B.: 375 nm, 395 nm, 400 nm, 420 nm, 435 nm, 455 nm, 465 nm, 488 nm, 505 nm und 520 nm.<\/p>","protected":false},"excerpt":{"rendered":"<p>Das 633 nm 1 W Hochleistungs-9-Pin-200-\u00b5m-Faser-Pigtail-Diodenlasermodul verf\u00fcgt \u00fcber einen thermoelektrischen K\u00fchler, einen Thermistor und eine Fotodiode und ist f\u00fcr hochpr\u00e4zise und stabile Ger\u00e4te ausgelegt. Es verf\u00fcgt \u00fcber einen Faserkern-Durchmesser von 200 \u00b5m und eine numerische Apertur von 0,22 sowie verschiedene Faseranschlussoptionen wie SMA905, FC, ST und SC. Das 633 nm 1 W Hochleistungs-9-Pin-200-\u00b5m-Faser-Pigtail-Diodenlasermodul ist bekannt f\u00fcr seine hohe Kopplungseffizienz und Leistung, was es zu einer ausgezeichneten Wahl f\u00fcr eine Vielzahl von Anwendungen macht. Sein integrierter TEC und Thermistor erleichtern die Temperaturregelung, w\u00e4hrend die Fotodiode eine effektive \u00dcberwachung der Ausgangsleistung erm\u00f6glicht. Wavespectrum Laser bietet Anpassungen f\u00fcr das 633 nm Hochleistungs-9-Pin-200-um-Faser-Pigtail-Diodenlasermodul an, um es an spezielle Kundenanforderungen anzupassen.<\/p>","protected":false},"featured_media":2858,"comment_status":"open","ping_status":"closed","template":"","meta":{"themepark_post_bcolor":"#f5f5f5","themepark_post_width":"1022px","themepark_post_img":"","themepark_post_img_po":"left","themepark_post_img_re":false,"themepark_post_img_cover":false,"themepark_post_img_fixed":false,"themepark_post_hide_title":false,"themepark_post_main_b":"","themepark_post_main_p":100,"themepark_paddingblock":false,"_wpscp_schedule_draft_date":"","_wpscp_schedule_republish_date":"","_wpscppro_advance_schedule":false,"_wpscppro_advance_schedule_date":"","_wpscppro_dont_share_socialmedia":false,"_wpscppro_custom_social_share_image":0,"_facebook_share_type":"","_twitter_share_type":"","_linkedin_share_type":"","_pinterest_share_type":"","_linkedin_share_type_page":"","_instagram_share_type":"","_medium_share_type":"","_threads_share_type":"","_google_business_share_type":"","_selected_social_profile":[],"_wpsp_enable_custom_social_template":false,"_wpsp_social_scheduling":{"enabled":false,"datetime":null,"platforms":[],"status":"template_only","dateOption":"today","timeOption":"now","customDays":"","customHours":"","customDate":"","customTime":"","schedulingType":"absolute"},"_wpsp_active_default_template":true},"product_brand":[],"product_cat":[42,157],"product_tag":[],"class_list":{"0":"post-3117","1":"product","2":"type-product","3":"status-publish","4":"has-post-thumbnail","6":"product_cat-multi-mode-fiber-coupled-laser-module","7":"product_cat-633nm-multi-mode-fiber-coupled-laser-module","9":"first","10":"instock","11":"shipping-taxable","12":"product-type-simple"},"aioseo_notices":[],"_links":{"self":[{"href":"https:\/\/laserdiode-ld.com\/de\/wp-json\/wp\/v2\/product\/3117","targetHints":{"allow":["GET"]}}],"collection":[{"href":"https:\/\/laserdiode-ld.com\/de\/wp-json\/wp\/v2\/product"}],"about":[{"href":"https:\/\/laserdiode-ld.com\/de\/wp-json\/wp\/v2\/types\/product"}],"replies":[{"embeddable":true,"href":"https:\/\/laserdiode-ld.com\/de\/wp-json\/wp\/v2\/comments?post=3117"}],"wp:featuredmedia":[{"embeddable":true,"href":"https:\/\/laserdiode-ld.com\/de\/wp-json\/wp\/v2\/media\/2858"}],"wp:attachment":[{"href":"https:\/\/laserdiode-ld.com\/de\/wp-json\/wp\/v2\/media?parent=3117"}],"wp:term":[{"taxonomy":"product_brand","embeddable":true,"href":"https:\/\/laserdiode-ld.com\/de\/wp-json\/wp\/v2\/product_brand?post=3117"},{"taxonomy":"product_cat","embeddable":true,"href":"https:\/\/laserdiode-ld.com\/de\/wp-json\/wp\/v2\/product_cat?post=3117"},{"taxonomy":"product_tag","embeddable":true,"href":"https:\/\/laserdiode-ld.com\/de\/wp-json\/wp\/v2\/product_tag?post=3117"}],"curies":[{"name":"wp","href":"https:\/\/api.w.org\/{rel}","templated":true}]}}